
{"id":8269,"date":"2021-10-12T17:40:14","date_gmt":"2021-10-12T17:40:14","guid":{"rendered":"https:\/\/dev.eunitecidos.pt\/?post_type=product&#038;p=8269"},"modified":"2025-01-22T12:08:14","modified_gmt":"2025-01-22T12:08:14","slug":"veludo-liso-bege","status":"publish","type":"product","link":"https:\/\/dev.eunitecidos.pt\/en\/loja\/cores\/veludo-liso-bege\/","title":{"rendered":"Velvet | Plain | Beige"},"content":{"rendered":"<p>Velvet | Plain | Beige<\/p>\n<p><span style=\"font-size: 14.4px\">Short-haired fabric, very soft to the touch.<\/span><\/p>\n<p>Ideal for clothing, decorative work or creative sewing.<\/p>\n<p>100% Polyester<\/p>\n<p>1.50 Width<\/p>","protected":false},"excerpt":{"rendered":"<p>Veludo | Liso | Bege Tecido de p\u00ealo curto, muito suave ao toque. Ideal para vestu\u00e1rio, trabalhos de decora\u00e7\u00e3o ou costura criativa. 100% Poli\u00e9ster 1,50 Largura<\/p>","protected":false},"featured_media":8265,"comment_status":"closed","ping_status":"closed","template":"","meta":{"_seopress_robots_primary_cat":"122","_seopress_titles_title":"Tecido Veludo Bege 100% Poli\u00e9ster 1,50 Largura","_seopress_titles_desc":"Descubra o tecido de p\u00ealo curto muito suave ao toque, ideal para vestu\u00e1rio, decora\u00e7\u00e3o ou costura criativa. Feito em 100% poli\u00e9ster, 1,50 de largura.","_seopress_robots_index":""},"product_brand":[],"product_cat":[325,122,1696,1695,69,2568],"product_tag":[707,1745,319,706,677,1719,1722,378],"class_list":{"0":"post-8269","1":"product","2":"type-product","3":"status-publish","4":"has-post-thumbnail","6":"product_cat-bege","7":"product_cat-cores","8":"product_cat-lisos-tecidos-de-vestuario","9":"product_cat-tecidos-de-vestuario","10":"product_cat-texteis","11":"product_cat-veludos","12":"product_tag-100-poliester","13":"product_tag-artesanato","14":"product_tag-bege","15":"product_tag-decoracao","16":"product_tag-liso","17":"product_tag-toque-suave","18":"product_tag-veludo","19":"product_tag-vestuario","21":"first","22":"instock","23":"taxable","24":"shipping-taxable","25":"purchasable","26":"product-type-simple"},"_links":{"self":[{"href":"https:\/\/dev.eunitecidos.pt\/en\/wp-json\/wp\/v2\/product\/8269","targetHints":{"allow":["GET"]}}],"collection":[{"href":"https:\/\/dev.eunitecidos.pt\/en\/wp-json\/wp\/v2\/product"}],"about":[{"href":"https:\/\/dev.eunitecidos.pt\/en\/wp-json\/wp\/v2\/types\/product"}],"replies":[{"embeddable":true,"href":"https:\/\/dev.eunitecidos.pt\/en\/wp-json\/wp\/v2\/comments?post=8269"}],"wp:featuredmedia":[{"embeddable":true,"href":"https:\/\/dev.eunitecidos.pt\/en\/wp-json\/wp\/v2\/media\/8265"}],"wp:attachment":[{"href":"https:\/\/dev.eunitecidos.pt\/en\/wp-json\/wp\/v2\/media?parent=8269"}],"wp:term":[{"taxonomy":"product_brand","embeddable":true,"href":"https:\/\/dev.eunitecidos.pt\/en\/wp-json\/wp\/v2\/product_brand?post=8269"},{"taxonomy":"product_cat","embeddable":true,"href":"https:\/\/dev.eunitecidos.pt\/en\/wp-json\/wp\/v2\/product_cat?post=8269"},{"taxonomy":"product_tag","embeddable":true,"href":"https:\/\/dev.eunitecidos.pt\/en\/wp-json\/wp\/v2\/product_tag?post=8269"}],"curies":[{"name":"wp","href":"https:\/\/api.w.org\/{rel}","templated":true}]}}