
{"id":9423,"date":"2021-11-10T17:10:30","date_gmt":"2021-11-10T17:10:30","guid":{"rendered":"https:\/\/dev.eunitecidos.pt\/?post_type=product&#038;p=9423"},"modified":"2024-06-14T22:41:13","modified_gmt":"2024-06-14T22:41:13","slug":"tecido-100-algodao-estampado-selva","status":"publish","type":"product","link":"https:\/\/dev.eunitecidos.pt\/en\/loja\/cores\/tecido-100-algodao-estampado-selva\/","title":{"rendered":"Fabric 100% Cotton | Printed | Jungle"},"content":{"rendered":"<p>Fabric 100% Cotton | Printed | Jungle<\/p>\n<p>100% Cotton<\/p>\n<p>1.50 Width<\/p>","protected":false},"excerpt":{"rendered":"<p>Tecido 100% Algod\u00e3o | Estampado | Selva 100% Algod\u00e3o 1,50 Largura<\/p>","protected":false},"featured_media":9281,"comment_status":"closed","ping_status":"closed","template":"","meta":{"_seopress_robots_primary_cat":"122","_seopress_titles_title":"Tecido 100% Algod\u00e3o Estampado Selva 1,50 Largura","_seopress_titles_desc":"Descubra o tecido 100% algod\u00e3o estampado com padr\u00e3o de selva, perfeito para os seus projetos de costura. Com 1,50 metros de largura.","_seopress_robots_index":""},"product_brand":[],"product_cat":[200,325,130,122,129,135,69,125],"product_tag":[315,1824,319,516,340,1828,424,1827,1833,1712,1832,1279,1472,1609],"class_list":{"0":"post-9423","1":"product","2":"type-product","3":"status-publish","4":"has-post-thumbnail","6":"product_cat-animais","7":"product_cat-bege","8":"product_cat-castanho","9":"product_cat-cores","10":"product_cat-laranja","11":"product_cat-tecido-100-algodao","12":"product_cat-texteis","13":"product_cat-verde","14":"product_tag-100-algodao","15":"product_tag-animais-da-selva","16":"product_tag-bege","17":"product_tag-castanho","18":"product_tag-estampado","19":"product_tag-girafa","20":"product_tag-laranja","21":"product_tag-leao","22":"product_tag-suricata","23":"product_tag-tecido-algodao","24":"product_tag-tigre","25":"product_tag-verde-claro","26":"product_tag-verde-escuro","27":"product_tag-zebra","29":"first","30":"instock","31":"taxable","32":"shipping-taxable","33":"purchasable","34":"product-type-simple"},"_links":{"self":[{"href":"https:\/\/dev.eunitecidos.pt\/en\/wp-json\/wp\/v2\/product\/9423","targetHints":{"allow":["GET"]}}],"collection":[{"href":"https:\/\/dev.eunitecidos.pt\/en\/wp-json\/wp\/v2\/product"}],"about":[{"href":"https:\/\/dev.eunitecidos.pt\/en\/wp-json\/wp\/v2\/types\/product"}],"replies":[{"embeddable":true,"href":"https:\/\/dev.eunitecidos.pt\/en\/wp-json\/wp\/v2\/comments?post=9423"}],"wp:featuredmedia":[{"embeddable":true,"href":"https:\/\/dev.eunitecidos.pt\/en\/wp-json\/wp\/v2\/media\/9281"}],"wp:attachment":[{"href":"https:\/\/dev.eunitecidos.pt\/en\/wp-json\/wp\/v2\/media?parent=9423"}],"wp:term":[{"taxonomy":"product_brand","embeddable":true,"href":"https:\/\/dev.eunitecidos.pt\/en\/wp-json\/wp\/v2\/product_brand?post=9423"},{"taxonomy":"product_cat","embeddable":true,"href":"https:\/\/dev.eunitecidos.pt\/en\/wp-json\/wp\/v2\/product_cat?post=9423"},{"taxonomy":"product_tag","embeddable":true,"href":"https:\/\/dev.eunitecidos.pt\/en\/wp-json\/wp\/v2\/product_tag?post=9423"}],"curies":[{"name":"wp","href":"https:\/\/api.w.org\/{rel}","templated":true}]}}