
{"id":9598,"date":"2021-11-15T15:39:22","date_gmt":"2021-11-15T15:39:22","guid":{"rendered":"https:\/\/dev.eunitecidos.pt\/?post_type=product&#038;p=9598"},"modified":"2025-11-02T15:01:57","modified_gmt":"2025-11-02T15:01:57","slug":"tecido-minky-verde-escuro","status":"publish","type":"product","link":"https:\/\/dev.eunitecidos.pt\/en\/loja\/cores\/tecido-minky-verde-escuro\/","title":{"rendered":"Minky Fabric | Dark Green"},"content":{"rendered":"<p>Minky Fabric | Dark Green<\/p>\n<p>Very soft fabric, with an extremely soft and velvety feel, similar to velvet and coral.<\/p>\n<p>It has a few raised dots and doesn't shed hair.<\/p>\n<p>Ideal for making baby items.<\/p>\n<p>It should be washed at a maximum temperature of 30 degrees, by hand or machine.<\/p>\n<p>100% Polyester<\/p>\n<p>1.50 Width<\/p>","protected":false},"excerpt":{"rendered":"<p>Tecido Minky | Verde Escuro Tecido muito suave, com um toque extremamente macio e aveludado, parecido com o veludo e a coralina. Apresenta umas bolinhas em relevo e n\u00e3o larga p\u00ealo. Ideal para a confe\u00e7\u00e3o de artigos de beb\u00e9. Deve ser lavado a uma temperatura m\u00e1xima de 30 graus, \u00e1 m\u00e3o ou \u00e1 m\u00e1quina. 100% [&hellip;]<\/p>","protected":false},"featured_media":9595,"comment_status":"closed","ping_status":"closed","template":"","meta":{"_seopress_robots_primary_cat":"122","_seopress_titles_title":"Tecido Minky Verde Escuro | Suave e Macio | Ideal para Beb\u00e9s","_seopress_titles_desc":"Descubra o tecido Minky Verde Escuro, extremamente macio e aveludado, perfeito para a confe\u00e7\u00e3o de artigos para beb\u00e9. Sem largar pelo. Lav\u00e1vel at\u00e9 30\u00baC.","_seopress_robots_index":""},"product_brand":[],"product_cat":[122,143,69,125],"product_tag":[707,1692,352,1671,1647,1472],"class_list":{"0":"post-9598","1":"product","2":"type-product","3":"status-publish","4":"has-post-thumbnail","6":"product_cat-cores","7":"product_cat-minkys","8":"product_cat-texteis","9":"product_cat-verde","10":"product_tag-100-poliester","11":"product_tag-conforto","12":"product_tag-infantil","13":"product_tag-inverno","14":"product_tag-tecido-minky","15":"product_tag-verde-escuro","17":"first","18":"instock","19":"taxable","20":"shipping-taxable","21":"purchasable","22":"product-type-simple"},"_links":{"self":[{"href":"https:\/\/dev.eunitecidos.pt\/en\/wp-json\/wp\/v2\/product\/9598","targetHints":{"allow":["GET"]}}],"collection":[{"href":"https:\/\/dev.eunitecidos.pt\/en\/wp-json\/wp\/v2\/product"}],"about":[{"href":"https:\/\/dev.eunitecidos.pt\/en\/wp-json\/wp\/v2\/types\/product"}],"replies":[{"embeddable":true,"href":"https:\/\/dev.eunitecidos.pt\/en\/wp-json\/wp\/v2\/comments?post=9598"}],"wp:featuredmedia":[{"embeddable":true,"href":"https:\/\/dev.eunitecidos.pt\/en\/wp-json\/wp\/v2\/media\/9595"}],"wp:attachment":[{"href":"https:\/\/dev.eunitecidos.pt\/en\/wp-json\/wp\/v2\/media?parent=9598"}],"wp:term":[{"taxonomy":"product_brand","embeddable":true,"href":"https:\/\/dev.eunitecidos.pt\/en\/wp-json\/wp\/v2\/product_brand?post=9598"},{"taxonomy":"product_cat","embeddable":true,"href":"https:\/\/dev.eunitecidos.pt\/en\/wp-json\/wp\/v2\/product_cat?post=9598"},{"taxonomy":"product_tag","embeddable":true,"href":"https:\/\/dev.eunitecidos.pt\/en\/wp-json\/wp\/v2\/product_tag?post=9598"}],"curies":[{"name":"wp","href":"https:\/\/api.w.org\/{rel}","templated":true}]}}