
{"id":9600,"date":"2021-11-15T15:43:04","date_gmt":"2021-11-15T15:43:04","guid":{"rendered":"https:\/\/dev.eunitecidos.pt\/?post_type=product&#038;p=9600"},"modified":"2026-01-28T20:18:35","modified_gmt":"2026-01-28T20:18:35","slug":"tecido-minky-azul-bebe","status":"publish","type":"product","link":"https:\/\/dev.eunitecidos.pt\/en\/loja\/cores\/tecido-minky-azul-bebe\/","title":{"rendered":"Minky Fabric | Baby Blue"},"content":{"rendered":"<p>Minky Fabric | Baby Blue<\/p>\n<p>Very soft fabric, with an extremely soft and velvety feel, similar to velvet and coral.<\/p>\n<p>It has a few raised dots and doesn't shed hair.<\/p>\n<p>Ideal for making baby items.<\/p>\n<p>It should be washed at a maximum temperature of 30 degrees, by hand or machine.<\/p>\n<p>100% Polyester<\/p>\n<p>1.50 Width<\/p>","protected":false},"excerpt":{"rendered":"<p>Tecido Minky | Azul Beb\u00e9 Tecido muito suave, com um toque extremamente macio e aveludado, parecido com o veludo e a coralina. Apresenta umas bolinhas em relevo e n\u00e3o larga p\u00ealo. Ideal para a confe\u00e7\u00e3o de artigos de beb\u00e9. Deve ser lavado a uma temperatura m\u00e1xima de 30 graus, \u00e1 m\u00e3o ou \u00e1 m\u00e1quina. 100% [&hellip;]<\/p>","protected":false},"featured_media":9593,"comment_status":"closed","ping_status":"closed","template":"","meta":{"_seopress_robots_primary_cat":"122","_seopress_titles_title":"Tecido Minky Azul Beb\u00e9 | Macio e Aveludado | 100% Poli\u00e9ster","_seopress_titles_desc":"Descubra o tecido Minky azul beb\u00e9, extremamente macio e aveludado, perfeito para artigos de beb\u00e9. N\u00e3o larga pelo e f\u00e1cil de lavar. Encomende j\u00e1!","_seopress_robots_index":""},"product_brand":[],"product_cat":[124,122,143,69],"product_tag":[707,601,1692,352,1671,716,1647],"class_list":{"0":"post-9600","1":"product","2":"type-product","3":"status-publish","4":"has-post-thumbnail","6":"product_cat-azul","7":"product_cat-cores","8":"product_cat-minkys","9":"product_cat-texteis","10":"product_tag-100-poliester","11":"product_tag-azul-bebe","12":"product_tag-conforto","13":"product_tag-infantil","14":"product_tag-inverno","15":"product_tag-mantas","16":"product_tag-tecido-minky","18":"first","19":"instock","20":"taxable","21":"shipping-taxable","22":"purchasable","23":"product-type-simple"},"_links":{"self":[{"href":"https:\/\/dev.eunitecidos.pt\/en\/wp-json\/wp\/v2\/product\/9600","targetHints":{"allow":["GET"]}}],"collection":[{"href":"https:\/\/dev.eunitecidos.pt\/en\/wp-json\/wp\/v2\/product"}],"about":[{"href":"https:\/\/dev.eunitecidos.pt\/en\/wp-json\/wp\/v2\/types\/product"}],"replies":[{"embeddable":true,"href":"https:\/\/dev.eunitecidos.pt\/en\/wp-json\/wp\/v2\/comments?post=9600"}],"wp:featuredmedia":[{"embeddable":true,"href":"https:\/\/dev.eunitecidos.pt\/en\/wp-json\/wp\/v2\/media\/9593"}],"wp:attachment":[{"href":"https:\/\/dev.eunitecidos.pt\/en\/wp-json\/wp\/v2\/media?parent=9600"}],"wp:term":[{"taxonomy":"product_brand","embeddable":true,"href":"https:\/\/dev.eunitecidos.pt\/en\/wp-json\/wp\/v2\/product_brand?post=9600"},{"taxonomy":"product_cat","embeddable":true,"href":"https:\/\/dev.eunitecidos.pt\/en\/wp-json\/wp\/v2\/product_cat?post=9600"},{"taxonomy":"product_tag","embeddable":true,"href":"https:\/\/dev.eunitecidos.pt\/en\/wp-json\/wp\/v2\/product_tag?post=9600"}],"curies":[{"name":"wp","href":"https:\/\/api.w.org\/{rel}","templated":true}]}}