
{"id":9734,"date":"2021-11-17T19:32:39","date_gmt":"2021-11-17T19:32:39","guid":{"rendered":"https:\/\/dev.eunitecidos.pt\/?post_type=product&#038;p=9734"},"modified":"2025-01-22T13:50:53","modified_gmt":"2025-01-22T13:50:53","slug":"melton-liso-azul-escuro","status":"publish","type":"product","link":"https:\/\/dev.eunitecidos.pt\/en\/loja\/texteis\/melton-liso-azul-escuro\/","title":{"rendered":"Melton | Plain | Dark Blue"},"content":{"rendered":"<p>Melton | Plain | Dark Blue<\/p>\n<p><span style=\"font-size: 14.4px\">Warm, heavy fabric, ideal for capes, coats, blankets, etc...<\/span><\/p>\n<p>Composition: 80% Polyester 18% Viscose 2% Elastane<\/p>\n<p>1.50 Width 370 gr\/m2<\/p>","protected":false},"excerpt":{"rendered":"<p>Melton | Liso | Azul Escuro Tecido quente e pesado, ideal para capas, casacos, mantas, etc&#8230; Composi\u00e7\u00e3o: 80% Poli\u00e9ster 18% Viscose 2% Elastano 1,50 Largura 370 gr\/m2<\/p>","protected":false},"featured_media":9710,"comment_status":"closed","ping_status":"closed","template":"","meta":{"_seopress_robots_primary_cat":"69","_seopress_titles_title":"Tecido Melton Azul Escuro | Ideal para Casacos e Mantas","_seopress_titles_desc":"Tecido quente e pesado de qualidade superior para capas, casacos e mantas. Descubra a vasta largura e gramagem ideal deste Melton azul escuro.","_seopress_robots_index":""},"product_brand":[],"product_cat":[1696,1855,1695,69],"product_tag":[563,1677,1701,1676,677,1854,1693,378],"class_list":{"0":"post-9734","1":"product","2":"type-product","3":"status-publish","4":"has-post-thumbnail","6":"product_cat-lisos-tecidos-de-vestuario","7":"product_cat-tecidos-de-vestuario-lisos-tecidos-de-vestuario","8":"product_cat-tecidos-de-vestuario","9":"product_cat-texteis","10":"product_tag-azul-escuro","11":"product_tag-capas","12":"product_tag-casacos","13":"product_tag-colecao-outono-inverno","14":"product_tag-liso","15":"product_tag-melton","16":"product_tag-tecido-confecao","17":"product_tag-vestuario","19":"first","20":"instock","21":"taxable","22":"shipping-taxable","23":"purchasable","24":"product-type-simple"},"_links":{"self":[{"href":"https:\/\/dev.eunitecidos.pt\/en\/wp-json\/wp\/v2\/product\/9734","targetHints":{"allow":["GET"]}}],"collection":[{"href":"https:\/\/dev.eunitecidos.pt\/en\/wp-json\/wp\/v2\/product"}],"about":[{"href":"https:\/\/dev.eunitecidos.pt\/en\/wp-json\/wp\/v2\/types\/product"}],"replies":[{"embeddable":true,"href":"https:\/\/dev.eunitecidos.pt\/en\/wp-json\/wp\/v2\/comments?post=9734"}],"wp:featuredmedia":[{"embeddable":true,"href":"https:\/\/dev.eunitecidos.pt\/en\/wp-json\/wp\/v2\/media\/9710"}],"wp:attachment":[{"href":"https:\/\/dev.eunitecidos.pt\/en\/wp-json\/wp\/v2\/media?parent=9734"}],"wp:term":[{"taxonomy":"product_brand","embeddable":true,"href":"https:\/\/dev.eunitecidos.pt\/en\/wp-json\/wp\/v2\/product_brand?post=9734"},{"taxonomy":"product_cat","embeddable":true,"href":"https:\/\/dev.eunitecidos.pt\/en\/wp-json\/wp\/v2\/product_cat?post=9734"},{"taxonomy":"product_tag","embeddable":true,"href":"https:\/\/dev.eunitecidos.pt\/en\/wp-json\/wp\/v2\/product_tag?post=9734"}],"curies":[{"name":"wp","href":"https:\/\/api.w.org\/{rel}","templated":true}]}}