
{"id":10373,"date":"2021-12-28T19:24:15","date_gmt":"2021-12-28T19:24:15","guid":{"rendered":"https:\/\/dev.eunitecidos.pt\/?post_type=product&#038;p=10373"},"modified":"2025-12-03T08:10:57","modified_gmt":"2025-12-03T08:10:57","slug":"rede-mesh-bordo","status":"publish","type":"product","link":"https:\/\/dev.eunitecidos.pt\/es\/loja\/texteis\/rede-mesh-bordo\/","title":{"rendered":"Malla | Burdeos"},"content":{"rendered":"<p>Malla | Burdeos<\/p>\n<p>100% Poli\u00e9ster, Lavable a m\u00e1quina.<\/p>\n<p>Hamaca ligera, suave y maleable.<\/p>\n<p>Gran hamaca para bolsas de playa, mochilas, la arena sale f\u00e1cilmente.<\/p>\n<p>Red utilizada para bolsas de almacenamiento.<\/p>\n<p>Anchura 1,5 metros<\/p>","protected":false},"excerpt":{"rendered":"<p>Rede | Mesh | Bord\u00f4 100% Poli\u00e9ster, Lav\u00e1vel na m\u00e1quina. Rede Leve, macia e male\u00e1vel. Rede \u00f3tima para Sacos de Praia, Mochilas, a areia sa\u00ed facilmente. Rede utilizada para sacos de armazenamento. Largura 1,5 mt<\/p>","protected":false},"featured_media":10321,"comment_status":"closed","ping_status":"closed","template":"","meta":{"_seopress_robots_primary_cat":"69","_seopress_titles_title":"Rede de Bord\u00f4 100% Poli\u00e9ster Lav\u00e1vel | M\u00e1quina | Saco de Praia","_seopress_titles_desc":"Rede perfeita para Sacos de Praia, Mochilas e armazenamento. Largura de 1,5 mt, ideal para areia sair facilmente. Compre j\u00e1!","_seopress_robots_index":""},"product_brand":[],"product_cat":[148,69],"product_tag":[707,778,1638,813],"class_list":{"0":"post-10373","1":"product","2":"type-product","3":"status-publish","4":"has-post-thumbnail","6":"product_cat-rede-mesh","7":"product_cat-texteis","8":"product_tag-100-poliester","9":"product_tag-bordo","10":"product_tag-lisa","11":"product_tag-rede-mesh","13":"first","14":"instock","15":"taxable","16":"shipping-taxable","17":"purchasable","18":"product-type-simple"},"_links":{"self":[{"href":"https:\/\/dev.eunitecidos.pt\/es\/wp-json\/wp\/v2\/product\/10373","targetHints":{"allow":["GET"]}}],"collection":[{"href":"https:\/\/dev.eunitecidos.pt\/es\/wp-json\/wp\/v2\/product"}],"about":[{"href":"https:\/\/dev.eunitecidos.pt\/es\/wp-json\/wp\/v2\/types\/product"}],"replies":[{"embeddable":true,"href":"https:\/\/dev.eunitecidos.pt\/es\/wp-json\/wp\/v2\/comments?post=10373"}],"wp:featuredmedia":[{"embeddable":true,"href":"https:\/\/dev.eunitecidos.pt\/es\/wp-json\/wp\/v2\/media\/10321"}],"wp:attachment":[{"href":"https:\/\/dev.eunitecidos.pt\/es\/wp-json\/wp\/v2\/media?parent=10373"}],"wp:term":[{"taxonomy":"product_brand","embeddable":true,"href":"https:\/\/dev.eunitecidos.pt\/es\/wp-json\/wp\/v2\/product_brand?post=10373"},{"taxonomy":"product_cat","embeddable":true,"href":"https:\/\/dev.eunitecidos.pt\/es\/wp-json\/wp\/v2\/product_cat?post=10373"},{"taxonomy":"product_tag","embeddable":true,"href":"https:\/\/dev.eunitecidos.pt\/es\/wp-json\/wp\/v2\/product_tag?post=10373"}],"curies":[{"name":"wp","href":"https:\/\/api.w.org\/{rel}","templated":true}]}}