
{"id":11202,"date":"2022-01-14T18:23:35","date_gmt":"2022-01-14T18:23:35","guid":{"rendered":"https:\/\/dev.eunitecidos.pt\/?post_type=product&#038;p=11202"},"modified":"2025-09-02T11:03:28","modified_gmt":"2025-09-02T11:03:28","slug":"linho-alentejano-lurex-dourado-vermelho","status":"publish","type":"product","link":"https:\/\/dev.eunitecidos.pt\/es\/loja\/texteis\/linho-alentejano-lurex-dourado-vermelho\/","title":{"rendered":"Lino Alentejo | Lurex Dorado | Rojo"},"content":{"rendered":"<p>Lino Alentejo | Lurex Dorado | Rojo<\/p>\n<p>Composici\u00f3n 90% Algod\u00f3n 10% Poli\u00e9ster 200gr\/M2<\/p>\n<p>2,80 Anchura<\/p>","protected":false},"excerpt":{"rendered":"<p>Linho Alentejano | Lurex Dourado | Vermelho Composi\u00e7\u00e3o 90% Algod\u00e3o 10% Poli\u00e9ster 200gr\/M2 2.80 Largura<\/p>","protected":false},"featured_media":11077,"comment_status":"closed","ping_status":"closed","template":"","meta":{"_seopress_robots_primary_cat":"69","_seopress_titles_title":"Tecido Linho Alentejano com Fios de Lurex Dourado Vermelho - 2.80m de Largura","_seopress_titles_desc":"Explore a eleg\u00e2ncia do linho alentejano com toques de lurex dourado num vibrante vermelho. Tecido com 2.80m de largura para os seus projetos criativos.","_seopress_robots_index":""},"product_brand":[],"product_cat":[246,245,159,69],"product_tag":[772,823,706,763,765,1660,1985,453],"class_list":{"0":"post-11202","1":"product","2":"type-product","3":"status-publish","4":"has-post-thumbnail","6":"product_cat-com-brilho","7":"product_cat-linho-alentejano","8":"product_cat-tecidos-decoracao","9":"product_cat-texteis","10":"product_tag-almofadas","11":"product_tag-cortinados","12":"product_tag-decoracao","13":"product_tag-linho-alentejano","14":"product_tag-linho-com-brilho","15":"product_tag-lurex-dourado","16":"product_tag-tecidosdecoracao","17":"product_tag-vermelho","19":"first","20":"instock","21":"taxable","22":"shipping-taxable","23":"purchasable","24":"product-type-simple"},"_links":{"self":[{"href":"https:\/\/dev.eunitecidos.pt\/es\/wp-json\/wp\/v2\/product\/11202","targetHints":{"allow":["GET"]}}],"collection":[{"href":"https:\/\/dev.eunitecidos.pt\/es\/wp-json\/wp\/v2\/product"}],"about":[{"href":"https:\/\/dev.eunitecidos.pt\/es\/wp-json\/wp\/v2\/types\/product"}],"replies":[{"embeddable":true,"href":"https:\/\/dev.eunitecidos.pt\/es\/wp-json\/wp\/v2\/comments?post=11202"}],"wp:featuredmedia":[{"embeddable":true,"href":"https:\/\/dev.eunitecidos.pt\/es\/wp-json\/wp\/v2\/media\/11077"}],"wp:attachment":[{"href":"https:\/\/dev.eunitecidos.pt\/es\/wp-json\/wp\/v2\/media?parent=11202"}],"wp:term":[{"taxonomy":"product_brand","embeddable":true,"href":"https:\/\/dev.eunitecidos.pt\/es\/wp-json\/wp\/v2\/product_brand?post=11202"},{"taxonomy":"product_cat","embeddable":true,"href":"https:\/\/dev.eunitecidos.pt\/es\/wp-json\/wp\/v2\/product_cat?post=11202"},{"taxonomy":"product_tag","embeddable":true,"href":"https:\/\/dev.eunitecidos.pt\/es\/wp-json\/wp\/v2\/product_tag?post=11202"}],"curies":[{"name":"wp","href":"https:\/\/api.w.org\/{rel}","templated":true}]}}