
{"id":11705,"date":"2022-01-25T16:56:30","date_gmt":"2022-01-25T16:56:30","guid":{"rendered":"https:\/\/dev.eunitecidos.pt\/?post_type=product&#038;p=11705"},"modified":"2026-01-08T17:46:10","modified_gmt":"2026-01-08T17:46:10","slug":"feltro-liso-verde-alface","status":"publish","type":"product","link":"https:\/\/dev.eunitecidos.pt\/es\/loja\/texteis\/feltro-liso-verde-alface\/","title":{"rendered":"Fieltro | Liso | Verde pistacho 6004"},"content":{"rendered":"<p>Fieltro | Liso | Verde pistacho 6004<\/p>\n<p>El fieltro es una tela no tejida.<\/p>\n<p>Se fabrica comprimiendo y ligando fibras hasta que se unen para formar un tejido resistente.<\/p>\n<p>Es una de las formas de tejido m\u00e1s antiguas que se conocen.<\/p>\n<p>El fieltro se utiliza para fabricar sombreros, abrigos y es muy usado en artesan\u00eda y disfraces de carnaval.<\/p>\n<p>Lavable y no se deshilacha al cortarla.<\/p>\n<p>Composici\u00f3n: 100% Poli\u00e9ster 180 gr\/m2<\/p>\n<p>90 cm Anchura<\/p>","protected":false},"excerpt":{"rendered":"<p>Feltro | Liso | Verde Pistache 6004 O feltro \u00e9 um TNT (Tecido n\u00e3o Tecido) \u00c9 feito comprimindo e ligando fibras, at\u00e9 se juntarem para formar um tecido forte. \u00c9 uma das formas de tecido mais antigas conhecidas. O feltro \u00e9 usado no fabrico de chap\u00e9us, casacos, e muito utilizado em trabalhos de artesanato e [&hellip;]<\/p>","protected":false},"featured_media":11690,"comment_status":"closed","ping_status":"closed","template":"","meta":{"_seopress_robots_primary_cat":"69","_seopress_titles_title":"Feltro Verde Pistache 6004 | Ideal para Artesanato e Carnaval","_seopress_titles_desc":"Descubra o feltro verde pistache liso 6004, um tecido resistente e vers\u00e1til, perfeito para artesanato, chap\u00e9us e casacos. Feito de 100% poli\u00e9ster, lav\u00e1vel e sem desfia\u00e7\u00e3o.","_seopress_robots_index":""},"product_brand":[],"product_cat":[2016,150,199,69],"product_tag":[707,770,2017,677,2019,2802],"class_list":{"0":"post-11705","1":"product","2":"type-product","3":"status-publish","4":"has-post-thumbnail","6":"product_cat-carnaval","7":"product_cat-feltros","8":"product_cat-tematicos","9":"product_cat-texteis","10":"product_tag-100-poliester","11":"product_tag-costura-criativa","12":"product_tag-feltro","13":"product_tag-liso","14":"product_tag-trabalhos-manuais","15":"product_tag-verde-pistache","17":"first","18":"instock","19":"taxable","20":"shipping-taxable","21":"purchasable","22":"product-type-simple"},"_links":{"self":[{"href":"https:\/\/dev.eunitecidos.pt\/es\/wp-json\/wp\/v2\/product\/11705","targetHints":{"allow":["GET"]}}],"collection":[{"href":"https:\/\/dev.eunitecidos.pt\/es\/wp-json\/wp\/v2\/product"}],"about":[{"href":"https:\/\/dev.eunitecidos.pt\/es\/wp-json\/wp\/v2\/types\/product"}],"replies":[{"embeddable":true,"href":"https:\/\/dev.eunitecidos.pt\/es\/wp-json\/wp\/v2\/comments?post=11705"}],"wp:featuredmedia":[{"embeddable":true,"href":"https:\/\/dev.eunitecidos.pt\/es\/wp-json\/wp\/v2\/media\/11690"}],"wp:attachment":[{"href":"https:\/\/dev.eunitecidos.pt\/es\/wp-json\/wp\/v2\/media?parent=11705"}],"wp:term":[{"taxonomy":"product_brand","embeddable":true,"href":"https:\/\/dev.eunitecidos.pt\/es\/wp-json\/wp\/v2\/product_brand?post=11705"},{"taxonomy":"product_cat","embeddable":true,"href":"https:\/\/dev.eunitecidos.pt\/es\/wp-json\/wp\/v2\/product_cat?post=11705"},{"taxonomy":"product_tag","embeddable":true,"href":"https:\/\/dev.eunitecidos.pt\/es\/wp-json\/wp\/v2\/product_tag?post=11705"}],"curies":[{"name":"wp","href":"https:\/\/api.w.org\/{rel}","templated":true}]}}