
{"id":11712,"date":"2022-01-25T17:42:03","date_gmt":"2022-01-25T17:42:03","guid":{"rendered":"https:\/\/dev.eunitecidos.pt\/?post_type=product&#038;p=11712"},"modified":"2026-01-08T17:44:36","modified_gmt":"2026-01-08T17:44:36","slug":"feltro-liso-azulao","status":"publish","type":"product","link":"https:\/\/dev.eunitecidos.pt\/es\/loja\/texteis\/feltro-liso-azulao\/","title":{"rendered":"Fieltro | Liso | Azul 5001"},"content":{"rendered":"<p>Fieltro | Liso | Azul 5001<\/p>\n<p>El fieltro es una tela no tejida.<\/p>\n<p>Se fabrica comprimiendo y ligando fibras hasta que se unen para formar un tejido resistente.<\/p>\n<p>Es una de las formas de tejido m\u00e1s antiguas que se conocen.<\/p>\n<p>El fieltro se utiliza para fabricar sombreros, abrigos y es muy usado en artesan\u00eda y disfraces de carnaval.<\/p>\n<p>Lavable y no se deshilacha al cortarla.<\/p>\n<p>Composici\u00f3n: 100% Poli\u00e9ster 180 gr\/m2<\/p>\n<p>90 cm Anchura<\/p>","protected":false},"excerpt":{"rendered":"<p>Feltro | Liso | Azul\u00e3o 5001 O feltro \u00e9 um TNT (Tecido n\u00e3o Tecido) \u00c9 feito comprimindo e ligando fibras, at\u00e9 se juntarem para formar um tecido forte. \u00c9 uma das formas de tecido mais antigas conhecidas. O feltro \u00e9 usado no fabrico de chap\u00e9us, casacos, e muito utilizado em trabalhos de artesanato e em [&hellip;]<\/p>","protected":false},"featured_media":11701,"comment_status":"closed","ping_status":"closed","template":"","meta":{"_seopress_robots_primary_cat":"69","_seopress_titles_title":"Feltro Azul\u00e3o 5001 | Tecido N\u00e3o Tecido | Artesanato","_seopress_titles_desc":"Descubra o feltro liso azul\u00e3o 5001, vers\u00e1til e resistente, ideal para v\u00e1rias aplica\u00e7\u00f5es como chap\u00e9us, casacos e fatos de carnaval!","_seopress_robots_index":""},"product_brand":[],"product_cat":[2016,150,199,69],"product_tag":[707,884,770,2017,677,2019],"class_list":{"0":"post-11712","1":"product","2":"type-product","3":"status-publish","4":"has-post-thumbnail","6":"product_cat-carnaval","7":"product_cat-feltros","8":"product_cat-tematicos","9":"product_cat-texteis","10":"product_tag-100-poliester","11":"product_tag-azulao","12":"product_tag-costura-criativa","13":"product_tag-feltro","14":"product_tag-liso","15":"product_tag-trabalhos-manuais","17":"first","18":"instock","19":"taxable","20":"shipping-taxable","21":"purchasable","22":"product-type-simple"},"_links":{"self":[{"href":"https:\/\/dev.eunitecidos.pt\/es\/wp-json\/wp\/v2\/product\/11712","targetHints":{"allow":["GET"]}}],"collection":[{"href":"https:\/\/dev.eunitecidos.pt\/es\/wp-json\/wp\/v2\/product"}],"about":[{"href":"https:\/\/dev.eunitecidos.pt\/es\/wp-json\/wp\/v2\/types\/product"}],"replies":[{"embeddable":true,"href":"https:\/\/dev.eunitecidos.pt\/es\/wp-json\/wp\/v2\/comments?post=11712"}],"wp:featuredmedia":[{"embeddable":true,"href":"https:\/\/dev.eunitecidos.pt\/es\/wp-json\/wp\/v2\/media\/11701"}],"wp:attachment":[{"href":"https:\/\/dev.eunitecidos.pt\/es\/wp-json\/wp\/v2\/media?parent=11712"}],"wp:term":[{"taxonomy":"product_brand","embeddable":true,"href":"https:\/\/dev.eunitecidos.pt\/es\/wp-json\/wp\/v2\/product_brand?post=11712"},{"taxonomy":"product_cat","embeddable":true,"href":"https:\/\/dev.eunitecidos.pt\/es\/wp-json\/wp\/v2\/product_cat?post=11712"},{"taxonomy":"product_tag","embeddable":true,"href":"https:\/\/dev.eunitecidos.pt\/es\/wp-json\/wp\/v2\/product_tag?post=11712"}],"curies":[{"name":"wp","href":"https:\/\/api.w.org\/{rel}","templated":true}]}}