
{"id":11713,"date":"2022-01-25T17:43:44","date_gmt":"2022-01-25T17:43:44","guid":{"rendered":"https:\/\/dev.eunitecidos.pt\/?post_type=product&#038;p=11713"},"modified":"2026-01-08T17:44:35","modified_gmt":"2026-01-08T17:44:35","slug":"feltro-liso-castanho-escuro","status":"publish","type":"product","link":"https:\/\/dev.eunitecidos.pt\/es\/loja\/texteis\/feltro-liso-castanho-escuro\/","title":{"rendered":"Fieltro | Liso | Marr\u00f3n oscuro 2003"},"content":{"rendered":"<p>Fieltro | Liso | Marr\u00f3n oscuro 2003<\/p>\n<p>El fieltro es una tela no tejida.<\/p>\n<p>Se fabrica comprimiendo y ligando fibras hasta que se unen para formar un tejido resistente.<\/p>\n<p>Es una de las formas de tejido m\u00e1s antiguas que se conocen.<\/p>\n<p>El fieltro se utiliza para fabricar sombreros, abrigos y es muy usado en artesan\u00eda y disfraces de carnaval.<\/p>\n<p>Lavable y no se deshilacha al cortarla.<\/p>\n<p>Composici\u00f3n: 100% Poli\u00e9ster 180 gr\/m2<\/p>\n<p>90 cm Anchura<\/p>","protected":false},"excerpt":{"rendered":"<p>Feltro | Liso | Castanho Escuro 2003 O feltro \u00e9 um TNT (Tecido n\u00e3o Tecido) \u00c9 feito comprimindo e ligando fibras, at\u00e9 se juntarem para formar um tecido forte. \u00c9 uma das formas de tecido mais antigas conhecidas. O feltro \u00e9 usado no fabrico de chap\u00e9us, casacos, e muito utilizado em trabalhos de artesanato e [&hellip;]<\/p>","protected":false},"featured_media":11694,"comment_status":"closed","ping_status":"closed","template":"","meta":{"_seopress_robots_primary_cat":"69","_seopress_titles_title":"","_seopress_titles_desc":"Feltro castanho escuro de qualidade para artesanato. Tecido resistente e lav\u00e1vel, ideal para chap\u00e9us, casacos e muitos outros projetos criativos. Encomende j\u00e1!","_seopress_robots_index":""},"product_brand":[],"product_cat":[2016,150,199,69],"product_tag":[707,1992,892,770,2884,530,2017,677,2019],"class_list":{"0":"post-11713","1":"product","2":"type-product","3":"status-publish","4":"has-post-thumbnail","6":"product_cat-carnaval","7":"product_cat-feltros","8":"product_cat-tematicos","9":"product_cat-texteis","10":"product_tag-100-poliester","11":"product_tag-carnaval","12":"product_tag-castanho-escuro","13":"product_tag-costura-criativa","14":"product_tag-disfarces","15":"product_tag-escola","16":"product_tag-feltro","17":"product_tag-liso","18":"product_tag-trabalhos-manuais","20":"first","21":"instock","22":"taxable","23":"shipping-taxable","24":"purchasable","25":"product-type-simple"},"_links":{"self":[{"href":"https:\/\/dev.eunitecidos.pt\/es\/wp-json\/wp\/v2\/product\/11713","targetHints":{"allow":["GET"]}}],"collection":[{"href":"https:\/\/dev.eunitecidos.pt\/es\/wp-json\/wp\/v2\/product"}],"about":[{"href":"https:\/\/dev.eunitecidos.pt\/es\/wp-json\/wp\/v2\/types\/product"}],"replies":[{"embeddable":true,"href":"https:\/\/dev.eunitecidos.pt\/es\/wp-json\/wp\/v2\/comments?post=11713"}],"wp:featuredmedia":[{"embeddable":true,"href":"https:\/\/dev.eunitecidos.pt\/es\/wp-json\/wp\/v2\/media\/11694"}],"wp:attachment":[{"href":"https:\/\/dev.eunitecidos.pt\/es\/wp-json\/wp\/v2\/media?parent=11713"}],"wp:term":[{"taxonomy":"product_brand","embeddable":true,"href":"https:\/\/dev.eunitecidos.pt\/es\/wp-json\/wp\/v2\/product_brand?post=11713"},{"taxonomy":"product_cat","embeddable":true,"href":"https:\/\/dev.eunitecidos.pt\/es\/wp-json\/wp\/v2\/product_cat?post=11713"},{"taxonomy":"product_tag","embeddable":true,"href":"https:\/\/dev.eunitecidos.pt\/es\/wp-json\/wp\/v2\/product_tag?post=11713"}],"curies":[{"name":"wp","href":"https:\/\/api.w.org\/{rel}","templated":true}]}}