
{"id":11799,"date":"2022-01-28T16:24:07","date_gmt":"2022-01-28T16:24:07","guid":{"rendered":"https:\/\/dev.eunitecidos.pt\/?post_type=product&#038;p=11799"},"modified":"2026-01-22T19:57:00","modified_gmt":"2026-01-22T19:57:00","slug":"tecido-tule-25gr-m2-liso-azulao","status":"publish","type":"product","link":"https:\/\/dev.eunitecidos.pt\/es\/loja\/texteis\/tecido-tule-25gr-m2-liso-azulao\/","title":{"rendered":"Tule | 25gr\/m2 | Liso | Azul\u00e3o"},"content":{"rendered":"<p>Tela de tul | 25gr\/m2 | Liso | Azul<\/p>\n<p>Tejido de tul m\u00e1s fino y ligero.<\/p>\n<p>Ideal para confeccionar trajes y disfraces de carnaval.<\/p>\n<p>Composici\u00f3n: 100% Poliamida 25gr\/m2<\/p>\n<p>3 metros de ancho<\/p>","protected":false},"excerpt":{"rendered":"<p>Tejido de tul | 25gr\/m2 | Liso | Azul Tejido de tul con un peso m\u00e1s fino y ligero. Ideal para confeccionar prendas y disfraces de carnaval. Composici\u00f3n: 100% Poliamida 25gr\/m2 3 metros de ancho<\/p>","protected":false},"featured_media":11741,"comment_status":"closed","ping_status":"closed","template":"","meta":{"_seopress_robots_primary_cat":"69","_seopress_titles_title":"Tecido Tule Azul\u00e3o | 25gr\/m2 | Ideal para Carnaval","_seopress_titles_desc":"Descubra o tecido tule mais leve e fino, perfeito para criar vestu\u00e1rio e fatos de carnaval. Composi\u00e7\u00e3o 100% Poliamida. Encomende j\u00e1!","_seopress_robots_index":""},"product_brand":[],"product_cat":[2016,199,69,151],"product_tag":[2025,884,677,2022],"class_list":{"0":"post-11799","1":"product","2":"type-product","3":"status-publish","4":"has-post-thumbnail","6":"product_cat-carnaval","7":"product_cat-tematicos","8":"product_cat-texteis","9":"product_cat-tule","10":"product_tag-25gr-m2","11":"product_tag-azulao","12":"product_tag-liso","13":"product_tag-tecido-tule","15":"first","16":"instock","17":"taxable","18":"shipping-taxable","19":"purchasable","20":"product-type-simple"},"_links":{"self":[{"href":"https:\/\/dev.eunitecidos.pt\/es\/wp-json\/wp\/v2\/product\/11799","targetHints":{"allow":["GET"]}}],"collection":[{"href":"https:\/\/dev.eunitecidos.pt\/es\/wp-json\/wp\/v2\/product"}],"about":[{"href":"https:\/\/dev.eunitecidos.pt\/es\/wp-json\/wp\/v2\/types\/product"}],"replies":[{"embeddable":true,"href":"https:\/\/dev.eunitecidos.pt\/es\/wp-json\/wp\/v2\/comments?post=11799"}],"wp:featuredmedia":[{"embeddable":true,"href":"https:\/\/dev.eunitecidos.pt\/es\/wp-json\/wp\/v2\/media\/11741"}],"wp:attachment":[{"href":"https:\/\/dev.eunitecidos.pt\/es\/wp-json\/wp\/v2\/media?parent=11799"}],"wp:term":[{"taxonomy":"product_brand","embeddable":true,"href":"https:\/\/dev.eunitecidos.pt\/es\/wp-json\/wp\/v2\/product_brand?post=11799"},{"taxonomy":"product_cat","embeddable":true,"href":"https:\/\/dev.eunitecidos.pt\/es\/wp-json\/wp\/v2\/product_cat?post=11799"},{"taxonomy":"product_tag","embeddable":true,"href":"https:\/\/dev.eunitecidos.pt\/es\/wp-json\/wp\/v2\/product_tag?post=11799"}],"curies":[{"name":"wp","href":"https:\/\/api.w.org\/{rel}","templated":true}]}}