
{"id":12285,"date":"2022-02-09T21:43:17","date_gmt":"2022-02-09T21:43:17","guid":{"rendered":"https:\/\/dev.eunitecidos.pt\/?post_type=product&#038;p=12285"},"modified":"2026-01-07T16:10:45","modified_gmt":"2026-01-07T16:10:45","slug":"cetim-liso-roxo-escuro-ref-16","status":"publish","type":"product","link":"https:\/\/dev.eunitecidos.pt\/es\/loja\/texteis\/cetim-liso-roxo-escuro-ref-16\/","title":{"rendered":"Raso | Liso | Morado oscuro (ref.16)"},"content":{"rendered":"<p>Raso | Liso | Morado oscuro (ref.16)<\/p>\n<p>Tejido ligero y fluido con brillo en una cara.<\/p>\n<p>Ideal para prendas de vestir, ropa de cama, marchas, carnavales, etc.<\/p>\n<p>100% Poli\u00e9ster 80\/90 gr\/m2<\/p>\n<p>1,50 Anchura<\/p>","protected":false},"excerpt":{"rendered":"<p>Cetim | Liso | Roxo Escuro (ref.16) Tecido leve e fluido, com brilho numa das faces. Ideal para vestu\u00e1rio, roupa de cama, marchas, carnaval, etc 100% Poli\u00e9ster 80\/90 gr\/m2 1,50 Largura<\/p>","protected":false},"featured_media":12252,"comment_status":"closed","ping_status":"closed","template":"","meta":{"_seopress_robots_primary_cat":"69","_seopress_titles_title":"Tecido de Cetim Roxo Escuro | Leve, fluido e brilhante","_seopress_titles_desc":"Descubra o tecido de cetim roxo escuro, ideal para vestu\u00e1rio, mantas e muito mais. Composto por 100% poli\u00e9ster, leve e fluido. Encomende j\u00e1!","_seopress_robots_index":""},"product_brand":[],"product_cat":[2059,69],"product_tag":[707,1992,2052,677,2060,427],"class_list":{"0":"post-12285","1":"product","2":"type-product","3":"status-publish","4":"has-post-thumbnail","6":"product_cat-cetim-lisos-estampados","7":"product_cat-texteis","8":"product_tag-100-poliester","9":"product_tag-carnaval","10":"product_tag-cetim","11":"product_tag-liso","12":"product_tag-marchas","13":"product_tag-roxo","15":"first","16":"instock","17":"taxable","18":"shipping-taxable","19":"purchasable","20":"product-type-simple"},"_links":{"self":[{"href":"https:\/\/dev.eunitecidos.pt\/es\/wp-json\/wp\/v2\/product\/12285","targetHints":{"allow":["GET"]}}],"collection":[{"href":"https:\/\/dev.eunitecidos.pt\/es\/wp-json\/wp\/v2\/product"}],"about":[{"href":"https:\/\/dev.eunitecidos.pt\/es\/wp-json\/wp\/v2\/types\/product"}],"replies":[{"embeddable":true,"href":"https:\/\/dev.eunitecidos.pt\/es\/wp-json\/wp\/v2\/comments?post=12285"}],"wp:featuredmedia":[{"embeddable":true,"href":"https:\/\/dev.eunitecidos.pt\/es\/wp-json\/wp\/v2\/media\/12252"}],"wp:attachment":[{"href":"https:\/\/dev.eunitecidos.pt\/es\/wp-json\/wp\/v2\/media?parent=12285"}],"wp:term":[{"taxonomy":"product_brand","embeddable":true,"href":"https:\/\/dev.eunitecidos.pt\/es\/wp-json\/wp\/v2\/product_brand?post=12285"},{"taxonomy":"product_cat","embeddable":true,"href":"https:\/\/dev.eunitecidos.pt\/es\/wp-json\/wp\/v2\/product_cat?post=12285"},{"taxonomy":"product_tag","embeddable":true,"href":"https:\/\/dev.eunitecidos.pt\/es\/wp-json\/wp\/v2\/product_tag?post=12285"}],"curies":[{"name":"wp","href":"https:\/\/api.w.org\/{rel}","templated":true}]}}