
{"id":12438,"date":"2022-02-15T19:01:23","date_gmt":"2022-02-15T19:01:23","guid":{"rendered":"https:\/\/dev.eunitecidos.pt\/?post_type=product&#038;p=12438"},"modified":"2024-03-24T17:22:53","modified_gmt":"2024-03-24T17:22:53","slug":"plastificado-basico-pintinha-lilas-baco","status":"publish","type":"product","link":"https:\/\/dev.eunitecidos.pt\/es\/loja\/plastificados\/plastificado-basico-pintinha-lilas-baco\/","title":{"rendered":"Plastificado | B\u00e1sico | Manchado | Lila (Spleen)"},"content":{"rendered":"<p>Plastificado | B\u00e1sico | Manchado | Lila (Spleen)<\/p>\n<p>Tejido plastificado con superficie mate<\/p>\n<p>1,40 Anchura<\/p>","protected":false},"excerpt":{"rendered":"<p>Plastificado | B\u00e1sico | Manchado | Lila (mate) Tejido plastificado con superficie mate 1,40 ancho<\/p>","protected":false},"featured_media":12400,"comment_status":"closed","ping_status":"closed","template":"","meta":{"_seopress_robots_primary_cat":"92","_seopress_titles_title":"Tecido Plastificado Lil\u00e1s Ba\u00e7o 1,40 Largura","_seopress_titles_desc":"Descubra o tecido plastificado b\u00e1sico com a ador\u00e1vel pintinha lil\u00e1s ba\u00e7o. Ideal para todos os tipos de projetos. Encomende j\u00e1!","_seopress_robots_index":""},"product_brand":[],"product_cat":[251,92,162],"product_tag":[2070,404,786,428,1323,506],"class_list":{"0":"post-12438","1":"product","2":"type-product","3":"status-publish","4":"has-post-thumbnail","6":"product_cat-basicos-plastificados-plastificados","7":"product_cat-plastificados","8":"product_cat-plastificados-plastificados","9":"product_tag-baco","10":"product_tag-basicos","11":"product_tag-impermeaveis","12":"product_tag-lilas","13":"product_tag-pintinhas","14":"product_tag-plastificado","16":"first","17":"instock","18":"taxable","19":"shipping-taxable","20":"purchasable","21":"product-type-simple"},"_links":{"self":[{"href":"https:\/\/dev.eunitecidos.pt\/es\/wp-json\/wp\/v2\/product\/12438","targetHints":{"allow":["GET"]}}],"collection":[{"href":"https:\/\/dev.eunitecidos.pt\/es\/wp-json\/wp\/v2\/product"}],"about":[{"href":"https:\/\/dev.eunitecidos.pt\/es\/wp-json\/wp\/v2\/types\/product"}],"replies":[{"embeddable":true,"href":"https:\/\/dev.eunitecidos.pt\/es\/wp-json\/wp\/v2\/comments?post=12438"}],"wp:featuredmedia":[{"embeddable":true,"href":"https:\/\/dev.eunitecidos.pt\/es\/wp-json\/wp\/v2\/media\/12400"}],"wp:attachment":[{"href":"https:\/\/dev.eunitecidos.pt\/es\/wp-json\/wp\/v2\/media?parent=12438"}],"wp:term":[{"taxonomy":"product_brand","embeddable":true,"href":"https:\/\/dev.eunitecidos.pt\/es\/wp-json\/wp\/v2\/product_brand?post=12438"},{"taxonomy":"product_cat","embeddable":true,"href":"https:\/\/dev.eunitecidos.pt\/es\/wp-json\/wp\/v2\/product_cat?post=12438"},{"taxonomy":"product_tag","embeddable":true,"href":"https:\/\/dev.eunitecidos.pt\/es\/wp-json\/wp\/v2\/product_tag?post=12438"}],"curies":[{"name":"wp","href":"https:\/\/api.w.org\/{rel}","templated":true}]}}