
{"id":13334,"date":"2022-03-10T09:39:24","date_gmt":"2022-03-10T09:39:24","guid":{"rendered":"https:\/\/dev.eunitecidos.pt\/?post_type=product&#038;p=13334"},"modified":"2025-04-06T18:03:45","modified_gmt":"2025-04-06T18:03:45","slug":"tecido-100-algodao-indigo-cozinha-branco","status":"publish","type":"product","link":"https:\/\/dev.eunitecidos.pt\/es\/loja\/texteis\/tecido-100-algodao-indigo-cozinha-branco\/","title":{"rendered":"Tela 100% Algod\u00f3n | \u00cdndigo | Blanco Cocina"},"content":{"rendered":"<p>Tela 100% Algod\u00f3n | \u00cdndigo | Blanco Cocina<\/p>\n<p>Tejido 100% Algod\u00f3n<\/p>\n<p>Algod\u00f3n org\u00e1nico \u00edndigo<\/p>\n<p>Certificado OEKO-TEX y GOTS<\/p>\n<p>1,50 Anchura<\/p>","protected":false},"excerpt":{"rendered":"<p>Tecido 100% Algod\u00e3o | Indigo | Cozinha Branco Tecido 100% Algod\u00e3o Algod\u00e3o Org\u00e2nico da marca Indigo Certificado OEKO-TEX e GOTS 1,50 Largura<\/p>","protected":false},"featured_media":13309,"comment_status":"closed","ping_status":"closed","template":"","meta":{"_seopress_robots_primary_cat":"69","_seopress_titles_title":"Tecido 100% Algod\u00e3o Org\u00e2nico Indigo | Certificado OEKO-TEX e GOTS","_seopress_titles_desc":"Descubra o tecido 100% Algod\u00e3o org\u00e2nico certificado OEKO-TEX e GOTS da marca Indigo com 1,50m de largura. Qualidade e estilo para a sua cozinha!","_seopress_robots_index":""},"product_brand":[],"product_cat":[194,198,135,69],"product_tag":[315,443,307,516,857,340,86,1995,1192,893,1127,1712,1920,102],"class_list":{"0":"post-13334","1":"product","2":"type-product","3":"status-publish","4":"has-post-thumbnail","6":"product_cat-algodao-organico","7":"product_cat-cozinha","8":"product_cat-tecido-100-algodao","9":"product_cat-texteis","10":"product_tag-100-algodao","11":"product_tag-algodao-organico","12":"product_tag-amarelo","13":"product_tag-castanho","14":"product_tag-cozinha","15":"product_tag-estampado","16":"product_tag-flores","17":"product_tag-fundo-branco","18":"product_tag-indigo","19":"product_tag-menta","20":"product_tag-rosa-chyclet","21":"product_tag-tecido-algodao","22":"product_tag-utensilios-de-cozinha","23":"product_tag-verde","25":"first","26":"instock","27":"taxable","28":"shipping-taxable","29":"purchasable","30":"product-type-simple"},"_links":{"self":[{"href":"https:\/\/dev.eunitecidos.pt\/es\/wp-json\/wp\/v2\/product\/13334","targetHints":{"allow":["GET"]}}],"collection":[{"href":"https:\/\/dev.eunitecidos.pt\/es\/wp-json\/wp\/v2\/product"}],"about":[{"href":"https:\/\/dev.eunitecidos.pt\/es\/wp-json\/wp\/v2\/types\/product"}],"replies":[{"embeddable":true,"href":"https:\/\/dev.eunitecidos.pt\/es\/wp-json\/wp\/v2\/comments?post=13334"}],"wp:featuredmedia":[{"embeddable":true,"href":"https:\/\/dev.eunitecidos.pt\/es\/wp-json\/wp\/v2\/media\/13309"}],"wp:attachment":[{"href":"https:\/\/dev.eunitecidos.pt\/es\/wp-json\/wp\/v2\/media?parent=13334"}],"wp:term":[{"taxonomy":"product_brand","embeddable":true,"href":"https:\/\/dev.eunitecidos.pt\/es\/wp-json\/wp\/v2\/product_brand?post=13334"},{"taxonomy":"product_cat","embeddable":true,"href":"https:\/\/dev.eunitecidos.pt\/es\/wp-json\/wp\/v2\/product_cat?post=13334"},{"taxonomy":"product_tag","embeddable":true,"href":"https:\/\/dev.eunitecidos.pt\/es\/wp-json\/wp\/v2\/product_tag?post=13334"}],"curies":[{"name":"wp","href":"https:\/\/api.w.org\/{rel}","templated":true}]}}