
{"id":13441,"date":"2022-03-10T19:47:37","date_gmt":"2022-03-10T19:47:37","guid":{"rendered":"https:\/\/dev.eunitecidos.pt\/?post_type=product&#038;p=13441"},"modified":"2025-05-17T17:21:34","modified_gmt":"2025-05-17T17:21:34","slug":"musselinas-algodao-organico-flor-verde-esmeralda","status":"publish","type":"product","link":"https:\/\/dev.eunitecidos.pt\/es\/loja\/cores\/musselinas-algodao-organico-flor-verde-esmeralda\/","title":{"rendered":"Muselina | Algod\u00f3n org\u00e1nico | Flor | Verde esmeralda"},"content":{"rendered":"<p>Muselina | Algod\u00f3n org\u00e1nico | Flor | Verde esmeralda<\/p>\n<p>Algod\u00f3n org\u00e1nico<\/p>\n<p>1,40 Anchura<\/p>\n<p>Certificado OEKO-TEX<\/p>\n<p>Certificado GOTS<\/p>\n<p>Doble muselina de algod\u00f3n, adecuada para diversos usos como ropa, pa\u00f1ales, mantas de verano, doudous<\/p>","protected":false},"excerpt":{"rendered":"<p>Musselinas | Algod\u00e3o Org\u00e2nico | Flor | Verde Esmeralda Algod\u00e3o Org\u00e2nico 1.40 Largura Certificado OEKO-TEX Certificado GOTS Musselina Dupla de Algod\u00e3o, indicada para v\u00e1rias utiliza\u00e7\u00f5es como vestu\u00e1rio, fraldas, mantas de ver\u00e3o, doudous<\/p>","protected":false},"featured_media":13415,"comment_status":"closed","ping_status":"closed","template":"","meta":{"_seopress_robots_primary_cat":"122","_seopress_titles_title":"Musselina Dupla de Algod\u00e3o Org\u00e2nico Verde Esmeralda | 1,40m Largura","_seopress_titles_desc":"Descubra a versatilidade da Musselina Dupla de Algod\u00e3o Org\u00e2nico, ideal para vestu\u00e1rio, fraldas, mantas de ver\u00e3o e doudous. Certificada para garantir qualidade e sustentabilidade.","_seopress_robots_index":""},"product_brand":[],"product_cat":[131,122,218,141,69,125],"product_tag":[315,443,321,721,1679,302,733,1831],"class_list":{"0":"post-13441","1":"product","2":"type-product","3":"status-publish","4":"has-post-thumbnail","6":"product_cat-branco","7":"product_cat-cores","8":"product_cat-estampadas","9":"product_cat-musselines","10":"product_cat-texteis","11":"product_cat-verde","12":"product_tag-100-algodao","13":"product_tag-algodao-organico","14":"product_tag-branco","15":"product_tag-certificado-oeko-tex","16":"product_tag-estampada","17":"product_tag-estrelas","18":"product_tag-musselinas","19":"product_tag-verde-esmeralda","21":"first","22":"instock","23":"taxable","24":"shipping-taxable","25":"purchasable","26":"product-type-simple"},"_links":{"self":[{"href":"https:\/\/dev.eunitecidos.pt\/es\/wp-json\/wp\/v2\/product\/13441","targetHints":{"allow":["GET"]}}],"collection":[{"href":"https:\/\/dev.eunitecidos.pt\/es\/wp-json\/wp\/v2\/product"}],"about":[{"href":"https:\/\/dev.eunitecidos.pt\/es\/wp-json\/wp\/v2\/types\/product"}],"replies":[{"embeddable":true,"href":"https:\/\/dev.eunitecidos.pt\/es\/wp-json\/wp\/v2\/comments?post=13441"}],"wp:featuredmedia":[{"embeddable":true,"href":"https:\/\/dev.eunitecidos.pt\/es\/wp-json\/wp\/v2\/media\/13415"}],"wp:attachment":[{"href":"https:\/\/dev.eunitecidos.pt\/es\/wp-json\/wp\/v2\/media?parent=13441"}],"wp:term":[{"taxonomy":"product_brand","embeddable":true,"href":"https:\/\/dev.eunitecidos.pt\/es\/wp-json\/wp\/v2\/product_brand?post=13441"},{"taxonomy":"product_cat","embeddable":true,"href":"https:\/\/dev.eunitecidos.pt\/es\/wp-json\/wp\/v2\/product_cat?post=13441"},{"taxonomy":"product_tag","embeddable":true,"href":"https:\/\/dev.eunitecidos.pt\/es\/wp-json\/wp\/v2\/product_tag?post=13441"}],"curies":[{"name":"wp","href":"https:\/\/api.w.org\/{rel}","templated":true}]}}