
{"id":13616,"date":"2022-03-12T15:34:11","date_gmt":"2022-03-12T15:34:11","guid":{"rendered":"https:\/\/dev.eunitecidos.pt\/?post_type=product&#038;p=13616"},"modified":"2022-03-12T15:34:11","modified_gmt":"2022-03-12T15:34:11","slug":"tecido-confecao-vestuario-viscose-com-linho-liso-2","status":"publish","type":"product","link":"https:\/\/dev.eunitecidos.pt\/es\/loja\/texteis\/tecido-confecao-vestuario-viscose-com-linho-liso-2\/","title":{"rendered":"Tejido | Ropa | Viscosa con lino | Liso"},"content":{"rendered":"<p>Tejido | Ropa | Viscosa con lino | Liso<\/p>\n<p>Tejido de viscosa con mezcla de lino<\/p>\n<p>Tejido con buena ca\u00edda y textura de lino<\/p>\n<p>Composici\u00f3n: 78% Viscosa 22% Lino 210 gr\/m2<\/p>\n<p>1,37 Anchura<\/p>","protected":false},"excerpt":{"rendered":"<p>Tecido Confe\u00e7\u00e3o | Vestu\u00e1rio | Viscose com Linho | Liso Tecido de Viscose com mistura de Linho Tecido com boa ca\u00edda e com textura de linho Composi\u00e7\u00e3o: 78% Viscose 22% Linho 210 gr\/m2 1,37 Largura<\/p>","protected":false},"featured_media":13550,"comment_status":"closed","ping_status":"closed","template":"","meta":{"_seopress_robots_primary_cat":"69","_seopress_titles_title":"Tecido de Viscose com Linho | Liso e de Qualidade | Confe\u00e7\u00e3o de Vestu\u00e1rio","_seopress_titles_desc":"Descubra o nosso tecido de viscose com mistura de linho, perfeito para confec\u00e7\u00e3o de vestu\u00e1rio. Composi\u00e7\u00e3o ideal de 78% viscose e 22% linho.","_seopress_robots_index":""},"product_brand":[],"product_cat":[1696,1695,69,157],"product_tag":[516,762,677,1693,378,748],"class_list":{"0":"post-13616","1":"product","2":"type-product","3":"status-publish","4":"has-post-thumbnail","6":"product_cat-lisos-tecidos-de-vestuario","7":"product_cat-tecidos-de-vestuario","8":"product_cat-texteis","9":"product_cat-viscoses","10":"product_tag-castanho","11":"product_tag-linho","12":"product_tag-liso","13":"product_tag-tecido-confecao","14":"product_tag-vestuario","15":"product_tag-viscoses","17":"first","18":"instock","19":"taxable","20":"shipping-taxable","21":"purchasable","22":"product-type-simple"},"_links":{"self":[{"href":"https:\/\/dev.eunitecidos.pt\/es\/wp-json\/wp\/v2\/product\/13616","targetHints":{"allow":["GET"]}}],"collection":[{"href":"https:\/\/dev.eunitecidos.pt\/es\/wp-json\/wp\/v2\/product"}],"about":[{"href":"https:\/\/dev.eunitecidos.pt\/es\/wp-json\/wp\/v2\/types\/product"}],"replies":[{"embeddable":true,"href":"https:\/\/dev.eunitecidos.pt\/es\/wp-json\/wp\/v2\/comments?post=13616"}],"wp:featuredmedia":[{"embeddable":true,"href":"https:\/\/dev.eunitecidos.pt\/es\/wp-json\/wp\/v2\/media\/13550"}],"wp:attachment":[{"href":"https:\/\/dev.eunitecidos.pt\/es\/wp-json\/wp\/v2\/media?parent=13616"}],"wp:term":[{"taxonomy":"product_brand","embeddable":true,"href":"https:\/\/dev.eunitecidos.pt\/es\/wp-json\/wp\/v2\/product_brand?post=13616"},{"taxonomy":"product_cat","embeddable":true,"href":"https:\/\/dev.eunitecidos.pt\/es\/wp-json\/wp\/v2\/product_cat?post=13616"},{"taxonomy":"product_tag","embeddable":true,"href":"https:\/\/dev.eunitecidos.pt\/es\/wp-json\/wp\/v2\/product_tag?post=13616"}],"curies":[{"name":"wp","href":"https:\/\/api.w.org\/{rel}","templated":true}]}}