
{"id":14468,"date":"2022-04-04T17:33:40","date_gmt":"2022-04-04T17:33:40","guid":{"rendered":"https:\/\/dev.eunitecidos.pt\/?post_type=product&#038;p=14468"},"modified":"2025-10-06T12:07:34","modified_gmt":"2025-10-06T12:07:34","slug":"tecidos-100-algodao-disney-mickey-10","status":"publish","type":"product","link":"https:\/\/dev.eunitecidos.pt\/es\/loja\/texteis\/tecidos-100-algodao-disney-mickey-10\/","title":{"rendered":"Telas 100% Algod\u00f3n Disney | Mickey"},"content":{"rendered":"<p>Telas 100% Algod\u00f3n Disney | Mickey<\/p>\n<p>Tejidos con licencia<\/p>\n<p>100% Algod\u00f3n certificado Oeko - Tex<\/p>\n<p>1,50 Anchura<\/p>","protected":false},"excerpt":{"rendered":"<p>Tecidos 100% Algod\u00e3o Disney | Mickey Tecidos Licenciados 100% Algod\u00e3o Certificado Oeko &#8211; Tex 1,50 Largura<\/p>","protected":false},"featured_media":14411,"comment_status":"closed","ping_status":"closed","template":"","meta":{"_seopress_robots_primary_cat":"69","_seopress_titles_title":"Tecidos 100% Algod\u00e3o Disney | Mickey Tecidos Licenciados","_seopress_titles_desc":"Descubra os tecidos 100% Algod\u00e3o Certificado Oeko - Tex 1,50 Largura com os seus personagens favoritos da Disney. Qualidade e divers\u00e3o garantidas!","_seopress_robots_index":""},"product_brand":[],"product_cat":[194,135,69],"product_tag":[315,443,307,449,424,451,452,491,1712,891,102,453],"class_list":{"0":"post-14468","1":"product","2":"type-product","3":"status-publish","4":"has-post-thumbnail","6":"product_cat-algodao-organico","7":"product_cat-tecido-100-algodao","8":"product_cat-texteis","9":"product_tag-100-algodao","10":"product_tag-algodao-organico","11":"product_tag-amarelo","12":"product_tag-disney","13":"product_tag-laranja","14":"product_tag-licencas","15":"product_tag-mickey","16":"product_tag-preto","17":"product_tag-tecido-algodao","18":"product_tag-turquesa","19":"product_tag-verde","20":"product_tag-vermelho","22":"first","23":"instock","24":"taxable","25":"shipping-taxable","26":"purchasable","27":"product-type-simple"},"_links":{"self":[{"href":"https:\/\/dev.eunitecidos.pt\/es\/wp-json\/wp\/v2\/product\/14468","targetHints":{"allow":["GET"]}}],"collection":[{"href":"https:\/\/dev.eunitecidos.pt\/es\/wp-json\/wp\/v2\/product"}],"about":[{"href":"https:\/\/dev.eunitecidos.pt\/es\/wp-json\/wp\/v2\/types\/product"}],"replies":[{"embeddable":true,"href":"https:\/\/dev.eunitecidos.pt\/es\/wp-json\/wp\/v2\/comments?post=14468"}],"wp:featuredmedia":[{"embeddable":true,"href":"https:\/\/dev.eunitecidos.pt\/es\/wp-json\/wp\/v2\/media\/14411"}],"wp:attachment":[{"href":"https:\/\/dev.eunitecidos.pt\/es\/wp-json\/wp\/v2\/media?parent=14468"}],"wp:term":[{"taxonomy":"product_brand","embeddable":true,"href":"https:\/\/dev.eunitecidos.pt\/es\/wp-json\/wp\/v2\/product_brand?post=14468"},{"taxonomy":"product_cat","embeddable":true,"href":"https:\/\/dev.eunitecidos.pt\/es\/wp-json\/wp\/v2\/product_cat?post=14468"},{"taxonomy":"product_tag","embeddable":true,"href":"https:\/\/dev.eunitecidos.pt\/es\/wp-json\/wp\/v2\/product_tag?post=14468"}],"curies":[{"name":"wp","href":"https:\/\/api.w.org\/{rel}","templated":true}]}}