
{"id":14589,"date":"2022-04-05T19:43:30","date_gmt":"2022-04-05T19:43:30","guid":{"rendered":"https:\/\/dev.eunitecidos.pt\/?post_type=product&#038;p=14589"},"modified":"2025-03-28T12:00:15","modified_gmt":"2025-03-28T12:00:15","slug":"tecido-100-algodao-disney-princesas","status":"publish","type":"product","link":"https:\/\/dev.eunitecidos.pt\/es\/loja\/texteis\/tecido-100-algodao-disney-princesas\/","title":{"rendered":"Tela 100% Algod\u00f3n | Disney | Princesas"},"content":{"rendered":"<p>Tela 100% Algod\u00f3n | Disney | Princesas<\/p>\n<p>Tejido 100% Algod\u00f3n org\u00e1nico<\/p>\n<p>Certificado OEKO-TEX<\/p>\n<p>Licencias<\/p>\n<p>1,50 Anchura<\/p>","protected":false},"excerpt":{"rendered":"<p>Tecido 100% Algod\u00e3o | Disney | Princesas Tecido 100% Algod\u00e3o org\u00e2nico Certificado OEKO-TEX Licen\u00e7as 1,50 Largura<\/p>","protected":false},"featured_media":14514,"comment_status":"closed","ping_status":"closed","template":"","meta":{"_seopress_robots_primary_cat":"69","_seopress_titles_title":"Tecido 100% Algod\u00e3o Org\u00e2nico | Disney | Princesas","_seopress_titles_desc":"Descubra tecido 100% algod\u00e3o org\u00e2nico, certificado OEKO-TEX com licen\u00e7as Disney Princesas. Ideal para criar pe\u00e7as incr\u00edveis! Confira agora.","_seopress_robots_index":""},"product_brand":[],"product_cat":[194,195,381,135,69],"product_tag":[315,443,307,298,2254,449,1619,2118,451,491,2252,331,1712,469],"class_list":{"0":"post-14589","1":"product","2":"type-product","3":"status-publish","4":"has-post-thumbnail","6":"product_cat-algodao-organico","7":"product_cat-disney-licencas","8":"product_cat-infantis-tecido-100-algodao","9":"product_cat-tecido-100-algodao","10":"product_cat-texteis","11":"product_tag-100-algodao","12":"product_tag-algodao-organico","13":"product_tag-amarelo","14":"product_tag-azul","15":"product_tag-cinderela","16":"product_tag-disney","17":"product_tag-estampado-infantil","18":"product_tag-fundo-cru","19":"product_tag-licencas","20":"product_tag-preto","21":"product_tag-princesas-disney","22":"product_tag-rosa-velho","23":"product_tag-tecido-algodao","24":"product_tag-verde-agua","26":"first","27":"instock","28":"taxable","29":"shipping-taxable","30":"purchasable","31":"product-type-simple"},"_links":{"self":[{"href":"https:\/\/dev.eunitecidos.pt\/es\/wp-json\/wp\/v2\/product\/14589","targetHints":{"allow":["GET"]}}],"collection":[{"href":"https:\/\/dev.eunitecidos.pt\/es\/wp-json\/wp\/v2\/product"}],"about":[{"href":"https:\/\/dev.eunitecidos.pt\/es\/wp-json\/wp\/v2\/types\/product"}],"replies":[{"embeddable":true,"href":"https:\/\/dev.eunitecidos.pt\/es\/wp-json\/wp\/v2\/comments?post=14589"}],"wp:featuredmedia":[{"embeddable":true,"href":"https:\/\/dev.eunitecidos.pt\/es\/wp-json\/wp\/v2\/media\/14514"}],"wp:attachment":[{"href":"https:\/\/dev.eunitecidos.pt\/es\/wp-json\/wp\/v2\/media?parent=14589"}],"wp:term":[{"taxonomy":"product_brand","embeddable":true,"href":"https:\/\/dev.eunitecidos.pt\/es\/wp-json\/wp\/v2\/product_brand?post=14589"},{"taxonomy":"product_cat","embeddable":true,"href":"https:\/\/dev.eunitecidos.pt\/es\/wp-json\/wp\/v2\/product_cat?post=14589"},{"taxonomy":"product_tag","embeddable":true,"href":"https:\/\/dev.eunitecidos.pt\/es\/wp-json\/wp\/v2\/product_tag?post=14589"}],"curies":[{"name":"wp","href":"https:\/\/api.w.org\/{rel}","templated":true}]}}