
{"id":15315,"date":"2022-05-16T11:37:40","date_gmt":"2022-05-16T11:37:40","guid":{"rendered":"https:\/\/dev.eunitecidos.pt\/?post_type=product&#038;p=15315"},"modified":"2025-05-15T20:54:17","modified_gmt":"2025-05-15T20:54:17","slug":"tecido-loneta-estampado-ferias-de-verao","status":"publish","type":"product","link":"https:\/\/dev.eunitecidos.pt\/es\/loja\/texteis\/tecido-loneta-estampado-ferias-de-verao\/","title":{"rendered":"Tejido Loneta | Estampado | Vacaciones de verano"},"content":{"rendered":"<p>Tejido Loneta | Estampado | Vacaciones de verano<\/p>\n<p>Composici\u00f3n: 65% Algod\u00f3n 35% Poli\u00e9ster<\/p>\n<p>2,80 Anchura<\/p>","protected":false},"excerpt":{"rendered":"<p>Tecido Loneta |\u00a0 Estampado | F\u00e9rias de Ver\u00e3o Composi\u00e7\u00e3o: 65% Algod\u00e3o 35% Poli\u00e9ster 2,80 Largura<\/p>","protected":false},"featured_media":15280,"comment_status":"closed","ping_status":"closed","template":"","meta":{"_seopress_robots_primary_cat":"69","_seopress_titles_title":"Tecido Loneta Estampado para F\u00e9rias de Ver\u00e3o","_seopress_titles_desc":"Descubra o tecido loneta estampado ideal para as suas f\u00e9rias de ver\u00e3o. Composi\u00e7\u00e3o de 65% algod\u00e3o e 35% poli\u00e9ster, com 2,80 metros de largura.","_seopress_robots_index":""},"product_brand":[],"product_cat":[244,242,159,69],"product_tag":[307,319,2319,1894,351,2040,340,2317,86,1922,2318,893,853,1693,1659,102],"class_list":{"0":"post-15315","1":"product","2":"type-product","3":"status-publish","4":"has-post-thumbnail","6":"product_cat-estampadas-lonetas","7":"product_cat-lonetas","8":"product_cat-tecidos-decoracao","9":"product_cat-texteis","10":"product_tag-amarelo","11":"product_tag-bege","12":"product_tag-bicicleta","13":"product_tag-casa-de-praia","14":"product_tag-cinza","15":"product_tag-conchas","16":"product_tag-estampado","17":"product_tag-ferias-de-verao","18":"product_tag-flores","19":"product_tag-limao","20":"product_tag-mala-de-viagem","21":"product_tag-menta","22":"product_tag-oculos-de-sol","23":"product_tag-tecido-confecao","24":"product_tag-tecido-loneta","25":"product_tag-verde","27":"first","28":"instock","29":"taxable","30":"shipping-taxable","31":"purchasable","32":"product-type-simple"},"_links":{"self":[{"href":"https:\/\/dev.eunitecidos.pt\/es\/wp-json\/wp\/v2\/product\/15315","targetHints":{"allow":["GET"]}}],"collection":[{"href":"https:\/\/dev.eunitecidos.pt\/es\/wp-json\/wp\/v2\/product"}],"about":[{"href":"https:\/\/dev.eunitecidos.pt\/es\/wp-json\/wp\/v2\/types\/product"}],"replies":[{"embeddable":true,"href":"https:\/\/dev.eunitecidos.pt\/es\/wp-json\/wp\/v2\/comments?post=15315"}],"wp:featuredmedia":[{"embeddable":true,"href":"https:\/\/dev.eunitecidos.pt\/es\/wp-json\/wp\/v2\/media\/15280"}],"wp:attachment":[{"href":"https:\/\/dev.eunitecidos.pt\/es\/wp-json\/wp\/v2\/media?parent=15315"}],"wp:term":[{"taxonomy":"product_brand","embeddable":true,"href":"https:\/\/dev.eunitecidos.pt\/es\/wp-json\/wp\/v2\/product_brand?post=15315"},{"taxonomy":"product_cat","embeddable":true,"href":"https:\/\/dev.eunitecidos.pt\/es\/wp-json\/wp\/v2\/product_cat?post=15315"},{"taxonomy":"product_tag","embeddable":true,"href":"https:\/\/dev.eunitecidos.pt\/es\/wp-json\/wp\/v2\/product_tag?post=15315"}],"curies":[{"name":"wp","href":"https:\/\/api.w.org\/{rel}","templated":true}]}}