
{"id":15380,"date":"2022-06-03T09:04:32","date_gmt":"2022-06-03T09:04:32","guid":{"rendered":"https:\/\/dev.eunitecidos.pt\/?post_type=product&#038;p=15380"},"modified":"2025-04-11T21:55:14","modified_gmt":"2025-04-11T21:55:14","slug":"tecido-loneta-estampado-mar","status":"publish","type":"product","link":"https:\/\/dev.eunitecidos.pt\/es\/loja\/texteis\/tecido-loneta-estampado-mar\/","title":{"rendered":"Tejido Loneta | Estampado | Mar"},"content":{"rendered":"<p>Tejido Loneta | Estampado | Mar<\/p>\n<p>Composici\u00f3n: 65% Algod\u00f3n 35% Poli\u00e9ster<\/p>\n<p>1,5 Anchura<\/p>","protected":false},"excerpt":{"rendered":"<p>Tejido Loneta | Estampado | Mar Composici\u00f3n: 65% Algod\u00f3n 35% Poli\u00e9ster 1.5 Ancho<\/p>","protected":false},"featured_media":15220,"comment_status":"closed","ping_status":"closed","template":"","meta":{"_seopress_robots_primary_cat":"69","_seopress_titles_title":"Tecido Loneta Estampado Mar 65% Algod\u00e3o 35% Poli\u00e9ster","_seopress_titles_desc":"Descubra a versatilidade do tecido loneta estampado para costura, com composi\u00e7\u00e3o de 65% algod\u00e3o e 35% poli\u00e9ster. Largura de 1,5m ideal para diversos projetos!","_seopress_robots_index":""},"product_brand":[],"product_cat":[244,242,159,69],"product_tag":[298,319,321,351,2040,515,340,738,1932,424,743,100,90,1758,1659,456],"class_list":{"0":"post-15380","1":"product","2":"type-product","3":"status-publish","4":"has-post-thumbnail","6":"product_cat-estampadas-lonetas","7":"product_cat-lonetas","8":"product_cat-tecidos-decoracao","9":"product_cat-texteis","10":"product_tag-azul","11":"product_tag-bege","12":"product_tag-branco","13":"product_tag-cinza","14":"product_tag-conchas","15":"product_tag-coral","16":"product_tag-estampado","17":"product_tag-estrela-do-mar","18":"product_tag-fundo-do-mar","19":"product_tag-laranja","20":"product_tag-leme","21":"product_tag-praia","22":"product_tag-riscas","23":"product_tag-tecido-decoracao","24":"product_tag-tecido-loneta","25":"product_tag-verao","27":"first","28":"instock","29":"taxable","30":"shipping-taxable","31":"purchasable","32":"product-type-simple"},"_links":{"self":[{"href":"https:\/\/dev.eunitecidos.pt\/es\/wp-json\/wp\/v2\/product\/15380","targetHints":{"allow":["GET"]}}],"collection":[{"href":"https:\/\/dev.eunitecidos.pt\/es\/wp-json\/wp\/v2\/product"}],"about":[{"href":"https:\/\/dev.eunitecidos.pt\/es\/wp-json\/wp\/v2\/types\/product"}],"replies":[{"embeddable":true,"href":"https:\/\/dev.eunitecidos.pt\/es\/wp-json\/wp\/v2\/comments?post=15380"}],"wp:featuredmedia":[{"embeddable":true,"href":"https:\/\/dev.eunitecidos.pt\/es\/wp-json\/wp\/v2\/media\/15220"}],"wp:attachment":[{"href":"https:\/\/dev.eunitecidos.pt\/es\/wp-json\/wp\/v2\/media?parent=15380"}],"wp:term":[{"taxonomy":"product_brand","embeddable":true,"href":"https:\/\/dev.eunitecidos.pt\/es\/wp-json\/wp\/v2\/product_brand?post=15380"},{"taxonomy":"product_cat","embeddable":true,"href":"https:\/\/dev.eunitecidos.pt\/es\/wp-json\/wp\/v2\/product_cat?post=15380"},{"taxonomy":"product_tag","embeddable":true,"href":"https:\/\/dev.eunitecidos.pt\/es\/wp-json\/wp\/v2\/product_tag?post=15380"}],"curies":[{"name":"wp","href":"https:\/\/api.w.org\/{rel}","templated":true}]}}