
{"id":15425,"date":"2022-05-12T08:14:06","date_gmt":"2022-05-12T08:14:06","guid":{"rendered":"https:\/\/dev.eunitecidos.pt\/?post_type=product&#038;p=15425"},"modified":"2024-10-08T12:14:55","modified_gmt":"2024-10-08T12:14:55","slug":"lona-teflon-risca-larga-turquesa-cor-307","status":"publish","type":"product","link":"https:\/\/dev.eunitecidos.pt\/es\/loja\/texteis\/lona-teflon-risca-larga-turquesa-cor-307\/","title":{"rendered":"Lona | Tefl\u00f3n | Raya Ancha | Turquesa ( Rayas 403)"},"content":{"rendered":"<p>Lona | Tefl\u00f3n | Raya Ancha | Turquesa ( Rayas 403)<\/p>\n<p>Lona con acabado de tefl\u00f3n, que impide que el agua se deslice y penetre en el tejido.<\/p>\n<p>Se caracteriza por ser un tejido fuerte, resistente y r\u00edgido que a\u00edsla del sol.<\/p>\n<p>Tejido para decoraci\u00f3n de exteriores, ideal para toldos y p\u00e9rgolas.<\/p>\n<p>Puede coserse en una m\u00e1quina dom\u00e9stica, pero recomendamos utilizar una aguja 90\/14 e hilo de poli\u00e9ster 100%.<\/p>\n<p>Composici\u00f3n: 50% Acr\u00edlico 50% Poli\u00e9ster 230gr\/m2<\/p>\n<p>Ca\u00edda: R\u00edgida<\/p>\n<p>Anchura: 3,20 metros<\/p>","protected":false},"excerpt":{"rendered":"<p>Lona | Teflon | Risca Larga | Turquesa ( Rayas 403) Lona com acabamento em teflon, que evita que a \u00e1gua escorra e penetre no tecido. Caracteriza-se por ser um tecido isolante do sol, forte, resistente e r\u00edgido. Tecido para decora\u00e7\u00e3o exterior, ideal para toldos e p\u00e9rgolas. Pode ser costurado em m\u00e1quina dom\u00e9stica mas aconselha-se [&hellip;]<\/p>","protected":false},"featured_media":15421,"comment_status":"closed","ping_status":"closed","template":"","meta":{"_seopress_robots_primary_cat":"69","_seopress_titles_title":"Lona Turquesa Risca Larga | Teflon Acabamento | Tecido Resistente e R\u00edgido","_seopress_titles_desc":"Lona com acabamento em teflon para prote\u00e7\u00e3o contra \u00e1gua e sol. Ideal para toldos e p\u00e9rgolas. Composi\u00e7\u00e3o: 80% Acr\u00edlico 20% Poli\u00e9ster. Largura: 3,20 mt.","_seopress_robots_index":""},"product_brand":[],"product_cat":[2064,159,69],"product_tag":[2268,321,2336,787,951,2337,2068,2185,2335,1622,90,334,1758,891],"class_list":{"0":"post-15425","1":"product","2":"type-product","3":"status-publish","4":"has-post-thumbnail","6":"product_cat-lonas","7":"product_cat-tecidos-decoracao","8":"product_cat-texteis","9":"product_tag-acrilico","10":"product_tag-branco","11":"product_tag-chuva","12":"product_tag-exterior","13":"product_tag-impermeavel","14":"product_tag-lonas","15":"product_tag-lonas-com-tratamento-teflon","16":"product_tag-poliester","17":"product_tag-resistrnte","18":"product_tag-risca-larga","19":"product_tag-riscas","20":"product_tag-sol","21":"product_tag-tecido-decoracao","22":"product_tag-turquesa","24":"first","25":"instock","26":"taxable","27":"shipping-taxable","28":"purchasable","29":"product-type-simple"},"_links":{"self":[{"href":"https:\/\/dev.eunitecidos.pt\/es\/wp-json\/wp\/v2\/product\/15425","targetHints":{"allow":["GET"]}}],"collection":[{"href":"https:\/\/dev.eunitecidos.pt\/es\/wp-json\/wp\/v2\/product"}],"about":[{"href":"https:\/\/dev.eunitecidos.pt\/es\/wp-json\/wp\/v2\/types\/product"}],"replies":[{"embeddable":true,"href":"https:\/\/dev.eunitecidos.pt\/es\/wp-json\/wp\/v2\/comments?post=15425"}],"wp:featuredmedia":[{"embeddable":true,"href":"https:\/\/dev.eunitecidos.pt\/es\/wp-json\/wp\/v2\/media\/15421"}],"wp:attachment":[{"href":"https:\/\/dev.eunitecidos.pt\/es\/wp-json\/wp\/v2\/media?parent=15425"}],"wp:term":[{"taxonomy":"product_brand","embeddable":true,"href":"https:\/\/dev.eunitecidos.pt\/es\/wp-json\/wp\/v2\/product_brand?post=15425"},{"taxonomy":"product_cat","embeddable":true,"href":"https:\/\/dev.eunitecidos.pt\/es\/wp-json\/wp\/v2\/product_cat?post=15425"},{"taxonomy":"product_tag","embeddable":true,"href":"https:\/\/dev.eunitecidos.pt\/es\/wp-json\/wp\/v2\/product_tag?post=15425"}],"curies":[{"name":"wp","href":"https:\/\/api.w.org\/{rel}","templated":true}]}}