
{"id":16051,"date":"2022-06-20T19:24:23","date_gmt":"2022-06-20T19:24:23","guid":{"rendered":"https:\/\/dev.eunitecidos.pt\/?post_type=product&#038;p=16051"},"modified":"2022-06-23T08:28:22","modified_gmt":"2022-06-23T08:28:22","slug":"tecido-algodao-indigo-pastelaria-2","status":"publish","type":"product","link":"https:\/\/dev.eunitecidos.pt\/es\/loja\/texteis\/tecido-algodao-indigo-pastelaria-2\/","title":{"rendered":"Tejido de algod\u00f3n | \u00cdndigo | Pasteler\u00eda"},"content":{"rendered":"<p>Tejido de algod\u00f3n | \u00cdndigo | Pasteler\u00eda<\/p>\n<p>Tejido de algod\u00f3n Indigo 100%<\/p>\n<p>Algod\u00f3n org\u00e1nico<\/p>\n<p>1,50 Anchura<\/p>","protected":false},"excerpt":{"rendered":"<p>Tecido Algod\u00e3o | Indigo | Pastelaria Tecido 100% Algod\u00e3o da marca Indigo Algod\u00e3o Org\u00e2nico 1,50 Largura<\/p>","protected":false},"featured_media":15909,"comment_status":"closed","ping_status":"closed","template":"","meta":{"_seopress_robots_primary_cat":"69","_seopress_titles_title":"Tecido 100% Algod\u00e3o Indigo | Organico | 1,50 Largura","_seopress_titles_desc":"Encontre o tecido de algod\u00e3o perfeito da marca Indigo Algod\u00e3o Org\u00e2nico, com 1,50 metros de largura, na Pastelaria. Ideal para os seus projetos de costura!","_seopress_robots_index":""},"product_brand":[],"product_cat":[194,135,199,69],"product_tag":[315,443,2292,2293,321,1929,2415,351,2418,2143,2416,340,2417,1192,2147,491,320,1712,102,453],"class_list":{"0":"post-16051","1":"product","2":"type-product","3":"status-publish","4":"has-post-thumbnail","6":"product_cat-algodao-organico","7":"product_cat-tecido-100-algodao","8":"product_cat-tematicos","9":"product_cat-texteis","10":"product_tag-100-algodao","11":"product_tag-algodao-organico","12":"product_tag-bolachas","13":"product_tag-bolos","14":"product_tag-branco","15":"product_tag-cereja","16":"product_tag-chavena","17":"product_tag-cinza","18":"product_tag-colher","19":"product_tag-cupcakes","20":"product_tag-donuts","21":"product_tag-estampado","22":"product_tag-garfo","23":"product_tag-indigo","24":"product_tag-pastelaria","25":"product_tag-preto","26":"product_tag-rosa","27":"product_tag-tecido-algodao","28":"product_tag-verde","29":"product_tag-vermelho","31":"first","32":"instock","33":"taxable","34":"shipping-taxable","35":"purchasable","36":"product-type-simple"},"_links":{"self":[{"href":"https:\/\/dev.eunitecidos.pt\/es\/wp-json\/wp\/v2\/product\/16051","targetHints":{"allow":["GET"]}}],"collection":[{"href":"https:\/\/dev.eunitecidos.pt\/es\/wp-json\/wp\/v2\/product"}],"about":[{"href":"https:\/\/dev.eunitecidos.pt\/es\/wp-json\/wp\/v2\/types\/product"}],"replies":[{"embeddable":true,"href":"https:\/\/dev.eunitecidos.pt\/es\/wp-json\/wp\/v2\/comments?post=16051"}],"wp:featuredmedia":[{"embeddable":true,"href":"https:\/\/dev.eunitecidos.pt\/es\/wp-json\/wp\/v2\/media\/15909"}],"wp:attachment":[{"href":"https:\/\/dev.eunitecidos.pt\/es\/wp-json\/wp\/v2\/media?parent=16051"}],"wp:term":[{"taxonomy":"product_brand","embeddable":true,"href":"https:\/\/dev.eunitecidos.pt\/es\/wp-json\/wp\/v2\/product_brand?post=16051"},{"taxonomy":"product_cat","embeddable":true,"href":"https:\/\/dev.eunitecidos.pt\/es\/wp-json\/wp\/v2\/product_cat?post=16051"},{"taxonomy":"product_tag","embeddable":true,"href":"https:\/\/dev.eunitecidos.pt\/es\/wp-json\/wp\/v2\/product_tag?post=16051"}],"curies":[{"name":"wp","href":"https:\/\/api.w.org\/{rel}","templated":true}]}}