
{"id":16397,"date":"2022-06-24T18:56:06","date_gmt":"2022-06-24T18:56:06","guid":{"rendered":"https:\/\/dev.eunitecidos.pt\/?post_type=product&#038;p=16397"},"modified":"2025-11-27T11:58:00","modified_gmt":"2025-11-27T11:58:00","slug":"tecido-algodao-100-algodao-estampado-floral-arabesco-2","status":"publish","type":"product","link":"https:\/\/dev.eunitecidos.pt\/es\/loja\/texteis\/tecido-algodao-100-algodao-estampado-floral-arabesco-2\/","title":{"rendered":"Tejido Algod\u00f3n | 100% Algod\u00f3n | Estampado | Arabesque Floral"},"content":{"rendered":"<p>Tejido Algod\u00f3n | 100% Algod\u00f3n | Estampado | Arabesque Floral<\/p>\n<p>Tejido 100% Algod\u00f3n<\/p>\n<p>1,50 Anchura<\/p>","protected":false},"excerpt":{"rendered":"<p>Tecido Algod\u00e3o | 100% Algod\u00e3o | Estampado | Floral Arabesco Tecido 100% Algod\u00e3o 1,50 Largura<\/p>","protected":false},"featured_media":16378,"comment_status":"closed","ping_status":"closed","template":"","meta":{"_seopress_robots_primary_cat":"69","_seopress_titles_title":"Tecido Algod\u00e3o Estampado Floral Arabesco | 100% Algod\u00e3o","_seopress_titles_desc":"Descubra o tecido 100% algod\u00e3o com estampa floral arabesco. Qualidade e eleg\u00e2ncia em 1,50m de largura. Perfeito para os seus projetos de costura!","_seopress_robots_index":""},"product_brand":[],"product_cat":[360,197,135,69],"product_tag":[315,2442,884,340,1798,1995,424,925,1712,891,882,1987],"class_list":{"0":"post-16397","1":"product","2":"type-product","3":"status-publish","4":"has-post-thumbnail","6":"product_cat-estampados-tecido-100-algodao","7":"product_cat-florais-tropicais","8":"product_cat-tecido-100-algodao","9":"product_cat-texteis","10":"product_tag-100-algodao","11":"product_tag-arabescos","12":"product_tag-azulao","13":"product_tag-estampado","14":"product_tag-floral","15":"product_tag-fundo-branco","16":"product_tag-laranja","17":"product_tag-magenta","18":"product_tag-tecido-algodao","19":"product_tag-turquesa","20":"product_tag-verde-alface","21":"product_tag-verde-relva","23":"first","24":"instock","25":"taxable","26":"shipping-taxable","27":"purchasable","28":"product-type-simple"},"_links":{"self":[{"href":"https:\/\/dev.eunitecidos.pt\/es\/wp-json\/wp\/v2\/product\/16397","targetHints":{"allow":["GET"]}}],"collection":[{"href":"https:\/\/dev.eunitecidos.pt\/es\/wp-json\/wp\/v2\/product"}],"about":[{"href":"https:\/\/dev.eunitecidos.pt\/es\/wp-json\/wp\/v2\/types\/product"}],"replies":[{"embeddable":true,"href":"https:\/\/dev.eunitecidos.pt\/es\/wp-json\/wp\/v2\/comments?post=16397"}],"wp:featuredmedia":[{"embeddable":true,"href":"https:\/\/dev.eunitecidos.pt\/es\/wp-json\/wp\/v2\/media\/16378"}],"wp:attachment":[{"href":"https:\/\/dev.eunitecidos.pt\/es\/wp-json\/wp\/v2\/media?parent=16397"}],"wp:term":[{"taxonomy":"product_brand","embeddable":true,"href":"https:\/\/dev.eunitecidos.pt\/es\/wp-json\/wp\/v2\/product_brand?post=16397"},{"taxonomy":"product_cat","embeddable":true,"href":"https:\/\/dev.eunitecidos.pt\/es\/wp-json\/wp\/v2\/product_cat?post=16397"},{"taxonomy":"product_tag","embeddable":true,"href":"https:\/\/dev.eunitecidos.pt\/es\/wp-json\/wp\/v2\/product_tag?post=16397"}],"curies":[{"name":"wp","href":"https:\/\/api.w.org\/{rel}","templated":true}]}}