
{"id":16409,"date":"2022-06-24T09:49:24","date_gmt":"2022-06-24T09:49:24","guid":{"rendered":"https:\/\/dev.eunitecidos.pt\/?post_type=product&#038;p=16409"},"modified":"2022-11-09T10:47:58","modified_gmt":"2022-11-09T10:47:58","slug":"tecido-algodao-100-algodao-estampado-floral-romantico","status":"publish","type":"product","link":"https:\/\/dev.eunitecidos.pt\/es\/loja\/texteis\/tecido-algodao-100-algodao-estampado-floral-romantico\/","title":{"rendered":"Tejido Algod\u00f3n | 100% Algod\u00f3n | Estampado | Floral Rom\u00e1ntico"},"content":{"rendered":"<p>Tejido Algod\u00f3n | 100% Algod\u00f3n | Estampado | Floral Rom\u00e1ntico<\/p>\n<p>Tejido 100% Algod\u00f3n<\/p>\n<p>1,50 Anchura<\/p>","protected":false},"excerpt":{"rendered":"<p>Tecido Algod\u00e3o | 100% Algod\u00e3o | Estampado | Floral Rom\u00e2ntico Tecido 100% Algod\u00e3o 1,50 Largura<\/p>","protected":false},"featured_media":16360,"comment_status":"closed","ping_status":"closed","template":"","meta":{"_seopress_robots_primary_cat":"69","_seopress_titles_title":"Tecido Algod\u00e3o Estampado Floral Rom\u00e2ntico 100% Algod\u00e3o","_seopress_titles_desc":"Descubra o tecido de algod\u00e3o 100% com estampado floral rom\u00e2ntico. Dispon\u00edvel em 1,50 metros de largura. Ideal para os seus projetos de costura!","_seopress_robots_index":""},"product_brand":[],"product_cat":[360,197,135,69],"product_tag":[315,321,340,1798,1323,2444,722,2162,1712,1472],"class_list":{"0":"post-16409","1":"product","2":"type-product","3":"status-publish","4":"has-post-thumbnail","6":"product_cat-estampados-tecido-100-algodao","7":"product_cat-florais-tropicais","8":"product_cat-tecido-100-algodao","9":"product_cat-texteis","10":"product_tag-100-algodao","11":"product_tag-branco","12":"product_tag-estampado","13":"product_tag-floral","14":"product_tag-pintinhas","15":"product_tag-romantico","16":"product_tag-rosa-bebe","17":"product_tag-rosas","18":"product_tag-tecido-algodao","19":"product_tag-verde-escuro","21":"first","22":"instock","23":"taxable","24":"shipping-taxable","25":"purchasable","26":"product-type-simple"},"_links":{"self":[{"href":"https:\/\/dev.eunitecidos.pt\/es\/wp-json\/wp\/v2\/product\/16409","targetHints":{"allow":["GET"]}}],"collection":[{"href":"https:\/\/dev.eunitecidos.pt\/es\/wp-json\/wp\/v2\/product"}],"about":[{"href":"https:\/\/dev.eunitecidos.pt\/es\/wp-json\/wp\/v2\/types\/product"}],"replies":[{"embeddable":true,"href":"https:\/\/dev.eunitecidos.pt\/es\/wp-json\/wp\/v2\/comments?post=16409"}],"wp:featuredmedia":[{"embeddable":true,"href":"https:\/\/dev.eunitecidos.pt\/es\/wp-json\/wp\/v2\/media\/16360"}],"wp:attachment":[{"href":"https:\/\/dev.eunitecidos.pt\/es\/wp-json\/wp\/v2\/media?parent=16409"}],"wp:term":[{"taxonomy":"product_brand","embeddable":true,"href":"https:\/\/dev.eunitecidos.pt\/es\/wp-json\/wp\/v2\/product_brand?post=16409"},{"taxonomy":"product_cat","embeddable":true,"href":"https:\/\/dev.eunitecidos.pt\/es\/wp-json\/wp\/v2\/product_cat?post=16409"},{"taxonomy":"product_tag","embeddable":true,"href":"https:\/\/dev.eunitecidos.pt\/es\/wp-json\/wp\/v2\/product_tag?post=16409"}],"curies":[{"name":"wp","href":"https:\/\/api.w.org\/{rel}","templated":true}]}}