
{"id":17367,"date":"2022-08-28T23:14:09","date_gmt":"2022-08-28T23:14:09","guid":{"rendered":"https:\/\/dev.eunitecidos.pt\/?post_type=product&#038;p=17367"},"modified":"2025-08-20T20:46:29","modified_gmt":"2025-08-20T20:46:29","slug":"linha-de-bordar-polyneon-madeira-azul-1896","status":"publish","type":"product","link":"https:\/\/dev.eunitecidos.pt\/es\/loja\/retrosaria\/linha-de-bordar-polyneon-madeira-azul-1896\/","title":{"rendered":"Hilo de bordar | Polyneon | Madera | Azul 1896"},"content":{"rendered":"<p>Hilo de bordar | Polyneon | Madera | Azul 1896<\/p>\n<p>Polyneon, gracias a su resistencia al cloro, es el hilo de bordar ideal para prendas vaqueras y que requieren lavados frecuentes. Recomendado para ropa deportiva, de ba\u00f1o, infantil y de trabajo, incluidos los productos de hosteler\u00eda.<\/p>\n<p><strong>Recomendaci\u00f3n para el tratamiento con cloro<\/strong>hasta 20 gramos de cloro activo por litro.<\/p>\n<p><strong>Temperatura: <\/strong>Hasta 30*C, tiempo de tratamiento 30min.<\/p>\n<p>Certificado OEKO-TEX<\/p>\n<p>Conos de 1000 metros<\/p>\n<p>100% Poli\u00e9ster<\/p>\n<p>Descubra a linha de bordar Polyneon Azul 1896 da Madeira, resistente ao cloro e ideal para artigos sujeitos a denim-wash e lavagens frequentes. Certificado OEKO-TEX. Cones de 1000mt.<\/p>","protected":false},"excerpt":{"rendered":"<p>Linha de Bordar | Polyneon | Madeira | Azul 1896 Polyneon, devido \u00e0 sua resist\u00eancia ao cloro, \u00e9 a linha de bordar ideal para artigos sujeitos a denim-wash e para aqueles que requerem frequentes lavagens. Recomendado para roupas de desporto, roupa de nata\u00e7\u00e3o, roupa de crian\u00e7a e roupa de trabalho, incluindo produtos de hotelaria. Recomenda\u00e7\u00e3o [&hellip;]<\/p>","protected":false},"featured_media":17254,"comment_status":"closed","ping_status":"closed","template":"","meta":{"_seopress_robots_primary_cat":"72","_seopress_titles_title":"Linha de Bordar Polyneon Azul 1896 | Madeira","_seopress_titles_desc":"Descubra a linha de bordar Polyneon Azul 1896 da Madeira, resistente ao cloro e ideal para artigos sujeitos a denim-wash e lavagens frequentes. Certificado OEKO-TEX. Cones de 1000mt.","_seopress_robots_index":""},"product_brand":[],"product_cat":[2110,2567,72],"product_tag":[707,1983,298,2481,2482,1460,2483],"class_list":{"0":"post-17367","1":"product","2":"type-product","3":"status-publish","4":"has-post-thumbnail","6":"product_cat-linhas","7":"product_cat-linhas-bordar","8":"product_cat-retrosaria","9":"product_tag-100-poliester","10":"product_tag-1000-metros","11":"product_tag-azul","12":"product_tag-linha-de-bordar","13":"product_tag-madeira","14":"product_tag-maquina","15":"product_tag-polyneon","17":"first","18":"instock","19":"taxable","20":"shipping-taxable","21":"purchasable","22":"product-type-simple"},"_links":{"self":[{"href":"https:\/\/dev.eunitecidos.pt\/es\/wp-json\/wp\/v2\/product\/17367","targetHints":{"allow":["GET"]}}],"collection":[{"href":"https:\/\/dev.eunitecidos.pt\/es\/wp-json\/wp\/v2\/product"}],"about":[{"href":"https:\/\/dev.eunitecidos.pt\/es\/wp-json\/wp\/v2\/types\/product"}],"replies":[{"embeddable":true,"href":"https:\/\/dev.eunitecidos.pt\/es\/wp-json\/wp\/v2\/comments?post=17367"}],"wp:featuredmedia":[{"embeddable":true,"href":"https:\/\/dev.eunitecidos.pt\/es\/wp-json\/wp\/v2\/media\/17254"}],"wp:attachment":[{"href":"https:\/\/dev.eunitecidos.pt\/es\/wp-json\/wp\/v2\/media?parent=17367"}],"wp:term":[{"taxonomy":"product_brand","embeddable":true,"href":"https:\/\/dev.eunitecidos.pt\/es\/wp-json\/wp\/v2\/product_brand?post=17367"},{"taxonomy":"product_cat","embeddable":true,"href":"https:\/\/dev.eunitecidos.pt\/es\/wp-json\/wp\/v2\/product_cat?post=17367"},{"taxonomy":"product_tag","embeddable":true,"href":"https:\/\/dev.eunitecidos.pt\/es\/wp-json\/wp\/v2\/product_tag?post=17367"}],"curies":[{"name":"wp","href":"https:\/\/api.w.org\/{rel}","templated":true}]}}