
{"id":20081,"date":"2022-11-09T21:10:48","date_gmt":"2022-11-09T21:10:48","guid":{"rendered":"https:\/\/dev.eunitecidos.pt\/?post_type=product&#038;p=20081"},"modified":"2024-06-09T07:26:54","modified_gmt":"2024-06-09T07:26:54","slug":"tecido-hp-estampado-borboletas","status":"publish","type":"product","link":"https:\/\/dev.eunitecidos.pt\/es\/loja\/texteis\/tecido-hp-estampado-borboletas\/","title":{"rendered":"Hp Fabric | Impreso | Mariposas"},"content":{"rendered":"<p>Hp Fabric | Impreso | Mariposas<\/p>\n<p>Tejido estampado sobre una base de estopa de lino.<\/p>\n<p>Un tejido ligeramente m\u00e1s grueso, muy similar a la lona.<\/p>\n<p>Composici\u00f3n: 65% Algod\u00f3n\/35% Poli\u00e9ster<\/p>\n<p>1,40 Anchura<\/p>","protected":false},"excerpt":{"rendered":"<p>Tecido Hp | Estampado | Borboletas Tecido estampado em base de estopa de linho. Tecido um pouco mais encorpado, muito semelhante \u00e0s lonetas. Composi\u00e7\u00e3o: 65% Algod\u00e3o\/35% Poli\u00e9ster 1,40 Largura<\/p>","protected":false},"featured_media":20076,"comment_status":"closed","ping_status":"closed","template":"","meta":{"_seopress_robots_primary_cat":"69","_seopress_titles_title":"Tecido Hp | Estampado | Borboletas","_seopress_titles_desc":"Tecido estampado em estopa de linho, similar \u00e0s lonetas. Composi\u00e7\u00e3o de algod\u00e3o\/poli\u00e9ster. Ideal para cria\u00e7\u00f5es \u00fanicas e originais!","_seopress_robots_index":""},"product_brand":[],"product_cat":[249,159,69],"product_tag":[290,364,778,321,340,2001,893,2185,2330,2486,1662,2583],"class_list":{"0":"post-20081","1":"product","2":"type-product","3":"status-publish","4":"has-post-thumbnail","6":"product_cat-estopa-linho","7":"product_cat-tecidos-decoracao","8":"product_cat-texteis","9":"product_tag-algodao","10":"product_tag-borboletas","11":"product_tag-bordo","12":"product_tag-branco","13":"product_tag-estampado","14":"product_tag-fundo-bege","15":"product_tag-menta","16":"product_tag-poliester","17":"product_tag-rosa-blush","18":"product_tag-rosa-chiclete","19":"product_tag-tecido-estopa-linho","20":"product_tag-tecido-hp","22":"first","23":"instock","24":"taxable","25":"shipping-taxable","26":"purchasable","27":"product-type-simple"},"_links":{"self":[{"href":"https:\/\/dev.eunitecidos.pt\/es\/wp-json\/wp\/v2\/product\/20081","targetHints":{"allow":["GET"]}}],"collection":[{"href":"https:\/\/dev.eunitecidos.pt\/es\/wp-json\/wp\/v2\/product"}],"about":[{"href":"https:\/\/dev.eunitecidos.pt\/es\/wp-json\/wp\/v2\/types\/product"}],"replies":[{"embeddable":true,"href":"https:\/\/dev.eunitecidos.pt\/es\/wp-json\/wp\/v2\/comments?post=20081"}],"wp:featuredmedia":[{"embeddable":true,"href":"https:\/\/dev.eunitecidos.pt\/es\/wp-json\/wp\/v2\/media\/20076"}],"wp:attachment":[{"href":"https:\/\/dev.eunitecidos.pt\/es\/wp-json\/wp\/v2\/media?parent=20081"}],"wp:term":[{"taxonomy":"product_brand","embeddable":true,"href":"https:\/\/dev.eunitecidos.pt\/es\/wp-json\/wp\/v2\/product_brand?post=20081"},{"taxonomy":"product_cat","embeddable":true,"href":"https:\/\/dev.eunitecidos.pt\/es\/wp-json\/wp\/v2\/product_cat?post=20081"},{"taxonomy":"product_tag","embeddable":true,"href":"https:\/\/dev.eunitecidos.pt\/es\/wp-json\/wp\/v2\/product_tag?post=20081"}],"curies":[{"name":"wp","href":"https:\/\/api.w.org\/{rel}","templated":true}]}}