
{"id":21072,"date":"2022-12-08T20:34:51","date_gmt":"2022-12-08T20:34:51","guid":{"rendered":"https:\/\/dev.eunitecidos.pt\/?post_type=product&#038;p=21072"},"modified":"2025-10-30T20:29:20","modified_gmt":"2025-10-30T20:29:20","slug":"tecidos-100-algodao-estampado-pao","status":"publish","type":"product","link":"https:\/\/dev.eunitecidos.pt\/es\/loja\/texteis\/tecidos-100-algodao-estampado-pao\/","title":{"rendered":"Tejidos 100% Algod\u00f3n | Estampado | Pan"},"content":{"rendered":"<p>Tejidos 100% Algod\u00f3n | Estampado | Pan<\/p>\n<p>100% Algod\u00f3n<\/p>\n<p>1,50 Anchura<\/p>\n<p>Certificado Oeko-Tex<\/p>","protected":false},"excerpt":{"rendered":"<p>Tecidos 100% Algod\u00e3o | Estampado | P\u00e3o 100% Algod\u00e3o 1.50 Largura Certificado Oeko-Tex<\/p>","protected":false},"featured_media":21046,"comment_status":"closed","ping_status":"closed","template":"","meta":{"_seopress_robots_primary_cat":"69","_seopress_titles_title":"Tecidos 100% Algod\u00e3o Estampado | Certificado Oeko-Tex","_seopress_titles_desc":"Descubra os nossos tecidos 100% algod\u00e3o estampados com certifica\u00e7\u00e3o Oeko-Tex. Qualidade e variedade a partir de 1.50 de largura.","_seopress_robots_index":""},"product_brand":[],"product_cat":[194,198,360,135,69],"product_tag":[315,443,298,2639,516,351,857,1995,2290,1712,1512,453],"class_list":{"0":"post-21072","1":"product","2":"type-product","3":"status-publish","4":"has-post-thumbnail","6":"product_cat-algodao-organico","7":"product_cat-cozinha","8":"product_cat-estampados-tecido-100-algodao","9":"product_cat-tecido-100-algodao","10":"product_cat-texteis","11":"product_tag-100-algodao","12":"product_tag-algodao-organico","13":"product_tag-azul","14":"product_tag-carrinha","15":"product_tag-castanho","16":"product_tag-cinza","17":"product_tag-cozinha","18":"product_tag-fundo-branco","19":"product_tag-pretzel","20":"product_tag-tecido-algodao","21":"product_tag-varios-tipos-de-pao","22":"product_tag-vermelho","24":"first","25":"instock","26":"taxable","27":"shipping-taxable","28":"purchasable","29":"product-type-simple"},"_links":{"self":[{"href":"https:\/\/dev.eunitecidos.pt\/es\/wp-json\/wp\/v2\/product\/21072","targetHints":{"allow":["GET"]}}],"collection":[{"href":"https:\/\/dev.eunitecidos.pt\/es\/wp-json\/wp\/v2\/product"}],"about":[{"href":"https:\/\/dev.eunitecidos.pt\/es\/wp-json\/wp\/v2\/types\/product"}],"replies":[{"embeddable":true,"href":"https:\/\/dev.eunitecidos.pt\/es\/wp-json\/wp\/v2\/comments?post=21072"}],"wp:featuredmedia":[{"embeddable":true,"href":"https:\/\/dev.eunitecidos.pt\/es\/wp-json\/wp\/v2\/media\/21046"}],"wp:attachment":[{"href":"https:\/\/dev.eunitecidos.pt\/es\/wp-json\/wp\/v2\/media?parent=21072"}],"wp:term":[{"taxonomy":"product_brand","embeddable":true,"href":"https:\/\/dev.eunitecidos.pt\/es\/wp-json\/wp\/v2\/product_brand?post=21072"},{"taxonomy":"product_cat","embeddable":true,"href":"https:\/\/dev.eunitecidos.pt\/es\/wp-json\/wp\/v2\/product_cat?post=21072"},{"taxonomy":"product_tag","embeddable":true,"href":"https:\/\/dev.eunitecidos.pt\/es\/wp-json\/wp\/v2\/product_tag?post=21072"}],"curies":[{"name":"wp","href":"https:\/\/api.w.org\/{rel}","templated":true}]}}