
{"id":21295,"date":"2023-01-02T23:15:39","date_gmt":"2023-01-02T23:15:39","guid":{"rendered":"https:\/\/dev.eunitecidos.pt\/?post_type=product&#038;p=21295"},"modified":"2025-01-10T15:10:43","modified_gmt":"2025-01-10T15:10:43","slug":"tecido-100-poliester-carnaval-metalizado-dourado-fantasy-boo","status":"publish","type":"product","link":"https:\/\/dev.eunitecidos.pt\/es\/loja\/texteis\/tecido-100-poliester-carnaval-metalizado-dourado-fantasy-boo\/","title":{"rendered":"Tela 100% Poli\u00e9ster | Carnaval | Oro Met\u00e1lico | Fantas\u00eda Boo"},"content":{"rendered":"<p>Tela 100% Poli\u00e9ster | Carnaval | Oro Met\u00e1lico | Fantas\u00eda Boo<\/p>\n<p>Tejido ideal para disfraces de Carnaval. Tejido tipo microfibra sin elasticidad y ligeramente transparente.<\/p>\n<p>pero con una ca\u00edda ligera y fluida.<\/p>\n<p>Composici\u00f3n 100% Poli\u00e9ster<\/p>\n<p>1,50 de ancho<\/p>","protected":false},"excerpt":{"rendered":"<p>Tecido 100% Poli\u00e9ster | Carnaval | Metalizado Dourado | Fantasy Boo Tecido ideal para fantasias de Carnaval. Tecido semelhante \u00e1 micro-fibra , sem elasticidade, com ligeira transpar\u00eancia mas com ca\u00edda leve e fluida. Composi\u00e7\u00e3o 100% Poli\u00e9ster 1,50 largura<\/p>","protected":false},"featured_media":21214,"comment_status":"closed","ping_status":"closed","template":"","meta":{"_seopress_robots_primary_cat":"69","_seopress_titles_title":"Tecido 100% Poli\u00e9ster Metalizado Dourado para Fantasias de Carnaval","_seopress_titles_desc":"Tecido ideal para fantasias de Carnaval, semelhante \u00e0 micro-fibra, com ca\u00edda leve e fluida. Com composi\u00e7\u00e3o de 100% Poli\u00e9ster e 1,50m de largura.","_seopress_robots_index":""},"product_brand":[],"product_cat":[2016,199,69],"product_tag":[1369,429,1992,896,302,2653,1993,431,1560,2652,1570,2651,2648],"class_list":{"0":"post-21295","1":"product","2":"type-product","3":"status-publish","4":"has-post-thumbnail","6":"product_cat-carnaval","7":"product_cat-tematicos","8":"product_cat-texteis","9":"product_tag-aboboras","10":"product_tag-bruxas","11":"product_tag-carnaval","12":"product_tag-dourado","13":"product_tag-estrelas","14":"product_tag-fantasy-boo","15":"product_tag-fundo-preto","16":"product_tag-gatos","17":"product_tag-halloween","18":"product_tag-metalizado","19":"product_tag-morcegos","20":"product_tag-tecido-100-poliester","21":"product_tag-tecido-tematico","23":"first","24":"instock","25":"taxable","26":"shipping-taxable","27":"purchasable","28":"product-type-simple"},"_links":{"self":[{"href":"https:\/\/dev.eunitecidos.pt\/es\/wp-json\/wp\/v2\/product\/21295","targetHints":{"allow":["GET"]}}],"collection":[{"href":"https:\/\/dev.eunitecidos.pt\/es\/wp-json\/wp\/v2\/product"}],"about":[{"href":"https:\/\/dev.eunitecidos.pt\/es\/wp-json\/wp\/v2\/types\/product"}],"replies":[{"embeddable":true,"href":"https:\/\/dev.eunitecidos.pt\/es\/wp-json\/wp\/v2\/comments?post=21295"}],"wp:featuredmedia":[{"embeddable":true,"href":"https:\/\/dev.eunitecidos.pt\/es\/wp-json\/wp\/v2\/media\/21214"}],"wp:attachment":[{"href":"https:\/\/dev.eunitecidos.pt\/es\/wp-json\/wp\/v2\/media?parent=21295"}],"wp:term":[{"taxonomy":"product_brand","embeddable":true,"href":"https:\/\/dev.eunitecidos.pt\/es\/wp-json\/wp\/v2\/product_brand?post=21295"},{"taxonomy":"product_cat","embeddable":true,"href":"https:\/\/dev.eunitecidos.pt\/es\/wp-json\/wp\/v2\/product_cat?post=21295"},{"taxonomy":"product_tag","embeddable":true,"href":"https:\/\/dev.eunitecidos.pt\/es\/wp-json\/wp\/v2\/product_tag?post=21295"}],"curies":[{"name":"wp","href":"https:\/\/api.w.org\/{rel}","templated":true}]}}