
{"id":21326,"date":"2023-01-03T22:54:21","date_gmt":"2023-01-03T22:54:21","guid":{"rendered":"https:\/\/dev.eunitecidos.pt\/?post_type=product&#038;p=21326"},"modified":"2025-01-10T15:07:20","modified_gmt":"2025-01-10T15:07:20","slug":"tecido-100-poliester-carnaval-bola-multicolor","status":"publish","type":"product","link":"https:\/\/dev.eunitecidos.pt\/es\/loja\/texteis\/tecido-100-poliester-carnaval-bola-multicolor\/","title":{"rendered":"Tejido 100% Poli\u00e9ster | Carnaval | Bola Multicolor"},"content":{"rendered":"<p>Tejido 100% Poli\u00e9ster | Carnaval | Bola Multicolor<\/p>\n<p>Tejido ideal para disfraces de Carnaval. Tejido m\u00ednimo sin estiramiento,<\/p>\n<p>con una ca\u00edda ligera y fluida.<\/p>\n<p>Composici\u00f3n 100% Poli\u00e9ster<\/p>\n<p>1,50 de ancho<\/p>","protected":false},"excerpt":{"rendered":"<p>Tecido 100% Poli\u00e9ster | Carnaval | Bola Multicolor Tecido ideal para fantasias de Carnaval. Tecido minimate\u00a0 , sem elasticidade, com ca\u00edda leve e fluida. Composi\u00e7\u00e3o 100% Poli\u00e9ster 1,50 largura<\/p>","protected":false},"featured_media":21264,"comment_status":"closed","ping_status":"closed","template":"","meta":{"_seopress_robots_primary_cat":"69","_seopress_titles_title":"Tecido 100% Poli\u00e9ster para Fantasias de Carnaval","_seopress_titles_desc":"Descubra o tecido ideal para suas fantasias de Carnaval! Confeccionado em 100% poli\u00e9ster, com ca\u00edda leve e fluida. Aproveite 1,50m de largura.","_seopress_robots_index":""},"product_brand":[],"product_cat":[2016,156,199,69],"product_tag":[707,93,2663,2662,2664,2661,1992,340,2006,2657,888,2648],"class_list":{"0":"post-21326","1":"product","2":"type-product","3":"status-publish","4":"has-post-thumbnail","6":"product_cat-carnaval","7":"product_cat-minimate","8":"product_cat-tematicos","9":"product_cat-texteis","10":"product_tag-100-poliester","11":"product_tag-bolas","12":"product_tag-bolas-azulao","13":"product_tag-bolas-brancas","14":"product_tag-bolas-verdes","15":"product_tag-bolas-vermelhas","16":"product_tag-carnaval","17":"product_tag-estampado","18":"product_tag-fundo-amarelo","19":"product_tag-minimat","20":"product_tag-multicores","21":"product_tag-tecido-tematico","23":"first","24":"instock","25":"taxable","26":"shipping-taxable","27":"purchasable","28":"product-type-simple"},"_links":{"self":[{"href":"https:\/\/dev.eunitecidos.pt\/es\/wp-json\/wp\/v2\/product\/21326","targetHints":{"allow":["GET"]}}],"collection":[{"href":"https:\/\/dev.eunitecidos.pt\/es\/wp-json\/wp\/v2\/product"}],"about":[{"href":"https:\/\/dev.eunitecidos.pt\/es\/wp-json\/wp\/v2\/types\/product"}],"replies":[{"embeddable":true,"href":"https:\/\/dev.eunitecidos.pt\/es\/wp-json\/wp\/v2\/comments?post=21326"}],"wp:featuredmedia":[{"embeddable":true,"href":"https:\/\/dev.eunitecidos.pt\/es\/wp-json\/wp\/v2\/media\/21264"}],"wp:attachment":[{"href":"https:\/\/dev.eunitecidos.pt\/es\/wp-json\/wp\/v2\/media?parent=21326"}],"wp:term":[{"taxonomy":"product_brand","embeddable":true,"href":"https:\/\/dev.eunitecidos.pt\/es\/wp-json\/wp\/v2\/product_brand?post=21326"},{"taxonomy":"product_cat","embeddable":true,"href":"https:\/\/dev.eunitecidos.pt\/es\/wp-json\/wp\/v2\/product_cat?post=21326"},{"taxonomy":"product_tag","embeddable":true,"href":"https:\/\/dev.eunitecidos.pt\/es\/wp-json\/wp\/v2\/product_tag?post=21326"}],"curies":[{"name":"wp","href":"https:\/\/api.w.org\/{rel}","templated":true}]}}