
{"id":21358,"date":"2023-01-03T23:03:55","date_gmt":"2023-01-03T23:03:55","guid":{"rendered":"https:\/\/dev.eunitecidos.pt\/?post_type=product&#038;p=21358"},"modified":"2025-10-27T16:54:04","modified_gmt":"2025-10-27T16:54:04","slug":"cetim-estampado-carnaval-riscas-branca-e-vermelha","status":"publish","type":"product","link":"https:\/\/dev.eunitecidos.pt\/es\/loja\/texteis\/cetim-estampado-carnaval-riscas-branca-e-vermelha\/","title":{"rendered":"Raso | Estampado | Carnaval | Rayas | Blanco y rojo"},"content":{"rendered":"<p>Raso | Estampado | Carnaval | Rayas | Blanco y rojo<\/p>\n<p>Tejido fluido y ligero, ideal para disfraces de carnaval<\/p>\n<p>100% Poli\u00e9ster<\/p>\n<p>1,50 Anchura<\/p>","protected":false},"excerpt":{"rendered":"<p>Cetim | Estampado | Carnaval | Riscas | Branca e Vermelha Tecido fluido e leve, ideal para fatos de carnaval 100% Poli\u00e9ster 1,50 Largura<\/p>","protected":false},"featured_media":21250,"comment_status":"closed","ping_status":"closed","template":"","meta":{"_seopress_robots_primary_cat":"69","_seopress_titles_title":"Tecido Cetim Estampado para Fatos de Carnaval","_seopress_titles_desc":"Tecido fluido e leve com riscas brancas e vermelhas. Ideal para fatos de carnaval. Composi\u00e7\u00e3o: 100% Poli\u00e9ster. Largura: 1,50m.","_seopress_robots_index":""},"product_brand":[],"product_cat":[2016,2059,199,69],"product_tag":[707,321,1992,2052,340,90,2648,453],"class_list":{"0":"post-21358","1":"product","2":"type-product","3":"status-publish","4":"has-post-thumbnail","6":"product_cat-carnaval","7":"product_cat-cetim-lisos-estampados","8":"product_cat-tematicos","9":"product_cat-texteis","10":"product_tag-100-poliester","11":"product_tag-branco","12":"product_tag-carnaval","13":"product_tag-cetim","14":"product_tag-estampado","15":"product_tag-riscas","16":"product_tag-tecido-tematico","17":"product_tag-vermelho","19":"first","20":"instock","21":"taxable","22":"shipping-taxable","23":"purchasable","24":"product-type-simple"},"_links":{"self":[{"href":"https:\/\/dev.eunitecidos.pt\/es\/wp-json\/wp\/v2\/product\/21358","targetHints":{"allow":["GET"]}}],"collection":[{"href":"https:\/\/dev.eunitecidos.pt\/es\/wp-json\/wp\/v2\/product"}],"about":[{"href":"https:\/\/dev.eunitecidos.pt\/es\/wp-json\/wp\/v2\/types\/product"}],"replies":[{"embeddable":true,"href":"https:\/\/dev.eunitecidos.pt\/es\/wp-json\/wp\/v2\/comments?post=21358"}],"wp:featuredmedia":[{"embeddable":true,"href":"https:\/\/dev.eunitecidos.pt\/es\/wp-json\/wp\/v2\/media\/21250"}],"wp:attachment":[{"href":"https:\/\/dev.eunitecidos.pt\/es\/wp-json\/wp\/v2\/media?parent=21358"}],"wp:term":[{"taxonomy":"product_brand","embeddable":true,"href":"https:\/\/dev.eunitecidos.pt\/es\/wp-json\/wp\/v2\/product_brand?post=21358"},{"taxonomy":"product_cat","embeddable":true,"href":"https:\/\/dev.eunitecidos.pt\/es\/wp-json\/wp\/v2\/product_cat?post=21358"},{"taxonomy":"product_tag","embeddable":true,"href":"https:\/\/dev.eunitecidos.pt\/es\/wp-json\/wp\/v2\/product_tag?post=21358"}],"curies":[{"name":"wp","href":"https:\/\/api.w.org\/{rel}","templated":true}]}}