
{"id":21504,"date":"2023-01-02T11:10:57","date_gmt":"2023-01-02T11:10:57","guid":{"rendered":"https:\/\/dev.eunitecidos.pt\/?post_type=product&#038;p=21504"},"modified":"2025-12-16T16:19:09","modified_gmt":"2025-12-16T16:19:09","slug":"malha-de-lame-carnaval-brilhante-vermelho","status":"publish","type":"product","link":"https:\/\/dev.eunitecidos.pt\/es\/loja\/texteis\/malha-de-lame-carnaval-brilhante-vermelho\/","title":{"rendered":"Malla Lam\u00e9 | Carnaval | Brillante | Rojo"},"content":{"rendered":"<p>Malla Lam\u00e9 | Carnaval | Brillante | Rojo<\/p>\n<p>Punto fluido con elasticidad<\/p>\n<p>Ideal para disfraces y Carnaval<\/p>\n<p>Composici\u00f3n: 64% Poli\u00e9ster 36% L\u00farex<\/p>\n<p>1,50 Anchura 120gr\/m2<\/p>","protected":false},"excerpt":{"rendered":"<p>Malha de Lam\u00e9 | Carnaval | Brilhante | Vermelho Malha fluida com elasticidade Ideal para fatos de fantasia e Carnaval Composi\u00e7\u00e3o: 64% Poli\u00e9ster 36% Lurex 1,50 Largura 120gr\/m2<\/p>","protected":false},"featured_media":21505,"comment_status":"closed","ping_status":"closed","template":"","meta":{"_seopress_robots_primary_cat":"69","_seopress_titles_title":"Malha de Lam\u00e9 Vermelho Brilhante para Carnaval","_seopress_titles_desc":"Malha fluida el\u00e1stica com lurex vermelho, perfeita para fatos de carnaval. Composi\u00e7\u00e3o: 64% Poli\u00e9ster, 36% Lurex. Largura de 1,50m. 120gr\/m2.","_seopress_robots_index":""},"product_brand":[],"product_cat":[2016,199,69],"product_tag":[1992,1614,1793,1991,2235,2648,453],"class_list":{"0":"post-21504","1":"product","2":"type-product","3":"status-publish","4":"has-post-thumbnail","6":"product_cat-carnaval","7":"product_cat-tematicos","8":"product_cat-texteis","9":"product_tag-carnaval","10":"product_tag-elasticidade","11":"product_tag-lurex","12":"product_tag-malha-de-lame","13":"product_tag-poliamida","14":"product_tag-tecido-tematico","15":"product_tag-vermelho","17":"first","18":"instock","19":"taxable","20":"shipping-taxable","21":"purchasable","22":"product-type-simple"},"_links":{"self":[{"href":"https:\/\/dev.eunitecidos.pt\/es\/wp-json\/wp\/v2\/product\/21504","targetHints":{"allow":["GET"]}}],"collection":[{"href":"https:\/\/dev.eunitecidos.pt\/es\/wp-json\/wp\/v2\/product"}],"about":[{"href":"https:\/\/dev.eunitecidos.pt\/es\/wp-json\/wp\/v2\/types\/product"}],"replies":[{"embeddable":true,"href":"https:\/\/dev.eunitecidos.pt\/es\/wp-json\/wp\/v2\/comments?post=21504"}],"wp:featuredmedia":[{"embeddable":true,"href":"https:\/\/dev.eunitecidos.pt\/es\/wp-json\/wp\/v2\/media\/21505"}],"wp:attachment":[{"href":"https:\/\/dev.eunitecidos.pt\/es\/wp-json\/wp\/v2\/media?parent=21504"}],"wp:term":[{"taxonomy":"product_brand","embeddable":true,"href":"https:\/\/dev.eunitecidos.pt\/es\/wp-json\/wp\/v2\/product_brand?post=21504"},{"taxonomy":"product_cat","embeddable":true,"href":"https:\/\/dev.eunitecidos.pt\/es\/wp-json\/wp\/v2\/product_cat?post=21504"},{"taxonomy":"product_tag","embeddable":true,"href":"https:\/\/dev.eunitecidos.pt\/es\/wp-json\/wp\/v2\/product_tag?post=21504"}],"curies":[{"name":"wp","href":"https:\/\/api.w.org\/{rel}","templated":true}]}}