
{"id":21879,"date":"2023-01-07T17:13:56","date_gmt":"2023-01-07T17:13:56","guid":{"rendered":"https:\/\/dev.eunitecidos.pt\/?post_type=product&#038;p=21879"},"modified":"2024-02-06T14:39:16","modified_gmt":"2024-02-06T14:39:16","slug":"tecidos-100-algodao-licencas-disney-dumbo-3","status":"publish","type":"product","link":"https:\/\/dev.eunitecidos.pt\/es\/loja\/texteis\/tecidos-100-algodao-licencas-disney-dumbo-3\/","title":{"rendered":"Telas 100% Algod\u00f3n | Licencias Disney | Dumbo"},"content":{"rendered":"<p>Telas 100% Algod\u00f3n | Licencias Disney | Dumbo<\/p>\n<p>100% Algod\u00f3n<\/p>\n<p>1,50 Anchura<\/p>\n<p>Certificado Oeko-Tex<\/p>","protected":false},"excerpt":{"rendered":"<p>Tecidos 100% Algod\u00e3o | Licen\u00e7as Disney | Dumbo 100% Algod\u00e3o 1.50 Largura Certificado Oeko-Tex<\/p>","protected":false},"featured_media":21854,"comment_status":"closed","ping_status":"closed","template":"","meta":{"_seopress_robots_primary_cat":"69","_seopress_titles_title":"Tecidos 100% Algod\u00e3o | Licen\u00e7as Disney | Dumbo Certificado Oeko-Tex","_seopress_titles_desc":"Descubra os tecidos certificados Oeko-Tex com estampas encantadoras da Disney e do ic\u00f3nico Dumbo, ideais para projetos de costura criativos.","_seopress_robots_index":""},"product_brand":[],"product_cat":[194,195,381,135,69],"product_tag":[315,443,307,358,321,1631,380,2247,1619,86,2485,451,893,333,339,1712,756,469,453],"class_list":{"0":"post-21879","1":"product","2":"type-product","3":"status-publish","4":"has-post-thumbnail","6":"product_cat-algodao-organico","7":"product_cat-disney-licencas","8":"product_cat-infantis-tecido-100-algodao","9":"product_cat-tecido-100-algodao","10":"product_cat-texteis","11":"product_tag-100-algodao","12":"product_tag-algodao-organico","13":"product_tag-amarelo","14":"product_tag-arco-iris","15":"product_tag-branco","16":"product_tag-cinza-claro","17":"product_tag-coracoes","18":"product_tag-dumbo","19":"product_tag-estampado-infantil","20":"product_tag-flores","21":"product_tag-fundo-rosa-bebe","22":"product_tag-licencas","23":"product_tag-menta","24":"product_tag-nuvens","25":"product_tag-pintas","26":"product_tag-tecido-algodao","27":"product_tag-tecidos-disney","28":"product_tag-verde-agua","29":"product_tag-vermelho","31":"first","32":"instock","33":"taxable","34":"shipping-taxable","35":"purchasable","36":"product-type-simple"},"_links":{"self":[{"href":"https:\/\/dev.eunitecidos.pt\/es\/wp-json\/wp\/v2\/product\/21879","targetHints":{"allow":["GET"]}}],"collection":[{"href":"https:\/\/dev.eunitecidos.pt\/es\/wp-json\/wp\/v2\/product"}],"about":[{"href":"https:\/\/dev.eunitecidos.pt\/es\/wp-json\/wp\/v2\/types\/product"}],"replies":[{"embeddable":true,"href":"https:\/\/dev.eunitecidos.pt\/es\/wp-json\/wp\/v2\/comments?post=21879"}],"wp:featuredmedia":[{"embeddable":true,"href":"https:\/\/dev.eunitecidos.pt\/es\/wp-json\/wp\/v2\/media\/21854"}],"wp:attachment":[{"href":"https:\/\/dev.eunitecidos.pt\/es\/wp-json\/wp\/v2\/media?parent=21879"}],"wp:term":[{"taxonomy":"product_brand","embeddable":true,"href":"https:\/\/dev.eunitecidos.pt\/es\/wp-json\/wp\/v2\/product_brand?post=21879"},{"taxonomy":"product_cat","embeddable":true,"href":"https:\/\/dev.eunitecidos.pt\/es\/wp-json\/wp\/v2\/product_cat?post=21879"},{"taxonomy":"product_tag","embeddable":true,"href":"https:\/\/dev.eunitecidos.pt\/es\/wp-json\/wp\/v2\/product_tag?post=21879"}],"curies":[{"name":"wp","href":"https:\/\/api.w.org\/{rel}","templated":true}]}}