
{"id":21880,"date":"2023-01-07T17:12:29","date_gmt":"2023-01-07T17:12:29","guid":{"rendered":"https:\/\/dev.eunitecidos.pt\/?post_type=product&#038;p=21880"},"modified":"2025-03-16T13:18:13","modified_gmt":"2025-03-16T13:18:13","slug":"tecidos-100-algodao-licencas-princesa-emoji","status":"publish","type":"product","link":"https:\/\/dev.eunitecidos.pt\/es\/loja\/texteis\/tecidos-100-algodao-licencas-princesa-emoji\/","title":{"rendered":"Telas 100% Algod\u00f3n | Licencias | Princesa Emoji"},"content":{"rendered":"<p>Telas 100% Algod\u00f3n | Licencias | Princesa Emoji<\/p>\n<p>100% Algod\u00f3n<\/p>\n<p>1,50 Anchura<\/p>\n<p>Certificado Oeko-Tex<\/p>","protected":false},"excerpt":{"rendered":"<p>Tecidos 100% Algod\u00e3o | Licen\u00e7as | Princesa Emoji 100% Algod\u00e3o 1.50 Largura Certificado Oeko-Tex<\/p>","protected":false},"featured_media":21841,"comment_status":"closed","ping_status":"closed","template":"","meta":{"_seopress_robots_primary_cat":"69","_seopress_titles_title":"Tecidos 100% Algod\u00e3o | Licen\u00e7as | Princesa Emoji 1.50 Largura Certificado Oeko-Tex","_seopress_titles_desc":"Descubra os melhores tecidos 100% Algod\u00e3o com 1.50m de largura, ideais para projetos criativos! Compre agora e garanta qualidade certificada Oeko-Tex.","_seopress_robots_index":""},"product_brand":[],"product_cat":[194,195,381,135,69],"product_tag":[315,443,516,2689,1619,2691,86,2001,451,2690,2885,320,1712,2035,1472],"class_list":{"0":"post-21880","1":"product","2":"type-product","3":"status-publish","4":"has-post-thumbnail","6":"product_cat-algodao-organico","7":"product_cat-disney-licencas","8":"product_cat-infantis-tecido-100-algodao","9":"product_cat-tecido-100-algodao","10":"product_cat-texteis","11":"product_tag-100-algodao","12":"product_tag-algodao-organico","13":"product_tag-castanho","14":"product_tag-emoji-company","15":"product_tag-estampado-infantil","16":"product_tag-flor-de-liz","17":"product_tag-flores","18":"product_tag-fundo-bege","19":"product_tag-licencas","20":"product_tag-princesa-emoji","21":"product_tag-regresso-as-aulas","22":"product_tag-rosa","23":"product_tag-tecido-algodao","24":"product_tag-unicornio","25":"product_tag-verde-escuro","27":"first","28":"instock","29":"taxable","30":"shipping-taxable","31":"purchasable","32":"product-type-simple"},"_links":{"self":[{"href":"https:\/\/dev.eunitecidos.pt\/es\/wp-json\/wp\/v2\/product\/21880","targetHints":{"allow":["GET"]}}],"collection":[{"href":"https:\/\/dev.eunitecidos.pt\/es\/wp-json\/wp\/v2\/product"}],"about":[{"href":"https:\/\/dev.eunitecidos.pt\/es\/wp-json\/wp\/v2\/types\/product"}],"replies":[{"embeddable":true,"href":"https:\/\/dev.eunitecidos.pt\/es\/wp-json\/wp\/v2\/comments?post=21880"}],"wp:featuredmedia":[{"embeddable":true,"href":"https:\/\/dev.eunitecidos.pt\/es\/wp-json\/wp\/v2\/media\/21841"}],"wp:attachment":[{"href":"https:\/\/dev.eunitecidos.pt\/es\/wp-json\/wp\/v2\/media?parent=21880"}],"wp:term":[{"taxonomy":"product_brand","embeddable":true,"href":"https:\/\/dev.eunitecidos.pt\/es\/wp-json\/wp\/v2\/product_brand?post=21880"},{"taxonomy":"product_cat","embeddable":true,"href":"https:\/\/dev.eunitecidos.pt\/es\/wp-json\/wp\/v2\/product_cat?post=21880"},{"taxonomy":"product_tag","embeddable":true,"href":"https:\/\/dev.eunitecidos.pt\/es\/wp-json\/wp\/v2\/product_tag?post=21880"}],"curies":[{"name":"wp","href":"https:\/\/api.w.org\/{rel}","templated":true}]}}