
{"id":22105,"date":"2023-01-18T16:00:56","date_gmt":"2023-01-18T16:00:56","guid":{"rendered":"https:\/\/dev.eunitecidos.pt\/?post_type=product&#038;p=22105"},"modified":"2023-01-18T16:00:57","modified_gmt":"2023-01-18T16:00:57","slug":"pelo-curto-carpelio-sintetico-carnaval-azul-ceu","status":"publish","type":"product","link":"https:\/\/dev.eunitecidos.pt\/es\/loja\/texteis\/pelo-curto-carpelio-sintetico-carnaval-azul-ceu\/","title":{"rendered":"Pelo corto | Carpintero sint\u00e9tico | Carnaval | Azul cielo"},"content":{"rendered":"<p>Pelo corto | Carpintero sint\u00e9tico | Carnaval | Azul cielo<\/p>\n<p>Tejido de pelo corto muy suave, ideal para disfraces y carnaval<\/p>\n<p>Vello en una sola mejilla<\/p>\n<p>Composici\u00f3n 100% Poli\u00e9ster<\/p>\n<p>1,5 Anchura<\/p>","protected":false},"excerpt":{"rendered":"<p>Pelo Corto | Carpintero Sint\u00e9tico | Carnaval | Azul Cielo Tejido de pelo corto muy suave, ideal para disfraces y disfraces de carnaval Pelo en un solo lado Composici\u00f3n 100% Poli\u00e9ster 1.5 Ancho<\/p>","protected":false},"featured_media":22064,"comment_status":"closed","ping_status":"closed","template":"","meta":{"_seopress_robots_primary_cat":"69","_seopress_titles_title":"P\u00ealo Curto Azul C\u00e9u | Tecido Sint\u00e9tico | Carnaval","_seopress_titles_desc":"Descubra o tecido de p\u00ealo curto e macio, perfeito para fatos de fantasia e carnaval. Feito com 100% poli\u00e9ster, largura de 1,5. Ideal para cria\u00e7\u00f5es \u00fanicas!","_seopress_robots_index":""},"product_brand":[],"product_cat":[2016,1868,199,69],"product_tag":[707,993,1992,1651,1859,1917,1941],"class_list":{"0":"post-22105","1":"product","2":"type-product","3":"status-publish","4":"has-post-thumbnail","6":"product_cat-carnaval","7":"product_cat-pelos-carpelios","8":"product_cat-tematicos","9":"product_cat-texteis","10":"product_tag-100-poliester","11":"product_tag-azul-claro","12":"product_tag-carnaval","13":"product_tag-macio","14":"product_tag-pelo-carpelio","15":"product_tag-pelo-curto","16":"product_tag-pelo-sintetico","18":"first","19":"instock","20":"taxable","21":"shipping-taxable","22":"purchasable","23":"product-type-simple"},"_links":{"self":[{"href":"https:\/\/dev.eunitecidos.pt\/es\/wp-json\/wp\/v2\/product\/22105","targetHints":{"allow":["GET"]}}],"collection":[{"href":"https:\/\/dev.eunitecidos.pt\/es\/wp-json\/wp\/v2\/product"}],"about":[{"href":"https:\/\/dev.eunitecidos.pt\/es\/wp-json\/wp\/v2\/types\/product"}],"replies":[{"embeddable":true,"href":"https:\/\/dev.eunitecidos.pt\/es\/wp-json\/wp\/v2\/comments?post=22105"}],"wp:featuredmedia":[{"embeddable":true,"href":"https:\/\/dev.eunitecidos.pt\/es\/wp-json\/wp\/v2\/media\/22064"}],"wp:attachment":[{"href":"https:\/\/dev.eunitecidos.pt\/es\/wp-json\/wp\/v2\/media?parent=22105"}],"wp:term":[{"taxonomy":"product_brand","embeddable":true,"href":"https:\/\/dev.eunitecidos.pt\/es\/wp-json\/wp\/v2\/product_brand?post=22105"},{"taxonomy":"product_cat","embeddable":true,"href":"https:\/\/dev.eunitecidos.pt\/es\/wp-json\/wp\/v2\/product_cat?post=22105"},{"taxonomy":"product_tag","embeddable":true,"href":"https:\/\/dev.eunitecidos.pt\/es\/wp-json\/wp\/v2\/product_tag?post=22105"}],"curies":[{"name":"wp","href":"https:\/\/api.w.org\/{rel}","templated":true}]}}