
{"id":22142,"date":"2023-01-18T18:54:44","date_gmt":"2023-01-18T18:54:44","guid":{"rendered":"https:\/\/dev.eunitecidos.pt\/?post_type=product&#038;p=22142"},"modified":"2026-01-30T13:39:04","modified_gmt":"2026-01-30T13:39:04","slug":"enchimento-foam-laranja","status":"publish","type":"product","link":"https:\/\/dev.eunitecidos.pt\/es\/loja\/enchimentos-estruturadores\/enchimento-foam-laranja\/","title":{"rendered":"Enchimento | Foam | Carnaval | Laranja"},"content":{"rendered":"<p>Relleno | Espuma | Naranja<\/p>\n<p>O foam \u00e9 um material bastante vers\u00e1til na sua aplica\u00e7\u00e3o. Pode usar-se como estruturador de pe\u00e7as de costura criativa, e \u00e9 muito utilizado para confe\u00e7\u00e3o de fatos e disfarces de carnaval. Como tem uma espuma de estrutura j\u00e1 incorporada, dispensa o uso extra de estruturadores para fatos mais encorpados. Dispon\u00edvel numa variedade de cores incr\u00edveis.<\/p>\n<p>1,50 Anchura<\/p>\n<p>Disponible en varios colores.<\/p>","protected":false},"excerpt":{"rendered":"<p>Enchimento | Foam | Laranja O foam \u00e9 um material bastante vers\u00e1til na sua aplica\u00e7\u00e3o. Pode usar-se como estruturador de pe\u00e7as de costura criativa, e \u00e9 muito utilizado para confe\u00e7\u00e3o de fatos e disfarces de carnaval. Como tem uma espuma de estrutura j\u00e1 incorporada, dispensa o uso extra de estruturadores para fatos mais encorpados. Dispon\u00edvel [&hellip;]<\/p>","protected":false},"featured_media":22143,"comment_status":"closed","ping_status":"closed","template":"","meta":{"_seopress_robots_primary_cat":"71","_seopress_titles_title":"Enchimento Foam Laranja 1.50 | Enchimento Suave e Fofo","_seopress_titles_desc":"Descubra o enchimento de espuma laranja de 1.50 largura para costura. Ideal para estruturar pe\u00e7as de forma suave. Dispon\u00edvel em v\u00e1rias cores!","_seopress_robots_index":""},"product_brand":[],"product_cat":[2016,71,177,199],"product_tag":[2695,1992,1003,2601,424,2659],"class_list":{"0":"post-22142","1":"product","2":"type-product","3":"status-publish","4":"has-post-thumbnail","6":"product_cat-carnaval","7":"product_cat-enchimentos-estruturadores","8":"product_cat-foam","9":"product_cat-tematicos","10":"product_tag-2695","11":"product_tag-carnaval","12":"product_tag-estruturador","13":"product_tag-foam","14":"product_tag-laranja","15":"product_tag-mascara-de-carnaval","17":"first","18":"instock","19":"taxable","20":"shipping-taxable","21":"purchasable","22":"product-type-simple"},"_links":{"self":[{"href":"https:\/\/dev.eunitecidos.pt\/es\/wp-json\/wp\/v2\/product\/22142","targetHints":{"allow":["GET"]}}],"collection":[{"href":"https:\/\/dev.eunitecidos.pt\/es\/wp-json\/wp\/v2\/product"}],"about":[{"href":"https:\/\/dev.eunitecidos.pt\/es\/wp-json\/wp\/v2\/types\/product"}],"replies":[{"embeddable":true,"href":"https:\/\/dev.eunitecidos.pt\/es\/wp-json\/wp\/v2\/comments?post=22142"}],"wp:featuredmedia":[{"embeddable":true,"href":"https:\/\/dev.eunitecidos.pt\/es\/wp-json\/wp\/v2\/media\/22143"}],"wp:attachment":[{"href":"https:\/\/dev.eunitecidos.pt\/es\/wp-json\/wp\/v2\/media?parent=22142"}],"wp:term":[{"taxonomy":"product_brand","embeddable":true,"href":"https:\/\/dev.eunitecidos.pt\/es\/wp-json\/wp\/v2\/product_brand?post=22142"},{"taxonomy":"product_cat","embeddable":true,"href":"https:\/\/dev.eunitecidos.pt\/es\/wp-json\/wp\/v2\/product_cat?post=22142"},{"taxonomy":"product_tag","embeddable":true,"href":"https:\/\/dev.eunitecidos.pt\/es\/wp-json\/wp\/v2\/product_tag?post=22142"}],"curies":[{"name":"wp","href":"https:\/\/api.w.org\/{rel}","templated":true}]}}