
{"id":22848,"date":"2023-03-02T19:52:49","date_gmt":"2023-03-02T19:52:49","guid":{"rendered":"https:\/\/dev.eunitecidos.pt\/?post_type=product&#038;p=22848"},"modified":"2025-08-11T15:04:14","modified_gmt":"2025-08-11T15:04:14","slug":"nylon-plastificado-outdoor-water-proof-impermeavel-linho-cinza-escuro","status":"publish","type":"product","link":"https:\/\/dev.eunitecidos.pt\/es\/loja\/plastificados\/nylon-plastificado-outdoor-water-proof-impermeavel-linho-cinza-escuro\/","title":{"rendered":"Nylon plastificado | Resistente al agua en exteriores | Lino gris oscuro"},"content":{"rendered":"<p>Nylon plastificado | Resistente al agua en exteriores | Lino gris oscuro<\/p>\n<p>Tejido impermeable, con una fina pel\u00edcula de pl\u00e1stico en una de sus caras.<\/p>\n<p>Impermeable pero muy maleable, ideal para impermeables, maletas, mochilas, etc.<\/p>\n<p>Composici\u00f3n 100% Poli\u00e9ster 220gr\/m2<\/p>\n<p>1,46 mt Anchura<\/p>","protected":false},"excerpt":{"rendered":"<p>Nylon plastificado | Impermeable para exteriores | Impermeable | Lino gris oscuro Tejido impermeable, con una fina pel\u00edcula de pl\u00e1stico en una cara del tejido. Impermeable pero muy maleable, ideal para impermeables, bolsos, mochilas, etc. Composici\u00f3n 100% Poli\u00e9ster 220gr\/m2 1,46mt Ancho<\/p>","protected":false},"featured_media":22843,"comment_status":"closed","ping_status":"closed","template":"","meta":{"_seopress_robots_primary_cat":"92","_seopress_titles_title":"Nylon Plastificado | Outdoor Water Proof | Imperme\u00e1vel | Linho Cinza Escuro","_seopress_titles_desc":"Explore o tecido nylon plastificado em linho cinza escuro. Ideal para capas de chuva e malas, imperme\u00e1vel e male\u00e1vel. Composi\u00e7\u00e3o 100% poli\u00e9ster.","_seopress_robots_index":""},"product_brand":[],"product_cat":[92],"product_tag":[707,1654,2709,762,2665,1788,2666],"class_list":{"0":"post-22848","1":"product","2":"type-product","3":"status-publish","4":"has-post-thumbnail","6":"product_cat-plastificados","7":"product_tag-100-poliester","8":"product_tag-cinza-escuro","9":"product_tag-imitacao-linho","10":"product_tag-linho","11":"product_tag-nylon-plastificado","12":"product_tag-tecido-impermeavel","13":"product_tag-water-proof","15":"first","16":"instock","17":"taxable","18":"shipping-taxable","19":"purchasable","20":"product-type-simple"},"_links":{"self":[{"href":"https:\/\/dev.eunitecidos.pt\/es\/wp-json\/wp\/v2\/product\/22848","targetHints":{"allow":["GET"]}}],"collection":[{"href":"https:\/\/dev.eunitecidos.pt\/es\/wp-json\/wp\/v2\/product"}],"about":[{"href":"https:\/\/dev.eunitecidos.pt\/es\/wp-json\/wp\/v2\/types\/product"}],"replies":[{"embeddable":true,"href":"https:\/\/dev.eunitecidos.pt\/es\/wp-json\/wp\/v2\/comments?post=22848"}],"wp:featuredmedia":[{"embeddable":true,"href":"https:\/\/dev.eunitecidos.pt\/es\/wp-json\/wp\/v2\/media\/22843"}],"wp:attachment":[{"href":"https:\/\/dev.eunitecidos.pt\/es\/wp-json\/wp\/v2\/media?parent=22848"}],"wp:term":[{"taxonomy":"product_brand","embeddable":true,"href":"https:\/\/dev.eunitecidos.pt\/es\/wp-json\/wp\/v2\/product_brand?post=22848"},{"taxonomy":"product_cat","embeddable":true,"href":"https:\/\/dev.eunitecidos.pt\/es\/wp-json\/wp\/v2\/product_cat?post=22848"},{"taxonomy":"product_tag","embeddable":true,"href":"https:\/\/dev.eunitecidos.pt\/es\/wp-json\/wp\/v2\/product_tag?post=22848"}],"curies":[{"name":"wp","href":"https:\/\/api.w.org\/{rel}","templated":true}]}}