
{"id":22953,"date":"2023-02-26T18:28:42","date_gmt":"2023-02-26T18:28:42","guid":{"rendered":"https:\/\/dev.eunitecidos.pt\/?post_type=product&#038;p=22953"},"modified":"2025-11-09T16:30:10","modified_gmt":"2025-11-09T16:30:10","slug":"precinta-algodao-3-cm-espinha-branco-202","status":"publish","type":"product","link":"https:\/\/dev.eunitecidos.pt\/es\/loja\/retrosaria\/precinta-algodao-3-cm-espinha-branco-202\/","title":{"rendered":"Precinta Algod\u00f3n | 3 cm | Espiga | Blanco 202"},"content":{"rendered":"<p>Precinta Algod\u00f3n | 3 cm | Espiga | Blanco 202<\/p>\n<p>Correa de algod\u00f3n de 3 cm de ancho con dibujo de espiga<\/p>","protected":false},"excerpt":{"rendered":"<p>Precinta Algod\u00e3o | 3 cm | Espinha | Branco 202 Precinta de 3cm de largura, em algod\u00e3o com padr\u00e3o em espinha<\/p>","protected":false},"featured_media":22919,"comment_status":"closed","ping_status":"closed","template":"","meta":{"_seopress_robots_primary_cat":"72","_seopress_titles_title":"Precinta Algod\u00e3o 3cm Branco 202 Cinta Espinha","_seopress_titles_desc":"Descubra a precinta de algod\u00e3o branco de 3cm com padr\u00e3o em espinha. Ideal para embalagens e artesanato. Encomende j\u00e1 a sua em Branco 202!","_seopress_robots_index":""},"product_brand":[],"product_cat":[178,72],"product_tag":[321,2712,634,616],"class_list":{"0":"post-22953","1":"product","2":"type-product","3":"status-publish","4":"has-post-thumbnail","6":"product_cat-precintas","7":"product_cat-retrosaria","8":"product_tag-branco","9":"product_tag-padrao-espinha","10":"product_tag-precinta-3cm","11":"product_tag-precinta-de-algodao","13":"first","14":"instock","15":"taxable","16":"shipping-taxable","17":"purchasable","18":"product-type-simple"},"_links":{"self":[{"href":"https:\/\/dev.eunitecidos.pt\/es\/wp-json\/wp\/v2\/product\/22953","targetHints":{"allow":["GET"]}}],"collection":[{"href":"https:\/\/dev.eunitecidos.pt\/es\/wp-json\/wp\/v2\/product"}],"about":[{"href":"https:\/\/dev.eunitecidos.pt\/es\/wp-json\/wp\/v2\/types\/product"}],"replies":[{"embeddable":true,"href":"https:\/\/dev.eunitecidos.pt\/es\/wp-json\/wp\/v2\/comments?post=22953"}],"wp:featuredmedia":[{"embeddable":true,"href":"https:\/\/dev.eunitecidos.pt\/es\/wp-json\/wp\/v2\/media\/22919"}],"wp:attachment":[{"href":"https:\/\/dev.eunitecidos.pt\/es\/wp-json\/wp\/v2\/media?parent=22953"}],"wp:term":[{"taxonomy":"product_brand","embeddable":true,"href":"https:\/\/dev.eunitecidos.pt\/es\/wp-json\/wp\/v2\/product_brand?post=22953"},{"taxonomy":"product_cat","embeddable":true,"href":"https:\/\/dev.eunitecidos.pt\/es\/wp-json\/wp\/v2\/product_cat?post=22953"},{"taxonomy":"product_tag","embeddable":true,"href":"https:\/\/dev.eunitecidos.pt\/es\/wp-json\/wp\/v2\/product_tag?post=22953"}],"curies":[{"name":"wp","href":"https:\/\/api.w.org\/{rel}","templated":true}]}}