
{"id":23148,"date":"2023-02-24T16:49:03","date_gmt":"2023-02-24T16:49:03","guid":{"rendered":"https:\/\/dev.eunitecidos.pt\/?post_type=product&#038;p=23148"},"modified":"2025-01-03T10:14:05","modified_gmt":"2025-01-03T10:14:05","slug":"tecido-algodao-pascoa-coelhos-4","status":"publish","type":"product","link":"https:\/\/dev.eunitecidos.pt\/es\/loja\/texteis\/tecido-algodao-pascoa-coelhos-4\/","title":{"rendered":"Tela de algod\u00f3n | Pascua | Conejos"},"content":{"rendered":"<p>Tela de algod\u00f3n | Pascua | Conejos<\/p>\n<p>Tejido 100% Algod\u00f3n<\/p>\n<p>Algod\u00f3n org\u00e1nico<\/p>\n<p>Certificado OEKO-TEX y GOTS<\/p>\n<p>1,50 Anchura<\/p>","protected":false},"excerpt":{"rendered":"<p>Tela Algod\u00f3n | Pascua | Conejos Tela 100% Algod\u00f3n Org\u00e1nico Certificado OEKO-TEX y GOTS 1.50 Ancho<\/p>","protected":false},"featured_media":23140,"comment_status":"closed","ping_status":"closed","template":"","meta":{"_seopress_robots_primary_cat":"69","_seopress_titles_title":"Tecido Algod\u00e3o: Coelhos para a P\u00e1scoa","_seopress_titles_desc":"Descubra os nossos Tecidos de Algod\u00e3o Certificados OEKO-TEX e GOTS, perfeitos para os seus projetos de P\u00e1scoa. Compre agora e fa\u00e7a coelhos encantadores!","_seopress_robots_index":""},"product_brand":[],"product_cat":[2021,135,199,69],"product_tag":[315,443,307,364,321,1553,380,515,340,2001,424,428,2014,2013,1410,1661,1712,102],"class_list":{"0":"post-23148","1":"product","2":"type-product","3":"status-publish","4":"has-post-thumbnail","6":"product_cat-pascoa","7":"product_cat-tecido-100-algodao","8":"product_cat-tematicos","9":"product_cat-texteis","10":"product_tag-100-algodao","11":"product_tag-algodao-organico","12":"product_tag-amarelo","13":"product_tag-borboletas","14":"product_tag-branco","15":"product_tag-coelhos","16":"product_tag-coracoes","17":"product_tag-coral","18":"product_tag-estampado","19":"product_tag-fundo-bege","20":"product_tag-laranja","21":"product_tag-lilas","22":"product_tag-ovos-pascoa","23":"product_tag-pascoa","24":"product_tag-passarinhos","25":"product_tag-ramos","26":"product_tag-tecido-algodao","27":"product_tag-verde","29":"first","30":"instock","31":"taxable","32":"shipping-taxable","33":"purchasable","34":"product-type-simple"},"_links":{"self":[{"href":"https:\/\/dev.eunitecidos.pt\/es\/wp-json\/wp\/v2\/product\/23148","targetHints":{"allow":["GET"]}}],"collection":[{"href":"https:\/\/dev.eunitecidos.pt\/es\/wp-json\/wp\/v2\/product"}],"about":[{"href":"https:\/\/dev.eunitecidos.pt\/es\/wp-json\/wp\/v2\/types\/product"}],"replies":[{"embeddable":true,"href":"https:\/\/dev.eunitecidos.pt\/es\/wp-json\/wp\/v2\/comments?post=23148"}],"wp:featuredmedia":[{"embeddable":true,"href":"https:\/\/dev.eunitecidos.pt\/es\/wp-json\/wp\/v2\/media\/23140"}],"wp:attachment":[{"href":"https:\/\/dev.eunitecidos.pt\/es\/wp-json\/wp\/v2\/media?parent=23148"}],"wp:term":[{"taxonomy":"product_brand","embeddable":true,"href":"https:\/\/dev.eunitecidos.pt\/es\/wp-json\/wp\/v2\/product_brand?post=23148"},{"taxonomy":"product_cat","embeddable":true,"href":"https:\/\/dev.eunitecidos.pt\/es\/wp-json\/wp\/v2\/product_cat?post=23148"},{"taxonomy":"product_tag","embeddable":true,"href":"https:\/\/dev.eunitecidos.pt\/es\/wp-json\/wp\/v2\/product_tag?post=23148"}],"curies":[{"name":"wp","href":"https:\/\/api.w.org\/{rel}","templated":true}]}}