
{"id":23590,"date":"2023-03-09T17:27:20","date_gmt":"2023-03-09T17:27:20","guid":{"rendered":"https:\/\/dev.eunitecidos.pt\/?post_type=product&#038;p=23590"},"modified":"2025-11-28T21:51:06","modified_gmt":"2025-11-28T21:51:06","slug":"turco-bambu-verde-agua","status":"publish","type":"product","link":"https:\/\/dev.eunitecidos.pt\/es\/loja\/texteis\/turco-bambu-verde-agua\/","title":{"rendered":"Bamb\u00fa Pavo | Agua Verde"},"content":{"rendered":"<p>Bamb\u00fa Pavo | Agua Verde<\/p>\n<p>40% Viscosa de bamb\u00fa<\/p>\n<p>40% Poli\u00e9ster<\/p>\n<p>20% Algod\u00f3n<\/p>\n<p>305 gramos<\/p>\n<p>1,50 Anchura<\/p>\n<p>Ideal para discos desmaquilladores, toallas de playa, toallitas reutilizables y compresas.<\/p>","protected":false},"excerpt":{"rendered":"<p>Turco Bambu | Verde \u00c1gua 40% Viscose de Bambu 40% Poli\u00e9ster 20% Algod\u00e3o 305 Gramas 1.50 Largura Turco ideal para Discos Desmaquilhantes, Toalhas de Praia, Toalhitas reutiliz\u00e1veis, Pensos Higi\u00e9nicos.<\/p>","protected":false},"featured_media":23586,"comment_status":"closed","ping_status":"closed","template":"","meta":{"_seopress_robots_primary_cat":"69","_seopress_titles_title":"Turco Bambu | Verde \u00c1gua 305g 1.50m - Ideal para Discos Desmaquilhantes e Toalhas de Praia","_seopress_titles_desc":"Descubra o Turco Bambu Verde \u00c1gua, perfeito para Discos Desmaquilhantes, Toalhas de Praia, Toalhitas e Pensos Higi\u00e9nicos reutiliz\u00e1veis. Conforto e qualidade!","_seopress_robots_index":""},"product_brand":[],"product_cat":[69,239,153],"product_tag":[290,2185,585,587,469,2725],"class_list":{"0":"post-23590","1":"product","2":"type-product","3":"status-publish","4":"has-post-thumbnail","6":"product_cat-texteis","7":"product_cat-turco-bambu","8":"product_cat-turcos","9":"product_tag-algodao","10":"product_tag-poliester","11":"product_tag-turco","12":"product_tag-turco-bamboo","13":"product_tag-verde-agua","14":"product_tag-viscose-de-bamboo","16":"first","17":"instock","18":"taxable","19":"shipping-taxable","20":"purchasable","21":"product-type-simple"},"_links":{"self":[{"href":"https:\/\/dev.eunitecidos.pt\/es\/wp-json\/wp\/v2\/product\/23590","targetHints":{"allow":["GET"]}}],"collection":[{"href":"https:\/\/dev.eunitecidos.pt\/es\/wp-json\/wp\/v2\/product"}],"about":[{"href":"https:\/\/dev.eunitecidos.pt\/es\/wp-json\/wp\/v2\/types\/product"}],"replies":[{"embeddable":true,"href":"https:\/\/dev.eunitecidos.pt\/es\/wp-json\/wp\/v2\/comments?post=23590"}],"wp:featuredmedia":[{"embeddable":true,"href":"https:\/\/dev.eunitecidos.pt\/es\/wp-json\/wp\/v2\/media\/23586"}],"wp:attachment":[{"href":"https:\/\/dev.eunitecidos.pt\/es\/wp-json\/wp\/v2\/media?parent=23590"}],"wp:term":[{"taxonomy":"product_brand","embeddable":true,"href":"https:\/\/dev.eunitecidos.pt\/es\/wp-json\/wp\/v2\/product_brand?post=23590"},{"taxonomy":"product_cat","embeddable":true,"href":"https:\/\/dev.eunitecidos.pt\/es\/wp-json\/wp\/v2\/product_cat?post=23590"},{"taxonomy":"product_tag","embeddable":true,"href":"https:\/\/dev.eunitecidos.pt\/es\/wp-json\/wp\/v2\/product_tag?post=23590"}],"curies":[{"name":"wp","href":"https:\/\/api.w.org\/{rel}","templated":true}]}}