
{"id":23591,"date":"2023-03-09T17:25:59","date_gmt":"2023-03-09T17:25:59","guid":{"rendered":"https:\/\/dev.eunitecidos.pt\/?post_type=product&#038;p=23591"},"modified":"2026-01-02T20:34:33","modified_gmt":"2026-01-02T20:34:33","slug":"turco-algodao-mel","status":"publish","type":"product","link":"https:\/\/dev.eunitecidos.pt\/es\/loja\/texteis\/turco-algodao-mel\/","title":{"rendered":"Algod\u00f3n turco | Miel"},"content":{"rendered":"<p>Algod\u00f3n turco | Miel<\/p>\n<p>100% Algod\u00f3n<\/p>\n<p>400 gramos<\/p>\n<p>Acabado turco en los laterales.<\/p>\n<p>1,50 Anchura<\/p>\n<p>Turco, ideal para toallas de ba\u00f1o y pa\u00f1os de cocina.<\/p>","protected":false},"excerpt":{"rendered":"<p>Rizo Algod\u00f3n | Miel 100% Algod\u00f3n 400 Gramos Rizo acabado en los laterales. Tejido de rizo de 1,50 de ancho ideal para toallas de ba\u00f1o y pa\u00f1os de cocina.<\/p>","protected":false},"featured_media":23589,"comment_status":"closed","ping_status":"closed","template":"","meta":{"_seopress_robots_primary_cat":"69","_seopress_titles_title":"Toalha de Banho 100% Algod\u00e3o: 400g, 1.50m - V\u00e1rios Cores!","_seopress_titles_desc":"Descubra o turco de mel 100% algod\u00e3o, com 1.50 metros de largura. Conforto e durabilidade para suas necessidades di\u00e1rias. Encomende j\u00e1!","_seopress_robots_index":""},"product_brand":[],"product_cat":[69,238,153],"product_tag":[315,910,585,2726],"class_list":{"0":"post-23591","1":"product","2":"type-product","3":"status-publish","4":"has-post-thumbnail","6":"product_cat-texteis","7":"product_cat-turco-algodao","8":"product_cat-turcos","9":"product_tag-100-algodao","10":"product_tag-mel","11":"product_tag-turco","12":"product_tag-turco-algodao","14":"first","15":"instock","16":"taxable","17":"shipping-taxable","18":"purchasable","19":"product-type-simple"},"_links":{"self":[{"href":"https:\/\/dev.eunitecidos.pt\/es\/wp-json\/wp\/v2\/product\/23591","targetHints":{"allow":["GET"]}}],"collection":[{"href":"https:\/\/dev.eunitecidos.pt\/es\/wp-json\/wp\/v2\/product"}],"about":[{"href":"https:\/\/dev.eunitecidos.pt\/es\/wp-json\/wp\/v2\/types\/product"}],"replies":[{"embeddable":true,"href":"https:\/\/dev.eunitecidos.pt\/es\/wp-json\/wp\/v2\/comments?post=23591"}],"wp:featuredmedia":[{"embeddable":true,"href":"https:\/\/dev.eunitecidos.pt\/es\/wp-json\/wp\/v2\/media\/23589"}],"wp:attachment":[{"href":"https:\/\/dev.eunitecidos.pt\/es\/wp-json\/wp\/v2\/media?parent=23591"}],"wp:term":[{"taxonomy":"product_brand","embeddable":true,"href":"https:\/\/dev.eunitecidos.pt\/es\/wp-json\/wp\/v2\/product_brand?post=23591"},{"taxonomy":"product_cat","embeddable":true,"href":"https:\/\/dev.eunitecidos.pt\/es\/wp-json\/wp\/v2\/product_cat?post=23591"},{"taxonomy":"product_tag","embeddable":true,"href":"https:\/\/dev.eunitecidos.pt\/es\/wp-json\/wp\/v2\/product_tag?post=23591"}],"curies":[{"name":"wp","href":"https:\/\/api.w.org\/{rel}","templated":true}]}}