
{"id":23682,"date":"2023-03-10T22:31:16","date_gmt":"2023-03-10T22:31:16","guid":{"rendered":"https:\/\/dev.eunitecidos.pt\/?post_type=product&#038;p=23682"},"modified":"2025-11-30T11:00:08","modified_gmt":"2025-11-30T11:00:08","slug":"tecido-loneta-estampado-mandalas-5","status":"publish","type":"product","link":"https:\/\/dev.eunitecidos.pt\/es\/loja\/texteis\/tecido-loneta-estampado-mandalas-5\/","title":{"rendered":"Tejido Loneta | Estampado | Mandalas"},"content":{"rendered":"<p>Tejido Loneta | Estampado | Mandalas<\/p>\n<p>Composici\u00f3n: 65% Algod\u00f3n 35% Poli\u00e9ster<\/p>\n<p>2,8 Anchura<\/p>","protected":false},"excerpt":{"rendered":"<p>Tecido Loneta |\u00a0 Estampado | Mandalas Composi\u00e7\u00e3o: 65% Algod\u00e3o 35% Poli\u00e9ster 2,8 Largura<\/p>","protected":false},"featured_media":23607,"comment_status":"closed","ping_status":"closed","template":"","meta":{"_seopress_robots_primary_cat":"69","_seopress_titles_title":"Tecido Loneta Estampado Mandalas - Composi\u00e7\u00e3o Algod\u00e3o Poli\u00e9ster","_seopress_titles_desc":"Descubra nossa loneta estampada com lindas mandalas. Composi\u00e7\u00e3o de 65% algod\u00e3o e 35% poli\u00e9ster. Largura de 2,8 metros. Renove sua decora\u00e7\u00e3o agora!","_seopress_robots_index":""},"product_brand":[],"product_cat":[244,242,159,69],"product_tag":[290,885,340,1707,845,989,2185,1758,469,1831,815],"class_list":{"0":"post-23682","1":"product","2":"type-product","3":"status-publish","4":"has-post-thumbnail","6":"product_cat-estampadas-lonetas","7":"product_cat-lonetas","8":"product_cat-tecidos-decoracao","9":"product_cat-texteis","10":"product_tag-algodao","11":"product_tag-cru","12":"product_tag-estampado","13":"product_tag-loneta","14":"product_tag-mandalas","15":"product_tag-petroleo","16":"product_tag-poliester","17":"product_tag-tecido-decoracao","18":"product_tag-verde-agua","19":"product_tag-verde-esmeralda","20":"product_tag-verde-lima","22":"first","23":"instock","24":"taxable","25":"shipping-taxable","26":"purchasable","27":"product-type-simple"},"_links":{"self":[{"href":"https:\/\/dev.eunitecidos.pt\/es\/wp-json\/wp\/v2\/product\/23682","targetHints":{"allow":["GET"]}}],"collection":[{"href":"https:\/\/dev.eunitecidos.pt\/es\/wp-json\/wp\/v2\/product"}],"about":[{"href":"https:\/\/dev.eunitecidos.pt\/es\/wp-json\/wp\/v2\/types\/product"}],"replies":[{"embeddable":true,"href":"https:\/\/dev.eunitecidos.pt\/es\/wp-json\/wp\/v2\/comments?post=23682"}],"wp:featuredmedia":[{"embeddable":true,"href":"https:\/\/dev.eunitecidos.pt\/es\/wp-json\/wp\/v2\/media\/23607"}],"wp:attachment":[{"href":"https:\/\/dev.eunitecidos.pt\/es\/wp-json\/wp\/v2\/media?parent=23682"}],"wp:term":[{"taxonomy":"product_brand","embeddable":true,"href":"https:\/\/dev.eunitecidos.pt\/es\/wp-json\/wp\/v2\/product_brand?post=23682"},{"taxonomy":"product_cat","embeddable":true,"href":"https:\/\/dev.eunitecidos.pt\/es\/wp-json\/wp\/v2\/product_cat?post=23682"},{"taxonomy":"product_tag","embeddable":true,"href":"https:\/\/dev.eunitecidos.pt\/es\/wp-json\/wp\/v2\/product_tag?post=23682"}],"curies":[{"name":"wp","href":"https:\/\/api.w.org\/{rel}","templated":true}]}}