
{"id":23840,"date":"2023-03-18T13:14:44","date_gmt":"2023-03-18T13:14:44","guid":{"rendered":"https:\/\/dev.eunitecidos.pt\/?post_type=product&#038;p=23840"},"modified":"2025-03-06T00:00:22","modified_gmt":"2025-03-06T00:00:22","slug":"tecidos-100-algodao-estampado-infantil-piratas-2","status":"publish","type":"product","link":"https:\/\/dev.eunitecidos.pt\/es\/loja\/texteis\/tecidos-100-algodao-estampado-infantil-piratas-2\/","title":{"rendered":"Telas 100% Algod\u00f3n | Estampado Infantil | Piratas"},"content":{"rendered":"<p>Telas 100% Algod\u00f3n | Estampado Infantil | Piratas<\/p>\n<p>100% Algod\u00f3n<\/p>\n<p>1,50 Anchura<\/p>\n<p>Certificado Oeko-Tex<\/p>","protected":false},"excerpt":{"rendered":"<p>Telas 100% Algod\u00f3n | Estampado Infantil | Piratas 100% Algod\u00f3n 1.50 Ancho Certificado Oeko-Tex<\/p>","protected":false},"featured_media":23788,"comment_status":"closed","ping_status":"closed","template":"","meta":{"_seopress_robots_primary_cat":"69","_seopress_titles_title":"Tecidos 100% Algod\u00e3o Estampado Infantil - Piratas Largura Certificada","_seopress_titles_desc":"Descubra os tecidos 100% algod\u00e3o certificados Oeko-Tex, perfeitos para estampado infantil com motivos divertidos de piratas. Confira j\u00e1!","_seopress_robots_index":""},"product_brand":[],"product_cat":[194,200,196,381,135,69],"product_tag":[315,443,895,1499,741,319,1321,351,1619,1995,1491,405,852,421,729,491,1712,990],"class_list":{"0":"post-23840","1":"product","2":"type-product","3":"status-publish","4":"has-post-thumbnail","6":"product_cat-algodao-organico","7":"product_cat-animais","8":"product_cat-estampados","9":"product_cat-infantis-tecido-100-algodao","10":"product_cat-tecido-100-algodao","11":"product_cat-texteis","12":"product_tag-100-algodao","13":"product_tag-algodao-organico","14":"product_tag-azul-ganga","15":"product_tag-baleias","16":"product_tag-barco","17":"product_tag-bege","18":"product_tag-caranguejo","19":"product_tag-cinza","20":"product_tag-estampado-infantil","21":"product_tag-fundo-branco","22":"product_tag-gato","23":"product_tag-mostarda","24":"product_tag-palmeiras","25":"product_tag-piratas","26":"product_tag-polvos","27":"product_tag-preto","28":"product_tag-tecido-algodao","29":"product_tag-terracota","31":"first","32":"instock","33":"taxable","34":"shipping-taxable","35":"purchasable","36":"product-type-simple"},"_links":{"self":[{"href":"https:\/\/dev.eunitecidos.pt\/es\/wp-json\/wp\/v2\/product\/23840","targetHints":{"allow":["GET"]}}],"collection":[{"href":"https:\/\/dev.eunitecidos.pt\/es\/wp-json\/wp\/v2\/product"}],"about":[{"href":"https:\/\/dev.eunitecidos.pt\/es\/wp-json\/wp\/v2\/types\/product"}],"replies":[{"embeddable":true,"href":"https:\/\/dev.eunitecidos.pt\/es\/wp-json\/wp\/v2\/comments?post=23840"}],"wp:featuredmedia":[{"embeddable":true,"href":"https:\/\/dev.eunitecidos.pt\/es\/wp-json\/wp\/v2\/media\/23788"}],"wp:attachment":[{"href":"https:\/\/dev.eunitecidos.pt\/es\/wp-json\/wp\/v2\/media?parent=23840"}],"wp:term":[{"taxonomy":"product_brand","embeddable":true,"href":"https:\/\/dev.eunitecidos.pt\/es\/wp-json\/wp\/v2\/product_brand?post=23840"},{"taxonomy":"product_cat","embeddable":true,"href":"https:\/\/dev.eunitecidos.pt\/es\/wp-json\/wp\/v2\/product_cat?post=23840"},{"taxonomy":"product_tag","embeddable":true,"href":"https:\/\/dev.eunitecidos.pt\/es\/wp-json\/wp\/v2\/product_tag?post=23840"}],"curies":[{"name":"wp","href":"https:\/\/api.w.org\/{rel}","templated":true}]}}