
{"id":23966,"date":"2023-03-18T20:05:56","date_gmt":"2023-03-18T20:05:56","guid":{"rendered":"https:\/\/dev.eunitecidos.pt\/?post_type=product&#038;p=23966"},"modified":"2025-08-13T18:01:51","modified_gmt":"2025-08-13T18:01:51","slug":"cambraia-lisa-azulao-33","status":"publish","type":"product","link":"https:\/\/dev.eunitecidos.pt\/es\/loja\/texteis\/cambraia-lisa-azulao-33\/","title":{"rendered":"Cambraia | Lisa | Azul\u00e3o (33)"},"content":{"rendered":"<p>Cambraia | Lisa | Azul\u00e3o (33)<\/p>\n<p>Composici\u00f3n 65% Algod\u00f3n 35% Poli\u00e9ster<\/p>\n<p>1,50 Anchura<\/p>","protected":false},"excerpt":{"rendered":"<p>Cambraia | Lisa | Azul\u00e3o (33) Composi\u00e7\u00e3o 65% Algod\u00e3o 35% Poli\u00e9ster 1,50 Largura<\/p>","protected":false},"featured_media":23893,"comment_status":"closed","ping_status":"closed","template":"","meta":{"_seopress_robots_primary_cat":"69","_seopress_titles_title":"Tecido Cambraia Lisa Azul\u00e3o 1,50 Largura Composi\u00e7\u00e3o 65% Algod\u00e3o 35% Poli\u00e9ster","_seopress_titles_desc":"Descubra a eleg\u00e2ncia da Cambraia Lisa Azul\u00e3o, com 1,50m de largura e uma composi\u00e7\u00e3o perfeita de 65% algod\u00e3o e 35% poli\u00e9ster. Encomende j\u00e1!","_seopress_robots_index":""},"product_brand":[],"product_cat":[142,219,69],"product_tag":[290,884,582,1638,2185],"class_list":{"0":"post-23966","1":"product","2":"type-product","3":"status-publish","4":"has-post-thumbnail","6":"product_cat-cambraias","7":"product_cat-lisas-cambraias","8":"product_cat-texteis","9":"product_tag-algodao","10":"product_tag-azulao","11":"product_tag-cambraia","12":"product_tag-lisa","13":"product_tag-poliester","15":"first","16":"instock","17":"taxable","18":"shipping-taxable","19":"purchasable","20":"product-type-simple"},"_links":{"self":[{"href":"https:\/\/dev.eunitecidos.pt\/es\/wp-json\/wp\/v2\/product\/23966","targetHints":{"allow":["GET"]}}],"collection":[{"href":"https:\/\/dev.eunitecidos.pt\/es\/wp-json\/wp\/v2\/product"}],"about":[{"href":"https:\/\/dev.eunitecidos.pt\/es\/wp-json\/wp\/v2\/types\/product"}],"replies":[{"embeddable":true,"href":"https:\/\/dev.eunitecidos.pt\/es\/wp-json\/wp\/v2\/comments?post=23966"}],"wp:featuredmedia":[{"embeddable":true,"href":"https:\/\/dev.eunitecidos.pt\/es\/wp-json\/wp\/v2\/media\/23893"}],"wp:attachment":[{"href":"https:\/\/dev.eunitecidos.pt\/es\/wp-json\/wp\/v2\/media?parent=23966"}],"wp:term":[{"taxonomy":"product_brand","embeddable":true,"href":"https:\/\/dev.eunitecidos.pt\/es\/wp-json\/wp\/v2\/product_brand?post=23966"},{"taxonomy":"product_cat","embeddable":true,"href":"https:\/\/dev.eunitecidos.pt\/es\/wp-json\/wp\/v2\/product_cat?post=23966"},{"taxonomy":"product_tag","embeddable":true,"href":"https:\/\/dev.eunitecidos.pt\/es\/wp-json\/wp\/v2\/product_tag?post=23966"}],"curies":[{"name":"wp","href":"https:\/\/api.w.org\/{rel}","templated":true}]}}