
{"id":24291,"date":"2023-03-29T11:04:43","date_gmt":"2023-03-29T11:04:43","guid":{"rendered":"https:\/\/dev.eunitecidos.pt\/?post_type=product&#038;p=24291"},"modified":"2025-09-08T12:19:23","modified_gmt":"2025-09-08T12:19:23","slug":"tecidos-100-algodao-estampado-infantil-navegador-colecao-trip","status":"publish","type":"product","link":"https:\/\/dev.eunitecidos.pt\/es\/loja\/texteis\/tecidos-100-algodao-estampado-infantil-navegador-colecao-trip\/","title":{"rendered":"Telas 100% Algod\u00f3n | Estampado Ni\u00f1os | Navigator | Colecci\u00f3n Trip"},"content":{"rendered":"<p>Telas 100% Algod\u00f3n | Estampado Ni\u00f1os | Navigator | Colecci\u00f3n Trip<\/p>\n<p>100% Algod\u00f3n<\/p>\n<p>1,50 Anchura<\/p>\n<p>Certificado Oeko-Tex<\/p>","protected":false},"excerpt":{"rendered":"<p>Telas 100% Algod\u00f3n | Estampado Ni\u00f1os | Navigator | Colecci\u00f3n Trip 100% Algod\u00f3n 1.50 Ancho Certificado Oeko-Tex<\/p>","protected":false},"featured_media":24056,"comment_status":"closed","ping_status":"closed","template":"","meta":{"_seopress_robots_primary_cat":"69","_seopress_titles_title":"Tecidos 100% Algod\u00e3o Estampado Infantil | Cole\u00e7\u00e3o Trip 100% Algod\u00e3o","_seopress_titles_desc":"Navegue pelos tecidos 100% Algod\u00e3o com certificado Oeko-Tex de largura 1.50m. Conhe\u00e7a a qualidade e variedade aqui!","_seopress_robots_index":""},"product_brand":[],"product_cat":[194,196,381,135,69],"product_tag":[315,443,307,1320,2747,1628,1619,1896,424,893,2749,1968,2490,90,320,1712,549,469],"class_list":{"0":"post-24291","1":"product","2":"type-product","3":"status-publish","4":"has-post-thumbnail","6":"product_cat-algodao-organico","7":"product_cat-estampados","8":"product_cat-infantis-tecido-100-algodao","9":"product_cat-tecido-100-algodao","10":"product_cat-texteis","11":"product_tag-100-algodao","12":"product_tag-algodao-organico","13":"product_tag-amarelo","14":"product_tag-barcos","15":"product_tag-colecao-trip","16":"product_tag-crocodilo","17":"product_tag-estampado-infantil","18":"product_tag-farol","19":"product_tag-laranja","20":"product_tag-menta","21":"product_tag-navegador","22":"product_tag-porco","23":"product_tag-raposa","24":"product_tag-riscas","25":"product_tag-rosa","26":"product_tag-tecido-algodao","27":"product_tag-urso","28":"product_tag-verde-agua","30":"first","31":"instock","32":"taxable","33":"shipping-taxable","34":"purchasable","35":"product-type-simple"},"_links":{"self":[{"href":"https:\/\/dev.eunitecidos.pt\/es\/wp-json\/wp\/v2\/product\/24291","targetHints":{"allow":["GET"]}}],"collection":[{"href":"https:\/\/dev.eunitecidos.pt\/es\/wp-json\/wp\/v2\/product"}],"about":[{"href":"https:\/\/dev.eunitecidos.pt\/es\/wp-json\/wp\/v2\/types\/product"}],"replies":[{"embeddable":true,"href":"https:\/\/dev.eunitecidos.pt\/es\/wp-json\/wp\/v2\/comments?post=24291"}],"wp:featuredmedia":[{"embeddable":true,"href":"https:\/\/dev.eunitecidos.pt\/es\/wp-json\/wp\/v2\/media\/24056"}],"wp:attachment":[{"href":"https:\/\/dev.eunitecidos.pt\/es\/wp-json\/wp\/v2\/media?parent=24291"}],"wp:term":[{"taxonomy":"product_brand","embeddable":true,"href":"https:\/\/dev.eunitecidos.pt\/es\/wp-json\/wp\/v2\/product_brand?post=24291"},{"taxonomy":"product_cat","embeddable":true,"href":"https:\/\/dev.eunitecidos.pt\/es\/wp-json\/wp\/v2\/product_cat?post=24291"},{"taxonomy":"product_tag","embeddable":true,"href":"https:\/\/dev.eunitecidos.pt\/es\/wp-json\/wp\/v2\/product_tag?post=24291"}],"curies":[{"name":"wp","href":"https:\/\/api.w.org\/{rel}","templated":true}]}}