
{"id":24402,"date":"2023-04-15T17:11:57","date_gmt":"2023-04-15T17:11:57","guid":{"rendered":"https:\/\/dev.eunitecidos.pt\/?post_type=product&#038;p=24402"},"modified":"2025-01-18T16:37:17","modified_gmt":"2025-01-18T16:37:17","slug":"tecidos-100-algodao-estampado-floral-4","status":"publish","type":"product","link":"https:\/\/dev.eunitecidos.pt\/es\/loja\/texteis\/tecidos-100-algodao-estampado-floral-4\/","title":{"rendered":"Tejidos 100% Algod\u00f3n | Estampado | Floral"},"content":{"rendered":"<p>Tejidos 100% Algod\u00f3n | Estampado | Floral<\/p>\n<p>100% Algod\u00f3n<\/p>\n<p>1,50 Anchura<\/p>\n<p>Certificado Oeko-Tex<\/p>","protected":false},"excerpt":{"rendered":"<p>Tejidos 100% Algod\u00f3n | Estampado | Floral 100% Algod\u00f3n 1.50 Ancho Certificado Oeko-Tex<\/p>","protected":false},"featured_media":24140,"comment_status":"closed","ping_status":"closed","template":"","meta":{"_seopress_robots_primary_cat":"69","_seopress_titles_title":"Tecidos Algod\u00e3o Estampado Floral 1.50 Largura Oeko-Tex Certificado","_seopress_titles_desc":"Descubra tecidos de alta qualidade 100% algod\u00e3o com padr\u00f5es florais estampados. Ideal para costura e decora\u00e7\u00e3o. Dispon\u00edvel em 1.50 de largura.","_seopress_robots_index":""},"product_brand":[],"product_cat":[194,360,197,135,69],"product_tag":[315,443,340,1798,86,1939,428,2018,1712,750],"class_list":{"0":"post-24402","1":"product","2":"type-product","3":"status-publish","4":"has-post-thumbnail","6":"product_cat-algodao-organico","7":"product_cat-estampados-tecido-100-algodao","8":"product_cat-florais-tropicais","9":"product_cat-tecido-100-algodao","10":"product_cat-texteis","11":"product_tag-100-algodao","12":"product_tag-algodao-organico","13":"product_tag-estampado","14":"product_tag-floral","15":"product_tag-flores","16":"product_tag-fundo-rosa","17":"product_tag-lilas","18":"product_tag-rosa-fucsia","19":"product_tag-tecido-algodao","20":"product_tag-verde-seco","22":"first","23":"instock","24":"taxable","25":"shipping-taxable","26":"purchasable","27":"product-type-simple"},"_links":{"self":[{"href":"https:\/\/dev.eunitecidos.pt\/es\/wp-json\/wp\/v2\/product\/24402","targetHints":{"allow":["GET"]}}],"collection":[{"href":"https:\/\/dev.eunitecidos.pt\/es\/wp-json\/wp\/v2\/product"}],"about":[{"href":"https:\/\/dev.eunitecidos.pt\/es\/wp-json\/wp\/v2\/types\/product"}],"replies":[{"embeddable":true,"href":"https:\/\/dev.eunitecidos.pt\/es\/wp-json\/wp\/v2\/comments?post=24402"}],"wp:featuredmedia":[{"embeddable":true,"href":"https:\/\/dev.eunitecidos.pt\/es\/wp-json\/wp\/v2\/media\/24140"}],"wp:attachment":[{"href":"https:\/\/dev.eunitecidos.pt\/es\/wp-json\/wp\/v2\/media?parent=24402"}],"wp:term":[{"taxonomy":"product_brand","embeddable":true,"href":"https:\/\/dev.eunitecidos.pt\/es\/wp-json\/wp\/v2\/product_brand?post=24402"},{"taxonomy":"product_cat","embeddable":true,"href":"https:\/\/dev.eunitecidos.pt\/es\/wp-json\/wp\/v2\/product_cat?post=24402"},{"taxonomy":"product_tag","embeddable":true,"href":"https:\/\/dev.eunitecidos.pt\/es\/wp-json\/wp\/v2\/product_tag?post=24402"}],"curies":[{"name":"wp","href":"https:\/\/api.w.org\/{rel}","templated":true}]}}