
{"id":2460,"date":"2021-06-20T20:40:00","date_gmt":"2021-06-20T20:40:00","guid":{"rendered":"https:\/\/dev.eunitecidos.pt\/?post_type=product&#038;p=2460"},"modified":"2021-08-24T21:46:42","modified_gmt":"2021-08-24T21:46:42","slug":"lycras-estampadas-basicos-3","status":"publish","type":"product","link":"https:\/\/dev.eunitecidos.pt\/es\/loja\/cores\/lycras-estampadas-basicos-3\/","title":{"rendered":"Lycras | Impreso | B\u00e1sico"},"content":{"rendered":"<p>Lycras | Impreso | B\u00e1sico<\/p>\n<p>80% Poliamida<\/p>\n<p>20% Elastano<\/p>\n<p>Anchura 1,50 cm<\/p>\n<p>260 Gr\/m<\/p>\n<p>Lycras para bikinis, ba\u00f1adores, ropa deportiva, faldas, danza, patinaje art\u00edstico<\/p>\n<p>&nbsp;<\/p>\n<p>&nbsp;<\/p>\n<p>&nbsp;<\/p>\n<p>&nbsp;<\/p>","protected":false},"excerpt":{"rendered":"<p>Lycras | Impreso | B\u00e1sico<\/p>\n<p>80% Poliamida<\/p>\n<p>20% Elastano<\/p>\n<p>Anchura 1,50 cm<\/p>\n<p>260 Gr\/m<\/p>\n<p>Lycras para bikinis, ba\u00f1adores, ropa deportiva, faldas, danza, patinaje art\u00edstico<\/p>","protected":false},"featured_media":2433,"comment_status":"open","ping_status":"closed","template":"","meta":{"_seopress_robots_primary_cat":"122","_seopress_titles_title":"Lycras Estampadas | B\u00e1sicos 80% Poliamida 20% Elastano","_seopress_titles_desc":"Descubra a nossa variedade de Lycras estampadas e b\u00e1sicas com 80% de Poliamida e 20% de Elastano. Ideais para biqu\u00ednis, fatos de banho, roupa desportiva e muito mais!","_seopress_robots_index":""},"product_brand":[],"product_cat":[122,241,154,127,69,125],"product_tag":[841,844,705,842,840,304,100,491,843,456,102,746],"class_list":{"0":"post-2460","1":"product","2":"type-product","3":"status-publish","4":"has-post-thumbnail","6":"product_cat-cores","7":"product_cat-estampadas-lycras","8":"product_cat-lycras","9":"product_cat-preto","10":"product_cat-texteis","11":"product_cat-verde","12":"product_tag-biquinis","13":"product_tag-dancas","14":"product_tag-estampadas","15":"product_tag-fato-de-banho","16":"product_tag-lycras","17":"product_tag-menina","18":"product_tag-praia","19":"product_tag-preto","20":"product_tag-saias","21":"product_tag-verao","22":"product_tag-verde","23":"product_tag-vestidos","25":"first","26":"instock","27":"taxable","28":"shipping-taxable","29":"purchasable","30":"product-type-simple"},"_links":{"self":[{"href":"https:\/\/dev.eunitecidos.pt\/es\/wp-json\/wp\/v2\/product\/2460","targetHints":{"allow":["GET"]}}],"collection":[{"href":"https:\/\/dev.eunitecidos.pt\/es\/wp-json\/wp\/v2\/product"}],"about":[{"href":"https:\/\/dev.eunitecidos.pt\/es\/wp-json\/wp\/v2\/types\/product"}],"replies":[{"embeddable":true,"href":"https:\/\/dev.eunitecidos.pt\/es\/wp-json\/wp\/v2\/comments?post=2460"}],"wp:featuredmedia":[{"embeddable":true,"href":"https:\/\/dev.eunitecidos.pt\/es\/wp-json\/wp\/v2\/media\/2433"}],"wp:attachment":[{"href":"https:\/\/dev.eunitecidos.pt\/es\/wp-json\/wp\/v2\/media?parent=2460"}],"wp:term":[{"taxonomy":"product_brand","embeddable":true,"href":"https:\/\/dev.eunitecidos.pt\/es\/wp-json\/wp\/v2\/product_brand?post=2460"},{"taxonomy":"product_cat","embeddable":true,"href":"https:\/\/dev.eunitecidos.pt\/es\/wp-json\/wp\/v2\/product_cat?post=2460"},{"taxonomy":"product_tag","embeddable":true,"href":"https:\/\/dev.eunitecidos.pt\/es\/wp-json\/wp\/v2\/product_tag?post=2460"}],"curies":[{"name":"wp","href":"https:\/\/api.w.org\/{rel}","templated":true}]}}