
{"id":24699,"date":"2023-04-13T18:28:43","date_gmt":"2023-04-13T18:28:43","guid":{"rendered":"https:\/\/dev.eunitecidos.pt\/?post_type=product&#038;p=24699"},"modified":"2025-01-21T15:47:24","modified_gmt":"2025-01-21T15:47:24","slug":"fustao-piquet-100-algodao-basicos-fundo-bege-bolas-brancas","status":"publish","type":"product","link":"https:\/\/dev.eunitecidos.pt\/es\/loja\/texteis\/fustao-piquet-100-algodao-basicos-fundo-bege-bolas-brancas\/","title":{"rendered":"Fustan | Piquet | 100% Algod\u00f3n | B\u00e1sico | Fondo Beige Bolas Blancas"},"content":{"rendered":"<p>Fustan | Piquet | 100% Algod\u00f3n | B\u00e1sico | Fondo Beige Bolas Blancas<\/p>\n<p>100% Tejido de algod\u00f3n, suave, liso y c\u00f3modo.<\/p>\n<p>Muy utilizado en manualidades infantiles, especialmente art\u00edculos de maternidad.<\/p>\n<p>Certificado OEKO-TEX<\/p>\n<p>1,50 mt Anchura<\/p>","protected":false},"excerpt":{"rendered":"<p>Fust\u00e3o | Piquet | 100% Algod\u00e3o | B\u00e1sicos | Fundo Bege Bolas Brancas Tecido 100% Algod\u00e3o, macio, suave e confort\u00e1vel. Muito utilizado em artesanato infantil, principalmente em artigos de maternidade. Certificado OEKO-TEX 1,50mt Largura<\/p>","protected":false},"featured_media":24628,"comment_status":"closed","ping_status":"closed","template":"","meta":{"_seopress_robots_primary_cat":"69","_seopress_titles_title":"Fust\u00e3o 100% Algod\u00e3o | Fundo Bege | B\u00e1sicos | Certificado OEKO-TEX","_seopress_titles_desc":"Descubra o tecido 100% algod\u00e3o macio e confort\u00e1vel, ideal para artesanato infantil e artigos de maternidade. Garanta j\u00e1 o seu!","_seopress_robots_index":""},"product_brand":[],"product_cat":[194,208,205,202,135,69],"product_tag":[315,443,419,1999,329,340,2001,312,313,1712],"class_list":{"0":"post-24699","1":"product","2":"type-product","3":"status-publish","4":"has-post-thumbnail","6":"product_cat-algodao-organico","7":"product_cat-estampados-piquet-fustao","8":"product_cat-pintas-piquet-fustao","9":"product_cat-piquet-fustao","10":"product_cat-tecido-100-algodao","11":"product_cat-texteis","12":"product_tag-100-algodao","13":"product_tag-algodao-organico","14":"product_tag-basico","15":"product_tag-bola-branca","16":"product_tag-bolas-e-bolinhas","17":"product_tag-estampado","18":"product_tag-fundo-bege","19":"product_tag-fustao","20":"product_tag-piquet","21":"product_tag-tecido-algodao","23":"first","24":"instock","25":"taxable","26":"shipping-taxable","27":"purchasable","28":"product-type-simple"},"_links":{"self":[{"href":"https:\/\/dev.eunitecidos.pt\/es\/wp-json\/wp\/v2\/product\/24699","targetHints":{"allow":["GET"]}}],"collection":[{"href":"https:\/\/dev.eunitecidos.pt\/es\/wp-json\/wp\/v2\/product"}],"about":[{"href":"https:\/\/dev.eunitecidos.pt\/es\/wp-json\/wp\/v2\/types\/product"}],"replies":[{"embeddable":true,"href":"https:\/\/dev.eunitecidos.pt\/es\/wp-json\/wp\/v2\/comments?post=24699"}],"wp:featuredmedia":[{"embeddable":true,"href":"https:\/\/dev.eunitecidos.pt\/es\/wp-json\/wp\/v2\/media\/24628"}],"wp:attachment":[{"href":"https:\/\/dev.eunitecidos.pt\/es\/wp-json\/wp\/v2\/media?parent=24699"}],"wp:term":[{"taxonomy":"product_brand","embeddable":true,"href":"https:\/\/dev.eunitecidos.pt\/es\/wp-json\/wp\/v2\/product_brand?post=24699"},{"taxonomy":"product_cat","embeddable":true,"href":"https:\/\/dev.eunitecidos.pt\/es\/wp-json\/wp\/v2\/product_cat?post=24699"},{"taxonomy":"product_tag","embeddable":true,"href":"https:\/\/dev.eunitecidos.pt\/es\/wp-json\/wp\/v2\/product_tag?post=24699"}],"curies":[{"name":"wp","href":"https:\/\/api.w.org\/{rel}","templated":true}]}}