
{"id":25168,"date":"2023-05-12T13:35:51","date_gmt":"2023-05-12T13:35:51","guid":{"rendered":"https:\/\/dev.eunitecidos.pt\/?post_type=product&#038;p=25168"},"modified":"2024-04-09T12:51:11","modified_gmt":"2024-04-09T12:51:11","slug":"tecidos-100-algodao-estampado-vitral-2","status":"publish","type":"product","link":"https:\/\/dev.eunitecidos.pt\/es\/loja\/texteis\/tecidos-100-algodao-estampado-vitral-2\/","title":{"rendered":"Tejidos 100% Algod\u00f3n | Estampado | Vitral"},"content":{"rendered":"<p>Tejidos 100% Algod\u00f3n | Estampado | Vitral<\/p>\n<p>100% Algod\u00f3n<\/p>\n<p>1,50 Anchura<\/p>\n<p>Certificado Oeko-Tex<\/p>","protected":false},"excerpt":{"rendered":"<p>Tejidos 100% Algod\u00f3n | Estampado | Vitral 100% Algod\u00f3n 1.50 Ancho Certificado Oeko-Tex<\/p>","protected":false},"featured_media":24822,"comment_status":"closed","ping_status":"closed","template":"","meta":{"_seopress_robots_primary_cat":"69","_seopress_titles_title":"Tecidos 100% Algod\u00e3o Estampado Vitral | Certificado Oeko-Tex","_seopress_titles_desc":"Descubra os nossos tecidos 100% Algod\u00e3o estampados com certificado Oeko-Tex. Aproveite a largura de 1.50 para criar pe\u00e7as \u00fanicas e de qualidade!","_seopress_robots_index":""},"product_brand":[],"product_cat":[194,360,135,69],"product_tag":[315,443,319,340,1995,428,925,427,1712,469,882,1472,2783],"class_list":{"0":"post-25168","1":"product","2":"type-product","3":"status-publish","4":"has-post-thumbnail","6":"product_cat-algodao-organico","7":"product_cat-estampados-tecido-100-algodao","8":"product_cat-tecido-100-algodao","9":"product_cat-texteis","10":"product_tag-100-algodao","11":"product_tag-algodao-organico","12":"product_tag-bege","13":"product_tag-estampado","14":"product_tag-fundo-branco","15":"product_tag-lilas","16":"product_tag-magenta","17":"product_tag-roxo","18":"product_tag-tecido-algodao","19":"product_tag-verde-agua","20":"product_tag-verde-alface","21":"product_tag-verde-escuro","22":"product_tag-vital","24":"first","25":"instock","26":"taxable","27":"shipping-taxable","28":"purchasable","29":"product-type-simple"},"_links":{"self":[{"href":"https:\/\/dev.eunitecidos.pt\/es\/wp-json\/wp\/v2\/product\/25168","targetHints":{"allow":["GET"]}}],"collection":[{"href":"https:\/\/dev.eunitecidos.pt\/es\/wp-json\/wp\/v2\/product"}],"about":[{"href":"https:\/\/dev.eunitecidos.pt\/es\/wp-json\/wp\/v2\/types\/product"}],"replies":[{"embeddable":true,"href":"https:\/\/dev.eunitecidos.pt\/es\/wp-json\/wp\/v2\/comments?post=25168"}],"wp:featuredmedia":[{"embeddable":true,"href":"https:\/\/dev.eunitecidos.pt\/es\/wp-json\/wp\/v2\/media\/24822"}],"wp:attachment":[{"href":"https:\/\/dev.eunitecidos.pt\/es\/wp-json\/wp\/v2\/media?parent=25168"}],"wp:term":[{"taxonomy":"product_brand","embeddable":true,"href":"https:\/\/dev.eunitecidos.pt\/es\/wp-json\/wp\/v2\/product_brand?post=25168"},{"taxonomy":"product_cat","embeddable":true,"href":"https:\/\/dev.eunitecidos.pt\/es\/wp-json\/wp\/v2\/product_cat?post=25168"},{"taxonomy":"product_tag","embeddable":true,"href":"https:\/\/dev.eunitecidos.pt\/es\/wp-json\/wp\/v2\/product_tag?post=25168"}],"curies":[{"name":"wp","href":"https:\/\/api.w.org\/{rel}","templated":true}]}}