
{"id":26803,"date":"2023-06-28T14:51:32","date_gmt":"2023-06-28T14:51:32","guid":{"rendered":"https:\/\/dev.eunitecidos.pt\/?post_type=product&#038;p=26803"},"modified":"2024-04-09T12:51:15","modified_gmt":"2024-04-09T12:51:15","slug":"tecido-loneta-estampado-buzios","status":"publish","type":"product","link":"https:\/\/dev.eunitecidos.pt\/es\/loja\/texteis\/tecido-loneta-estampado-buzios\/","title":{"rendered":"Tejido Loneta | Estampado | B\u00fazios"},"content":{"rendered":"<p>Tejido Loneta | Estampado | B\u00fazios<\/p>\n<p>Composici\u00f3n: 65% Algod\u00f3n 35% Poli\u00e9ster<\/p>\n<p>2,8 Anchura<\/p>","protected":false},"excerpt":{"rendered":"<p>Tecido Loneta |\u00a0 Estampado | B\u00fazios Composi\u00e7\u00e3o: 65% Algod\u00e3o 35% Poli\u00e9ster 2,8 Largura<\/p>","protected":false},"featured_media":26780,"comment_status":"closed","ping_status":"closed","template":"","meta":{"_seopress_robots_primary_cat":"69","_seopress_titles_title":"Tecido Loneta Estampado | B\u00fazios Algod\u00e3o Poli\u00e9ster 2,8 Largura","_seopress_titles_desc":"Descubra a loneta estampada de alta qualidade com composi\u00e7\u00e3o de algod\u00e3o e poli\u00e9ster. Ideal para projetos de costura e decora\u00e7\u00e3o. Confira a largura de 2,8 metros!","_seopress_robots_index":""},"product_brand":[],"product_cat":[244,242,159,69],"product_tag":[290,307,298,319,739,516,351,2040,1707,2185,1758,2883],"class_list":{"0":"post-26803","1":"product","2":"type-product","3":"status-publish","4":"has-post-thumbnail","6":"product_cat-estampadas-lonetas","7":"product_cat-lonetas","8":"product_cat-tecidos-decoracao","9":"product_cat-texteis","10":"product_tag-algodao","11":"product_tag-amarelo","12":"product_tag-azul","13":"product_tag-bege","14":"product_tag-buzios","15":"product_tag-castanho","16":"product_tag-cinza","17":"product_tag-conchas","18":"product_tag-loneta","19":"product_tag-poliester","20":"product_tag-tecido-decoracao","21":"product_tag-verao-praia","23":"first","24":"instock","25":"taxable","26":"shipping-taxable","27":"purchasable","28":"product-type-simple"},"_links":{"self":[{"href":"https:\/\/dev.eunitecidos.pt\/es\/wp-json\/wp\/v2\/product\/26803","targetHints":{"allow":["GET"]}}],"collection":[{"href":"https:\/\/dev.eunitecidos.pt\/es\/wp-json\/wp\/v2\/product"}],"about":[{"href":"https:\/\/dev.eunitecidos.pt\/es\/wp-json\/wp\/v2\/types\/product"}],"replies":[{"embeddable":true,"href":"https:\/\/dev.eunitecidos.pt\/es\/wp-json\/wp\/v2\/comments?post=26803"}],"wp:featuredmedia":[{"embeddable":true,"href":"https:\/\/dev.eunitecidos.pt\/es\/wp-json\/wp\/v2\/media\/26780"}],"wp:attachment":[{"href":"https:\/\/dev.eunitecidos.pt\/es\/wp-json\/wp\/v2\/media?parent=26803"}],"wp:term":[{"taxonomy":"product_brand","embeddable":true,"href":"https:\/\/dev.eunitecidos.pt\/es\/wp-json\/wp\/v2\/product_brand?post=26803"},{"taxonomy":"product_cat","embeddable":true,"href":"https:\/\/dev.eunitecidos.pt\/es\/wp-json\/wp\/v2\/product_cat?post=26803"},{"taxonomy":"product_tag","embeddable":true,"href":"https:\/\/dev.eunitecidos.pt\/es\/wp-json\/wp\/v2\/product_tag?post=26803"}],"curies":[{"name":"wp","href":"https:\/\/api.w.org\/{rel}","templated":true}]}}