
{"id":26930,"date":"2023-06-28T14:57:44","date_gmt":"2023-06-28T14:57:44","guid":{"rendered":"https:\/\/dev.eunitecidos.pt\/?post_type=product&#038;p=26930"},"modified":"2025-07-15T13:18:51","modified_gmt":"2025-07-15T13:18:51","slug":"tecidos-resinados-estampado-farol","status":"publish","type":"product","link":"https:\/\/dev.eunitecidos.pt\/es\/loja\/plastificados\/tecidos-resinados-estampado-farol\/","title":{"rendered":"Tejidos de resina | Estampados | Lighthouse"},"content":{"rendered":"<p>Tejidos de resina | Estampados | Lighthouse<\/p>\n<p>1,40 Anchura<\/p>\n<p>Tejidos impermeables, ideales para el exterior, tejidos resistentes, no se calientan con el sol.<\/p>\n<p>Tejidos suaves y c\u00f3modos al tacto.<\/p>","protected":false},"excerpt":{"rendered":"<p>Tecidos Resinados | Estampado | Farol 1.40 Largura Tecidos Imperme\u00e1veis, \u00f3timos para exterior, tecidos resistentes, n\u00e3o aquecem com o Sol. Tecidos Male\u00e1veis e confort\u00e1veis ao toque com a pele.<\/p>","protected":false},"featured_media":26927,"comment_status":"closed","ping_status":"closed","template":"","meta":{"_seopress_robots_primary_cat":"92","_seopress_titles_title":"Tecidos Resinados | Estampado | Farol 1.40 Largura","_seopress_titles_desc":"Descubra tecidos imperme\u00e1veis e resistentes para exterior. Male\u00e1veis e confort\u00e1veis, n\u00e3o aquecem com o sol. Ideal para diversos projetos.","_seopress_robots_index":""},"product_brand":[],"product_cat":[256,92,163],"product_tag":[1320,739,1822,2040,340,1896,2118,2428,1788,784,2883],"class_list":{"0":"post-26930","1":"product","2":"type-product","3":"status-publish","4":"has-post-thumbnail","6":"product_cat-estampados-resinados","7":"product_cat-plastificados","8":"product_cat-resinados","9":"product_tag-barcos","10":"product_tag-buzios","11":"product_tag-casas","12":"product_tag-conchas","13":"product_tag-estampado","14":"product_tag-farol","15":"product_tag-fundo-cru","16":"product_tag-rosa-dos-ventos","17":"product_tag-tecido-impermeavel","18":"product_tag-tecidos-resinados","19":"product_tag-verao-praia","21":"first","22":"instock","23":"taxable","24":"shipping-taxable","25":"purchasable","26":"product-type-simple"},"_links":{"self":[{"href":"https:\/\/dev.eunitecidos.pt\/es\/wp-json\/wp\/v2\/product\/26930","targetHints":{"allow":["GET"]}}],"collection":[{"href":"https:\/\/dev.eunitecidos.pt\/es\/wp-json\/wp\/v2\/product"}],"about":[{"href":"https:\/\/dev.eunitecidos.pt\/es\/wp-json\/wp\/v2\/types\/product"}],"replies":[{"embeddable":true,"href":"https:\/\/dev.eunitecidos.pt\/es\/wp-json\/wp\/v2\/comments?post=26930"}],"wp:featuredmedia":[{"embeddable":true,"href":"https:\/\/dev.eunitecidos.pt\/es\/wp-json\/wp\/v2\/media\/26927"}],"wp:attachment":[{"href":"https:\/\/dev.eunitecidos.pt\/es\/wp-json\/wp\/v2\/media?parent=26930"}],"wp:term":[{"taxonomy":"product_brand","embeddable":true,"href":"https:\/\/dev.eunitecidos.pt\/es\/wp-json\/wp\/v2\/product_brand?post=26930"},{"taxonomy":"product_cat","embeddable":true,"href":"https:\/\/dev.eunitecidos.pt\/es\/wp-json\/wp\/v2\/product_cat?post=26930"},{"taxonomy":"product_tag","embeddable":true,"href":"https:\/\/dev.eunitecidos.pt\/es\/wp-json\/wp\/v2\/product_tag?post=26930"}],"curies":[{"name":"wp","href":"https:\/\/api.w.org\/{rel}","templated":true}]}}